{"id":280231,"date":"2024-05-04T00:32:18","date_gmt":"2025-06-23T07:44:06","guid":{"rendered":"https:\/\/www.huntersfriend.eu\/product\/warthog-v-sharp-a4-messerschaerfer\/"},"modified":"2026-02-25T10:37:00","modified_gmt":"2026-02-25T08:37:00","slug":"warthog-v-sharp-a4-messerschaerfer","status":"publish","type":"product","link":"https:\/\/www.huntersfriend.eu\/de\/produkt\/warthog-v-sharp-a4-messerschaerfer\/","title":{"rendered":"Warthog v-Sharp A4 Messersch\u00e4rfer"},"content":{"rendered":"<p><strong>VSharp A4 Merkmale:<\/strong><\/p>\n<ul>\n<li>Bahnbrechender 15-Grad-Winkel f\u00fcr hochwertige Spezialmesser.<\/li>\n<li>Patentiertes V-Sharp-System f\u00fcr pr\u00e4zise Winkeleinstellungen.<\/li>\n<li>Wird mit hochwertiger Gummibasis geliefert<\/li>\n<li>4 einstellbare Winkel: 15-20-25-30 Grad.<\/li>\n<li>325 Korn Naturdiamant-Schleifsteine mit Abziehst\u00e4hlen inklusive.<\/li>\n<li>Metallrahmenkonstruktion.<\/li>\n<li>Langlebige Pulverbeschichtung.<\/li>\n<li>Zus\u00e4tzliche 270, 325, 600, 1000 Korn und Keramik-Schleifsteine erh\u00e4ltlich.<\/li>\n<\/ul>\n<p>Jeder hat schon einmal die Probleme erlebt, die durch die Verwendung stumpfer Messer entstehen. Der brandneue <strong>VSharp A4<\/strong> ist Ihre L\u00f6sung. Er verwendet zwei hochwertige 325-Korn-Diamantschleifsteine, die beide Seiten der Klinge gleichzeitig sch\u00e4rfen. Der A4 nutzt das patentierte V-Sharp-System mit Winkeleinstellungen von 15, 20, 25 und 30 Grad, um praktisch jedes Messer zu sch\u00e4rfen. Er ist der perfekte Diamant-Messersch\u00e4rfer f\u00fcr den Hausgebrauch, K\u00f6che, Fischer und J\u00e4ger. Verwenden Sie ihn mit unseren Keramikschleifsteinen, um gezahnte Klingen m\u00fchelos zu sch\u00e4rfen! Der A4 Messersch\u00e4rfer ist einfach zu bedienen, schnell und pr\u00e4zise. Mit Warthog Sch\u00e4rfern kann fast jeder ein stumpfes Messer sch\u00e4rfen.       <\/p>\n","protected":false},"excerpt":{"rendered":"<p>Anthrazit<\/p>\n","protected":false},"featured_media":268692,"comment_status":"open","ping_status":"closed","template":"","meta":[],"product_brand":[],"product_cat":[2610,866],"product_tag":[],"class_list":{"0":"post-280231","1":"product","2":"type-product","3":"status-publish","4":"has-post-thumbnail","6":"product_cat-knivar-yxor-och-slipar","7":"product_cat-knives-axes-and-sharpeners","9":"first","10":"instock","11":"taxable","12":"shipping-taxable","13":"purchasable","14":"product-type-simple"},"composite_virtual":false,"composite_layout":"","composite_add_to_cart_form_location":"","composite_editable_in_cart":false,"composite_sold_individually_context":"","composite_shop_price_calc":"","composite_components":[],"composite_scenarios":[],"group_of_quantity":0,"min_quantity":0,"max_quantity":"","exclude_order_quantity_value_rules":"no","exclude_category_quantity_rules":"no","combine_variations":"no","exclude_global_add_ons":[],"addons":[],"_links":{"self":[{"href":"https:\/\/www.huntersfriend.eu\/de\/wp-json\/wp\/v2\/product\/280231","targetHints":{"allow":["GET"]}}],"collection":[{"href":"https:\/\/www.huntersfriend.eu\/de\/wp-json\/wp\/v2\/product"}],"about":[{"href":"https:\/\/www.huntersfriend.eu\/de\/wp-json\/wp\/v2\/types\/product"}],"replies":[{"embeddable":true,"href":"https:\/\/www.huntersfriend.eu\/de\/wp-json\/wp\/v2\/comments?post=280231"}],"wp:featuredmedia":[{"embeddable":true,"href":"https:\/\/www.huntersfriend.eu\/de\/wp-json\/wp\/v2\/media\/268692"}],"wp:attachment":[{"href":"https:\/\/www.huntersfriend.eu\/de\/wp-json\/wp\/v2\/media?parent=280231"}],"wp:term":[{"taxonomy":"product_brand","embeddable":true,"href":"https:\/\/www.huntersfriend.eu\/de\/wp-json\/wp\/v2\/product_brand?post=280231"},{"taxonomy":"product_cat","embeddable":true,"href":"https:\/\/www.huntersfriend.eu\/de\/wp-json\/wp\/v2\/product_cat?post=280231"},{"taxonomy":"product_tag","embeddable":true,"href":"https:\/\/www.huntersfriend.eu\/de\/wp-json\/wp\/v2\/product_tag?post=280231"}],"curies":[{"name":"wp","href":"https:\/\/api.w.org\/{rel}","templated":true}]}}