{"id":280224,"date":"2024-05-04T00:32:17","date_gmt":"2025-06-23T07:44:03","guid":{"rendered":"https:\/\/www.huntersfriend.eu\/product\/alps-outdoorz-zero-gravity-erdnaegel\/"},"modified":"2025-06-23T09:44:03","modified_gmt":"2025-06-23T07:44:03","slug":"alps-outdoorz-zero-gravity-erdnaegel","status":"publish","type":"product","link":"https:\/\/www.huntersfriend.eu\/de\/produkt\/alps-outdoorz-zero-gravity-erdnaegel\/","title":{"rendered":"Alps outdoorz zero gravity Erdn\u00e4gel"},"content":{"rendered":"<p>Ersetzen Sie verlorene oder bewahren Sie zus\u00e4tzliche Tarnzelt-Erdn\u00e4gel auf. Diese dienen der Aufrechterhaltung der Struktur des Zero-Gravity Layout Blinds, k\u00f6nnen aber aufgrund ihrer robusten Qualit\u00e4t auch f\u00fcr andere Zwecke verwendet werden. <\/p>\n<p>\u2022T-Griff-Ausf\u00fchrung f\u00fcr besseren Halt bei der Verwendung<\/p>\n<p>\u2022Gewinde an den Spitzen erm\u00f6glichen ein leichtes Durchbrechen gefrorenen Bodens<\/p>\n<p>\u2022Erh\u00e4ltlich im 5er-Pack zum Ersatz verlorener Erdn\u00e4gel<\/p>\n<table border=\"3\">\n<tbody>\n<tr align=\"CENTER\">\n<td><b>L\u00e4nge<\/b><\/td>\n<td>8&#8243;<\/td>\n<\/tr>\n<tr align=\"CENTER\">\n<td><b>Gewicht<\/b><\/td>\n<td>57 g \/ St\u00fcck <\/td>\n<\/tr>\n<\/tbody>\n<\/table>\n","protected":false},"excerpt":{"rendered":"<p>Ersetzen Sie verlorene oder bewahren Sie zus\u00e4tzliche Tarnzelt-Erdn\u00e4gel auf. Diese dienen der Aufrechterhaltung der Struktur des Zero-Gravity Layout Blinds, k\u00f6nnen aber aufgrund ihrer robusten Qualit\u00e4t auch f\u00fcr andere Zwecke verwendet werden. \u2022T-Griff-Ausf\u00fchrung f\u00fcr besseren Halt bei der Verwendung \u2022Gewinde an den Spitzen erm\u00f6glichen ein leichtes Durchbrechen gefrorenen Bodens \u2022Erh\u00e4ltlich im 5er-Pack zum Ersatz verlorener Erdn\u00e4gel [&#8230;]\n","protected":false},"featured_media":268863,"comment_status":"open","ping_status":"closed","template":"","meta":[],"product_brand":[],"product_cat":[2050,2114],"product_tag":[],"class_list":{"0":"post-280224","1":"product","2":"type-product","3":"status-publish","4":"has-post-thumbnail","6":"product_cat-campingzubehor","7":"product_cat-zelte","9":"first","10":"instock","11":"taxable","12":"shipping-taxable","13":"purchasable","14":"product-type-simple"},"composite_virtual":false,"composite_layout":"","composite_add_to_cart_form_location":"","composite_editable_in_cart":false,"composite_sold_individually_context":"","composite_shop_price_calc":"","composite_components":[],"composite_scenarios":[],"group_of_quantity":0,"min_quantity":0,"max_quantity":"","exclude_order_quantity_value_rules":"no","exclude_category_quantity_rules":"no","combine_variations":"no","exclude_global_add_ons":[],"addons":[],"_links":{"self":[{"href":"https:\/\/www.huntersfriend.eu\/de\/wp-json\/wp\/v2\/product\/280224","targetHints":{"allow":["GET"]}}],"collection":[{"href":"https:\/\/www.huntersfriend.eu\/de\/wp-json\/wp\/v2\/product"}],"about":[{"href":"https:\/\/www.huntersfriend.eu\/de\/wp-json\/wp\/v2\/types\/product"}],"replies":[{"embeddable":true,"href":"https:\/\/www.huntersfriend.eu\/de\/wp-json\/wp\/v2\/comments?post=280224"}],"wp:featuredmedia":[{"embeddable":true,"href":"https:\/\/www.huntersfriend.eu\/de\/wp-json\/wp\/v2\/media\/268863"}],"wp:attachment":[{"href":"https:\/\/www.huntersfriend.eu\/de\/wp-json\/wp\/v2\/media?parent=280224"}],"wp:term":[{"taxonomy":"product_brand","embeddable":true,"href":"https:\/\/www.huntersfriend.eu\/de\/wp-json\/wp\/v2\/product_brand?post=280224"},{"taxonomy":"product_cat","embeddable":true,"href":"https:\/\/www.huntersfriend.eu\/de\/wp-json\/wp\/v2\/product_cat?post=280224"},{"taxonomy":"product_tag","embeddable":true,"href":"https:\/\/www.huntersfriend.eu\/de\/wp-json\/wp\/v2\/product_tag?post=280224"}],"curies":[{"name":"wp","href":"https:\/\/api.w.org\/{rel}","templated":true}]}}