{"id":280216,"date":"2024-05-03T00:04:09","date_gmt":"2025-06-23T07:43:58","guid":{"rendered":"https:\/\/www.huntersfriend.eu\/product\/alps-outdoorz-matrix-rucksack\/"},"modified":"2026-02-25T10:36:57","modified_gmt":"2026-02-25T08:36:57","slug":"alps-outdoorz-matrix-rucksack","status":"publish","type":"product","link":"https:\/\/www.huntersfriend.eu\/de\/produkt\/alps-outdoorz-matrix-rucksack\/","title":{"rendered":"Alps outdoorz Matrix Rucksack"},"content":{"rendered":"<p>Endlich ein Rucksack, der bequem eine Armbrust, einen Compound-Bogen und ein Gewehr tragen kann! Es gibt ein einzigartiges Befestigungssystem, das Ihre Waffe der Wahl an beiden Seiten des Rucksacks sichert und diesen Rucksack \u00e4u\u00dferst vielseitig macht. Das Geheimnis liegt darin, dass sich zwei gepolsterte Gurte oben am Rucksack befinden, die in der Mitte beginnen, sich um die Waffe wickeln und dann an jeder Seite befestigt werden. Zus\u00e4tzlich gibt es zwei \u201eFl\u00fcgeltaschen\u201c an der Vorderseite des Rucksacks, die Ihre Waffe noch besser sichern und sch\u00fctzen. Wenn Sie Ihre Waffe nicht am Rucksack tragen m\u00f6chten, eignen sich die \u201eFl\u00fcgeltaschen\u201c hervorragend zum Tragen zus\u00e4tzlicher Ausr\u00fcstung oder zum Festzurren schwererer Lasten. Wir liefern sogar zwei Verl\u00e4ngerungsriemen f\u00fcr gr\u00f6\u00dfere Lasten mit. Am unteren Ende des Rucksacks befindet sich eine herunterklappbare Tasche, die Ihre Waffe zus\u00e4tzlich sichert. Im Hauptfach befindet sich eine Organisationstasche, um einen Teil Ihrer kleineren Ausr\u00fcstung geordnet aufzubewahren. Der Rucksack verf\u00fcgt \u00fcber einen gepolsterten H\u00fcftgurt mit zwei Taschen, eine auf jeder Seite. Au\u00dferdem hat er gepolsterte Schultergurte f\u00fcr einen sehr komfortablen Tragekomfort. Er verf\u00fcgt \u00fcber eine zentrale Aluminiumstrebe f\u00fcr zus\u00e4tzliche Unterst\u00fctzung beim Tragen schwererer Lasten. Ebenfalls enthalten ist eine signalorange Regenabdeckung f\u00fcr den Fall, dass Sie in einen Regenschauer geraten oder zus\u00e4tzliches Orange in Ihrer Kleidung ben\u00f6tigen. Er verf\u00fcgt \u00fcber eine Hydratationstasche und -\u00f6ffnung. Wenn Sie ein J\u00e4ger sind, ist dies der richtige Rucksack f\u00fcr Sie. Er wird Ihre Jagden angenehmer gestalten, da Ihre H\u00e4nde frei sind, um das Gel\u00e4nde zu bew\u00e4ltigen oder bei Bedarf andere Ausr\u00fcstung zu tragen.              <\/p>\n<p>\u2022 Einzigartiges Befestigungssystem sichert Armbrust, Bogen oder Gewehr am Rucksack. Zwei gepolsterte Gurte beginnen in der Mitte des Rucksacks, wickeln sich um die Waffe oder den Bogen und werden dann an <\/p>\n<p>jeder Seite f\u00fcr einen sicheren Transport befestigt<\/p>\n<p>\u2022 Vordere Rei\u00dfverschluss-\u201eFl\u00fcgeltaschen\u201c erm\u00f6glichen es Ihnen, Ihre Waffe, Ihren Bogen oder Ihre Ausr\u00fcstung beim Transport zu sch\u00fctzen und zu sichern<\/p>\n<p>\u2022 Herunterklappbare Tasche zum sicheren Tragen Ihrer Armbrust, Ihres Bogens oder Gewehrs<\/p>\n<p>\u2022 K\u00f6cherhalterung an jeder Seite des Rucksacks<\/p>\n<p>\u2022 Organisationstasche im Hauptfach, um Ihre Ausr\u00fcstung geordnet aufzubewahren<\/p>\n<p>\u2022 Verl\u00e4ngerungsriemen f\u00fcr besonders gro\u00dfe\/sperrige Lasten enthalten<\/p>\n<p>\u2022 Gepolsterter, abnehmbarer H\u00fcftgurt mit zwei Taschen<\/p>\n<p>\u2022 H\u00fcftgurt kann Clip-Holster aufnehmen, sodass Sie eine Handfeuerwaffe sicher tragen k\u00f6nnen<\/p>\n<p>\u2022 Zentrale Aluminiumstrebe f\u00fcr hervorragende Unterst\u00fctzung<\/p>\n<p>\u2022 Die Regenabdeckung ist ordentlich in einer Rei\u00dfverschlusstasche am Boden des Rucksacks verstaut, bis sie ben\u00f6tigt wird<\/p>\n<p>\u2022 Hydrationssystem-kompatibel<\/p>\n<p>\u2022 Taschen: Hauptfach, zwei vordere Fl\u00fcgeltaschen, zwei seitliche Netztaschen, zwei H\u00fcftgurttaschen<\/p>\n<table border=\"3\">\n<tbody>\n<tr align=\"CENTER\">\n<td><b>Kapazit\u00e4t<\/b><\/td>\n<td>44L \/ 2700 in\u00b3<\/td>\n<\/tr>\n<tr align=\"CENTER\">\n<td><b>Hauptfach-Abmessungen<\/b><\/td>\n<td>50,8 cm H x 30,5 cm B x 19,1 cm T<\/td>\n<\/tr>\n<tr align=\"CENTER\">\n<td><b>H\u00fcftgurtbereich<\/b><\/td>\n<td>78,7 &#8211; 147,3 cm<\/td>\n<\/tr>\n<tr align=\"CENTER\">\n<td><b>Gewicht<\/b><\/td>\n<td>2,04 kg <\/td>\n<\/tr>\n<\/tbody>\n<\/table>\n","protected":false},"excerpt":{"rendered":"<p>Endlich ein Rucksack, der bequem eine Armbrust, einen Compound-Bogen und ein Gewehr tragen kann! Es gibt ein einzigartiges Befestigungssystem, das Ihre Waffe der Wahl an beiden Seiten des Rucksacks sichert und diesen Rucksack \u00e4u\u00dferst vielseitig macht. Das Geheimnis liegt darin, dass sich zwei gepolsterte Gurte oben am Rucksack befinden, die in der Mitte beginnen, sich [&#8230;]\n","protected":false},"featured_media":269088,"comment_status":"open","ping_status":"closed","template":"","meta":[],"product_brand":[],"product_cat":[2565],"product_tag":[],"class_list":{"0":"post-280216","1":"product","2":"type-product","3":"status-publish","4":"has-post-thumbnail","6":"product_cat-jaktryggsackar","7":"product_shipping_class-medium-de","9":"first","10":"instock","11":"taxable","12":"shipping-taxable","13":"purchasable","14":"product-type-simple"},"composite_virtual":false,"composite_layout":"","composite_add_to_cart_form_location":"","composite_editable_in_cart":false,"composite_sold_individually_context":"","composite_shop_price_calc":"","composite_components":[],"composite_scenarios":[],"group_of_quantity":0,"min_quantity":0,"max_quantity":"","exclude_order_quantity_value_rules":"no","exclude_category_quantity_rules":"no","combine_variations":"no","exclude_global_add_ons":[],"addons":[],"_links":{"self":[{"href":"https:\/\/www.huntersfriend.eu\/de\/wp-json\/wp\/v2\/product\/280216","targetHints":{"allow":["GET"]}}],"collection":[{"href":"https:\/\/www.huntersfriend.eu\/de\/wp-json\/wp\/v2\/product"}],"about":[{"href":"https:\/\/www.huntersfriend.eu\/de\/wp-json\/wp\/v2\/types\/product"}],"replies":[{"embeddable":true,"href":"https:\/\/www.huntersfriend.eu\/de\/wp-json\/wp\/v2\/comments?post=280216"}],"wp:featuredmedia":[{"embeddable":true,"href":"https:\/\/www.huntersfriend.eu\/de\/wp-json\/wp\/v2\/media\/269088"}],"wp:attachment":[{"href":"https:\/\/www.huntersfriend.eu\/de\/wp-json\/wp\/v2\/media?parent=280216"}],"wp:term":[{"taxonomy":"product_brand","embeddable":true,"href":"https:\/\/www.huntersfriend.eu\/de\/wp-json\/wp\/v2\/product_brand?post=280216"},{"taxonomy":"product_cat","embeddable":true,"href":"https:\/\/www.huntersfriend.eu\/de\/wp-json\/wp\/v2\/product_cat?post=280216"},{"taxonomy":"product_tag","embeddable":true,"href":"https:\/\/www.huntersfriend.eu\/de\/wp-json\/wp\/v2\/product_tag?post=280216"}],"curies":[{"name":"wp","href":"https:\/\/api.w.org\/{rel}","templated":true}]}}