{"id":280209,"date":"2024-04-17T00:18:39","date_gmt":"2025-06-23T07:43:54","guid":{"rendered":"https:\/\/www.huntersfriend.eu\/product\/sitka-intercept-kapuzenpullover\/"},"modified":"2026-01-29T12:12:42","modified_gmt":"2026-01-29T10:12:42","slug":"sitka-intercept-kapuzenpullover","status":"publish","type":"product","link":"https:\/\/www.huntersfriend.eu\/de\/produkt\/sitka-intercept-kapuzenpullover\/","title":{"rendered":"SITKA Intercept Kapuzenpullover"},"content":{"rendered":"<p>Die Ann\u00e4herung an Rotwild, Rehwild und anderes Gro\u00dfwild erfordert \u00e4u\u00dferste Vorsicht. Wir haben den Intercept Kapuzenpullover entwickelt, um die bestm\u00f6gliche Unterdr\u00fcckung von Ger\u00e4uschen, Ger\u00fcchen und Sichtbarkeit zu gew\u00e4hrleisten und Ihnen somit zu erm\u00f6glichen, in Bogenschussweite zu gelangen. Er ist aus einer ultraleisen Merinowolle-Mischung gefertigt, die von Natur aus geruchsabweisend ist, um K\u00f6rperger\u00fcche zu minimieren, und die Temperatur reguliert, w\u00e4hrend Sie zwischen Bewegung und Stillstand wechseln. Da Ihr Anschleichen wahrscheinlich das Kriechen \u00fcber Gestr\u00fcpp, Felsen und Dornen beinhaltet, haben wir unsere ArmorSpun Merinowolle mit Nylon verst\u00e4rkt und abnehmbare Ellbogenschoner hinzugef\u00fcgt, um die robuste Haltbarkeit zu gew\u00e4hrleisten, die f\u00fcr die Pirsch- und Anschleichjagd mit dem Bogen erforderlich ist.   <\/p>\n<p>Warum wir dies entwickelt haben&#8230;<\/p>\n<p>F\u00fcr den Gro\u00dfwildj\u00e4ger mit Pfeil und Bogen gibt es keine gr\u00f6\u00dfere Herausforderung und Belohnung als die Ann\u00e4herung. In Schussweite zu gelangen erfordert \u00e4u\u00dferste Heimlichkeit. Unsere Intercept Kollektion nutzt die Kraft der Natur durch Wissenschaft, um ultraleise, langlebige, geruchsresistente Ausr\u00fcstung zu schaffen, die es Pirsch- und Ansitzj\u00e4gern erm\u00f6glicht, unentdeckt zu bleiben, w\u00e4hrend sie die Distanz verringern.  <\/p>\n<p>220 Gramm ArmorSpun Merinowolle f\u00fcr erh\u00f6hte Strapazierf\u00e4higkeit und Geruchskontrolle<\/p>\n<p>Abnehmbare Ellbogenschoner bieten zus\u00e4tzlichen Schutz beim Kriechen<\/p>\n<p>Konturierte, eng anliegende Kapuze mit integrierter Merinowolle-Netzgesichtsmaske zur Tarnung<\/p>\n<p>Mittiger Frontrei\u00dfverschluss erm\u00f6glicht einfaches An- und Ausziehen sowie zus\u00e4tzliche Bel\u00fcftung bei Bedarf<\/p>\n<p>Gesamtgewicht: 408 g<\/p>\n","protected":false},"excerpt":{"rendered":"<p>Die Ann\u00e4herung an Rotwild, Rehwild und anderes Gro\u00dfwild erfordert \u00e4u\u00dferste Vorsicht. Wir haben den Intercept Kapuzenpullover entwickelt, um die bestm\u00f6gliche Unterdr\u00fcckung von Ger\u00e4uschen, Ger\u00fcchen und Sichtbarkeit zu gew\u00e4hrleisten und Ihnen somit zu erm\u00f6glichen, in Bogenschussweite zu gelangen. Er ist aus einer ultraleisen Merinowolle-Mischung gefertigt, die von Natur aus geruchsabweisend ist, um K\u00f6rperger\u00fcche zu minimieren, und [&#8230;]\n","protected":false},"featured_media":267496,"comment_status":"open","ping_status":"closed","template":"","meta":[],"product_brand":[],"product_cat":[2741,1384],"product_tag":[],"class_list":{"0":"post-280209","1":"product","2":"type-product","3":"status-publish","4":"has-post-thumbnail","6":"product_cat-jackor","7":"product_cat-jacken","9":"first","10":"instock","11":"taxable","12":"shipping-taxable","13":"purchasable","14":"product-type-variable"},"composite_virtual":false,"composite_layout":"","composite_add_to_cart_form_location":"","composite_editable_in_cart":false,"composite_sold_individually_context":"","composite_shop_price_calc":"","composite_components":[],"composite_scenarios":[],"group_of_quantity":0,"min_quantity":0,"max_quantity":"","exclude_order_quantity_value_rules":"no","exclude_category_quantity_rules":"no","combine_variations":"no","exclude_global_add_ons":[],"addons":[],"_links":{"self":[{"href":"https:\/\/www.huntersfriend.eu\/de\/wp-json\/wp\/v2\/product\/280209","targetHints":{"allow":["GET"]}}],"collection":[{"href":"https:\/\/www.huntersfriend.eu\/de\/wp-json\/wp\/v2\/product"}],"about":[{"href":"https:\/\/www.huntersfriend.eu\/de\/wp-json\/wp\/v2\/types\/product"}],"replies":[{"embeddable":true,"href":"https:\/\/www.huntersfriend.eu\/de\/wp-json\/wp\/v2\/comments?post=280209"}],"wp:featuredmedia":[{"embeddable":true,"href":"https:\/\/www.huntersfriend.eu\/de\/wp-json\/wp\/v2\/media\/267496"}],"wp:attachment":[{"href":"https:\/\/www.huntersfriend.eu\/de\/wp-json\/wp\/v2\/media?parent=280209"}],"wp:term":[{"taxonomy":"product_brand","embeddable":true,"href":"https:\/\/www.huntersfriend.eu\/de\/wp-json\/wp\/v2\/product_brand?post=280209"},{"taxonomy":"product_cat","embeddable":true,"href":"https:\/\/www.huntersfriend.eu\/de\/wp-json\/wp\/v2\/product_cat?post=280209"},{"taxonomy":"product_tag","embeddable":true,"href":"https:\/\/www.huntersfriend.eu\/de\/wp-json\/wp\/v2\/product_tag?post=280209"}],"curies":[{"name":"wp","href":"https:\/\/api.w.org\/{rel}","templated":true}]}}