{"id":280208,"date":"2024-05-03T00:04:13","date_gmt":"2025-06-23T07:43:54","guid":{"rendered":"https:\/\/www.huntersfriend.eu\/product\/alps-outdoorz-reservoir-30-l\/"},"modified":"2025-11-05T14:44:58","modified_gmt":"2025-11-05T12:44:58","slug":"alps-outdoorz-reservoir-30-l","status":"publish","type":"product","link":"https:\/\/www.huntersfriend.eu\/de\/produkt\/alps-outdoorz-reservoir-30-l\/","title":{"rendered":"Alps outdoorz Reservoir 3,0 L"},"content":{"rendered":"<p>Das Reservoir 3.0 ist ein 3-Liter-Beh\u00e4lter, der perfekt f\u00fcr die Kombination mit Ihrem ALPS-Rucksack konzipiert wurde. Das Ultraventil des Reservoir 3.0 verf\u00fcgt \u00fcber ein revolution\u00e4res artikulierendes Bissventil sowie ein integriertes R\u00fcckschlagventil, das R\u00fcckfluss verhindert und das Eindringen von Luft in den Schlauch unterbindet. Es besitzt zudem eine Funktion, die es erm\u00f6glicht, es aufzudrehen, um ohne Bei\u00dfen einen vollen Durchfluss zu erzielen. Die antimikrobielle IonPure-Behandlung tr\u00e4gt dazu bei, Bakterien- und Schimmelwachstum zu verhindern. Das Reservoir 3.0 ist au\u00dferdem mit einer Dual-Cap-Technologie ausgestattet; eine gro\u00dfe \u00d6ffnung dient der Reinigung, w\u00e4hrend die kleinere \u00d6ffnung ideal zum Bef\u00fcllen mit Fl\u00fcssigkeit ist. Die Schnellverbindungsvorrichtung erm\u00f6glicht es, den Trinkschlauch ohne Auslaufen vom Beh\u00e4lter zu trennen, was ein einfaches Nachf\u00fcllen und Reinigen gestattet. Der isolierte Trinkschlauch erlaubt die Nutzung auch bei extrem kalten Temperaturen, und der Trinkschlauchclip ist um 360 Grad drehbar. BPA- und PVC-freie Konstruktion.       <\/p>\n<ul>\n<li>3,0-Liter-Reservoir<\/li>\n<li>Antimikrobielle IonPure-Behandlung hilft, Bakterien- und Schimmelwachstum zu verhindern<\/li>\n<li>Doppelkappe \u2013 gro\u00dfe \u00d6ffnung zum Reinigen und kleinere \u00d6ffnung zum Bef\u00fcllen<\/li>\n<li>Schnellkupplung erm\u00f6glicht das Trennen des Trinkschlauchs vom Reservoir ohne Leckage f\u00fcr einfaches Nachf\u00fcllen\/Reinigen<\/li>\n<li>Isolierter Trinkschlauch erm\u00f6glicht die Verwendung bei extremer K\u00e4lte<\/li>\n<li>Trinkschlauchclip rotiert um 360\u00b0<\/li>\n<li>BPA- und PVC-frei<\/li>\n<li>Ultraventil\n<ul>\n<li>Integriertes R\u00fcckschlagventil verhindert R\u00fccksp\u00fclung und das Eindringen von Luft in den Schlauch<\/li>\n<li>L\u00e4sst sich f\u00fcr bissfreien \/ vollen Durchfluss aufdrehen<\/li>\n<\/ul>\n<\/li>\n<\/ul>\n<table>\n<tbody>\n<tr>\n<th colspan=\"2\" scope=\"col\">Reservoir 3.0<\/th>\n<\/tr>\n<tr>\n<th scope=\"row\">Kapazit\u00e4t<\/th>\n<td>3L \/ 183 in<sup>3<\/sup><\/td>\n<\/tr>\n<tr>\n<th scope=\"row\">Abmessungen<\/th>\n<td>16 \u201eH x 8\u201c B<\/td>\n<\/tr>\n<tr>\n<th scope=\"row\">Gewicht<\/th>\n<td>5 oz.<\/td>\n<\/tr>\n<\/tbody>\n<\/table>\n","protected":false},"excerpt":{"rendered":"<p>Das Reservoir 3.0 ist ein 3-Liter-Beh\u00e4lter, der perfekt f\u00fcr die Kombination mit Ihrem ALPS-Rucksack konzipiert wurde. Das Ultraventil des Reservoir 3.0 verf\u00fcgt \u00fcber ein revolution\u00e4res artikulierendes Bissventil sowie ein integriertes R\u00fcckschlagventil, das R\u00fcckfluss verhindert und das Eindringen von Luft in den Schlauch unterbindet. Es besitzt zudem eine Funktion, die es erm\u00f6glicht, es aufzudrehen, um ohne [&#8230;]\n","protected":false},"featured_media":269041,"comment_status":"open","ping_status":"closed","template":"","meta":[],"product_brand":[],"product_cat":[1407],"product_tag":[],"class_list":{"0":"post-280208","1":"product","2":"type-product","3":"status-publish","4":"has-post-thumbnail","6":"product_cat-jagdrucksacke","8":"first","9":"instock","10":"taxable","11":"shipping-taxable","12":"purchasable","13":"product-type-simple"},"composite_virtual":false,"composite_layout":"","composite_add_to_cart_form_location":"","composite_editable_in_cart":false,"composite_sold_individually_context":"","composite_shop_price_calc":"","composite_components":[],"composite_scenarios":[],"group_of_quantity":0,"min_quantity":0,"max_quantity":"","exclude_order_quantity_value_rules":"no","exclude_category_quantity_rules":"no","combine_variations":"no","exclude_global_add_ons":[],"addons":[],"_links":{"self":[{"href":"https:\/\/www.huntersfriend.eu\/de\/wp-json\/wp\/v2\/product\/280208","targetHints":{"allow":["GET"]}}],"collection":[{"href":"https:\/\/www.huntersfriend.eu\/de\/wp-json\/wp\/v2\/product"}],"about":[{"href":"https:\/\/www.huntersfriend.eu\/de\/wp-json\/wp\/v2\/types\/product"}],"replies":[{"embeddable":true,"href":"https:\/\/www.huntersfriend.eu\/de\/wp-json\/wp\/v2\/comments?post=280208"}],"wp:featuredmedia":[{"embeddable":true,"href":"https:\/\/www.huntersfriend.eu\/de\/wp-json\/wp\/v2\/media\/269041"}],"wp:attachment":[{"href":"https:\/\/www.huntersfriend.eu\/de\/wp-json\/wp\/v2\/media?parent=280208"}],"wp:term":[{"taxonomy":"product_brand","embeddable":true,"href":"https:\/\/www.huntersfriend.eu\/de\/wp-json\/wp\/v2\/product_brand?post=280208"},{"taxonomy":"product_cat","embeddable":true,"href":"https:\/\/www.huntersfriend.eu\/de\/wp-json\/wp\/v2\/product_cat?post=280208"},{"taxonomy":"product_tag","embeddable":true,"href":"https:\/\/www.huntersfriend.eu\/de\/wp-json\/wp\/v2\/product_tag?post=280208"}],"curies":[{"name":"wp","href":"https:\/\/api.w.org\/{rel}","templated":true}]}}