{"id":280203,"date":"2024-04-16T10:31:14","date_gmt":"2024-04-16T08:31:14","guid":{"rendered":"https:\/\/www.huntersfriend.eu\/product\/mathews-lift-33-compound-bogen-auf-lager\/"},"modified":"2026-03-13T12:00:26","modified_gmt":"2026-03-13T10:00:26","slug":"mathews-lift-33-compound-bogen-auf-lager","status":"publish","type":"product","link":"https:\/\/www.huntersfriend.eu\/de\/produkt\/mathews-lift-33-compound-bogen-auf-lager\/","title":{"rendered":"Mathews Lift 33 Compound-Bogen &#8211; auf Lager"},"content":{"rendered":"<p><span data-text-color=\"alert\"><strong>Sollten Sie den exakten Bogen, den Sie w\u00fcnschen, hier nicht verf\u00fcgbar finden, kontaktieren Sie uns bitte direkt oder bestellen Sie \u00fcber unsere Mathews Lift 33 Custom Bogen-Seite. Die Lieferzeiten betragen etwa 1-2 Wochen f\u00fcr B\u00f6gen, die bei Mathews Europe vorr\u00e4tig sind, und 8-10 Wochen f\u00fcr Sonderbestellungen von Mathews USA. Bitte kontaktieren Sie uns direkt f\u00fcr genauere Informationen zur Verf\u00fcgbarkeit.  <\/strong><\/span><\/p>\n<p>Der LIFT 2024 ist leicht und schlagkr\u00e4ftig. Mit einem Gewicht von unter 4 Pfund nutzt diese n\u00e4chste Generation der Mathews Jagdb\u00f6gen den v\u00f6llig neuen SwitchWeight-X Nocken, der Geschwindigkeiten von bis zu 348 FPS liefert und dabei t\u00f6dlich leise bleibt. Der LIFT verf\u00fcgt \u00fcber neu konzipierte RPD<sup>\u2122<\/sup> Wurfarmef\u00fcr minimale Vibrationen nach dem Schuss, ein neues oberes Achsensystem f\u00fcr leichtgewichtige Stabilit\u00e4t und ist mit den v\u00f6llig neuen <a href=\"https:\/\/www.mathewsinc.com\/match-bowstrings\/\">MATCH\u2122<\/a> Bogensehnen ausgestattet, um Dehnung, Serving-Trennung und Peep-Rotation zu eliminieren. Alles, was in den LIFT 2024 eingeflossen ist, dient dazu, einen h\u00f6heren Standard f\u00fcr die Bogenjagd zu setzen &#8211; das garantieren wir.   <\/p>\n<div class=\"spec\"><span class=\"label\">STANDH\u00d6HE <\/span><span class=\"value\">6.5&#8243;<\/span><\/div>\n<div class=\"spec\"><span class=\"label\">IBO-BEWERTUNG <\/span><span class=\"value\">BIS ZU 343 FPS<\/span><\/div>\n<div class=\"spec\"><span class=\"label\">ACHSE-ZU-ACHSE 33<\/span><span class=\"value\">&#8222;<\/span><\/div>\n<div class=\"spec\"><span class=\"label\">ZUGGEWICHT 55, <\/span><span class=\"value\">60, 65, 70, 75 &amp; 80<\/span><\/div>\n<div class=\"spec\"><span class=\"label\">ZUGL\u00c4NGEN <\/span><span class=\"value\">26 \u201e- 31.5\u201c<\/span><\/div>\n<div class=\"spec\"><span class=\"label\">ABZUGSERLEICHTERUNG <\/span><span class=\"value\">80 ODER 85%<\/span><\/div>\n<div class=\"spec\"><span class=\"label\">PHYSISCHES GEWICHT 4.26<\/span><span class=\"value\"> LBS<\/span><\/div>\n<div class=\"spec\"><span class=\"value\">SWITCHWEIGHT X TECHNOLOGIE<\/span><\/div>\n<div>\n<h2 class=\"headline medium ls-small line-before\">SWITCHWEIGHT<sup>\u2122<\/sup>X NOCKEN<\/h2>\n<div class=\"copy\">\n<p>Ein gleichm\u00e4\u00dfig ansteigender Zugzyklus resultiert in einer soliden, festsitzenden R\u00fcckwand und bietet un\u00fcbertroffene Konsistenz und Genauigkeit bei Geschwindigkeiten von bis zu 348 FPS. Kompatibel mit SwitchWeight-Modulen bietet der SWX\u2122 Nocken mehr Vielseitigkeit als je zuvor mit Zuggewichten von 55 bis 80 lbs und Zugl\u00e4ngen von 26-31.5&#8243;. <\/p>\n<h2 class=\"headline medium ls-small line-before\">PROPRIET\u00c4RES WURFARM- &amp; ACHSENDESIGN<\/h2>\n<div class=\"copy\">\n<p>Der LIFT verf\u00fcgt \u00fcber ein neues, oben montiertes Achsensystem, das die Arbeitsfl\u00e4che der Wurfarme maximiert und gleichzeitig Gewicht reduziert und die Stabilit\u00e4t \u00fcber die gesamte Plattform erh\u00f6ht. In Verbindung mit der Resistance Phase Damping-Technologie, die \u00fcberm\u00e4\u00dfige Vibrationen direkt an der Quelle bek\u00e4mpft, resultiert dieses neue Wurfarmdesign in einem heimlichen und \u00e4u\u00dferst stabilen Schie\u00dferlebnis, das einzigartig unter Jagdb\u00f6gen ist. <\/p>\n<h2 class=\"headline medium ls-small line-before\">SHOT SENSE<sup>\u2122<\/sup><\/h2>\n<div class=\"copy\">\n<p>Direkt in den Griff Ihres Mathews-Bogens integriert, zeichnet das Shot Sense-Modul Ihre Schussanalysen auf und liefert fortgeschrittenes Feedback in Echtzeit \u00fcber die Mathews Shot Sense App.<\/p>\n<\/div>\n<\/div>\n<\/div>\n<\/div>\n","protected":false},"excerpt":{"rendered":"<p>Sollten Sie den exakten Bogen, den Sie w\u00fcnschen, hier nicht verf\u00fcgbar finden, kontaktieren Sie uns bitte direkt oder bestellen Sie \u00fcber unsere Mathews Lift 33 Custom Bogen-Seite. Die Lieferzeiten betragen etwa 1-2 Wochen f\u00fcr B\u00f6gen, die bei Mathews Europe vorr\u00e4tig sind, und 8-10 Wochen f\u00fcr Sonderbestellungen von Mathews USA. Bitte kontaktieren Sie uns direkt f\u00fcr [&#8230;]\n","protected":false},"featured_media":267377,"comment_status":"open","ping_status":"closed","template":"","meta":[],"product_brand":[],"product_cat":[1145],"product_tag":[],"class_list":{"0":"post-280203","1":"product","2":"type-product","3":"status-publish","4":"has-post-thumbnail","6":"product_cat-sonstiges","7":"product_shipping_class-big-de","9":"first","10":"outofstock","11":"sale","12":"taxable","13":"shipping-taxable","14":"purchasable","15":"product-type-variable"},"composite_virtual":false,"composite_layout":"","composite_add_to_cart_form_location":"","composite_editable_in_cart":false,"composite_sold_individually_context":"","composite_shop_price_calc":"","composite_components":[],"composite_scenarios":[],"group_of_quantity":0,"min_quantity":0,"max_quantity":"","exclude_order_quantity_value_rules":"no","exclude_category_quantity_rules":"no","combine_variations":"no","exclude_global_add_ons":false,"addons":[{"name":"Zuggewicht","type":"multiple_choice","position":0,"required":true,"title_format":"label","default":"","description_enable":false,"description":null,"placeholder_enable":false,"placeholder":null,"display":"select","restrictions_type":"any_text","adjust_price":false,"price":"","price_type":"flat_fee","restrictions":false,"min":"0","max":"0","options":[{"label":"45-55#","price":"","price_type":"flat_fee","image":0,"visibility":true},{"label":"50-60#","price":"","price_type":"flat_fee","image":0,"visibility":true},{"label":"55-65#","price":"","price_type":"flat_fee","image":0,"visibility":true},{"label":"60-70#","price":"","price_type":"flat_fee","image":0,"visibility":true},{"label":"65-70#","price":"","price_type":"flat_fee","image":0,"visibility":true},{"label":"70-80#","price":"","price_type":"flat_fee","image":0,"visibility":true}],"id":1716975114},{"name":"Auszugsl\u00e4nge","type":"multiple_choice","position":1,"required":true,"title_format":"label","default":"","description_enable":false,"description":null,"placeholder_enable":false,"placeholder":null,"display":"select","restrictions_type":"any_text","adjust_price":false,"price":"","price_type":"flat_fee","restrictions":false,"min":"0","max":"0","options":[{"label":"26\" - Modul L","price":"","price_type":"flat_fee","image":0,"visibility":true},{"label":"26,5\" - Modul K","price":"","price_type":"flat_fee","image":0,"visibility":true},{"label":"27\" - Modul J","price":"","price_type":"flat_fee","image":0,"visibility":true},{"label":"27,5\" - Modul I","price":"","price_type":"flat_fee","image":0,"visibility":true},{"label":"28\" - Modul H","price":"","price_type":"flat_fee","image":0,"visibility":true},{"label":"28,5\" - Modul G","price":"","price_type":"flat_fee","image":0,"visibility":true},{"label":"29\" - Modul F","price":"","price_type":"flat_fee","image":0,"visibility":true},{"label":"29,5\" - Modul E","price":"","price_type":"flat_fee","image":0,"visibility":true},{"label":"30\" - Modul D","price":"","price_type":"flat_fee","image":0,"visibility":true},{"label":"30,5\" - Modul C","price":"","price_type":"flat_fee","image":0,"visibility":true},{"label":"31\" - Modul B","price":"","price_type":"flat_fee","image":0,"visibility":true},{"label":"31,5\" - Modul A","price":"","price_type":"flat_fee","image":0,"visibility":true}],"id":1716975115}],"_links":{"self":[{"href":"https:\/\/www.huntersfriend.eu\/de\/wp-json\/wp\/v2\/product\/280203","targetHints":{"allow":["GET"]}}],"collection":[{"href":"https:\/\/www.huntersfriend.eu\/de\/wp-json\/wp\/v2\/product"}],"about":[{"href":"https:\/\/www.huntersfriend.eu\/de\/wp-json\/wp\/v2\/types\/product"}],"replies":[{"embeddable":true,"href":"https:\/\/www.huntersfriend.eu\/de\/wp-json\/wp\/v2\/comments?post=280203"}],"wp:featuredmedia":[{"embeddable":true,"href":"https:\/\/www.huntersfriend.eu\/de\/wp-json\/wp\/v2\/media\/267377"}],"wp:attachment":[{"href":"https:\/\/www.huntersfriend.eu\/de\/wp-json\/wp\/v2\/media?parent=280203"}],"wp:term":[{"taxonomy":"product_brand","embeddable":true,"href":"https:\/\/www.huntersfriend.eu\/de\/wp-json\/wp\/v2\/product_brand?post=280203"},{"taxonomy":"product_cat","embeddable":true,"href":"https:\/\/www.huntersfriend.eu\/de\/wp-json\/wp\/v2\/product_cat?post=280203"},{"taxonomy":"product_tag","embeddable":true,"href":"https:\/\/www.huntersfriend.eu\/de\/wp-json\/wp\/v2\/product_tag?post=280203"}],"curies":[{"name":"wp","href":"https:\/\/api.w.org\/{rel}","templated":true}]}}