{"id":280202,"date":"2024-05-02T23:58:16","date_gmt":"2024-05-02T21:58:16","guid":{"rendered":"https:\/\/www.huntersfriend.eu\/product\/alps-outdoorz-triad-hocker\/"},"modified":"2026-03-18T22:00:21","modified_gmt":"2026-03-18T20:00:21","slug":"alps-outdoorz-triad-hocker","status":"publish","type":"product","link":"https:\/\/www.huntersfriend.eu\/de\/produkt\/alps-outdoorz-triad-hocker\/","title":{"rendered":"Alps OutdoorZ Triad Hocker"},"content":{"rendered":"<p>Der ALPS OutdoorZ Triad Drehhocker wird Sie dazu veranlassen, sich zu fragen, wie Sie jemals zuvor aus einem anderen Stuhl gejagt haben. Der Triad ist ein leichter 360\u00b0-Drehhocker, der einfach zu Ihrem bevorzugten Jagdplatz transportiert werden kann. Die extra gro\u00dfe Sitzfl\u00e4che in Kombination mit einer geneigten R\u00fcckenlehne erm\u00f6glicht es Ihnen, bequem zu sitzen, w\u00e4hrend Sie auf Ihre n\u00e4chste Troph\u00e4e warten. Die \u00fcbergro\u00dfen Drehf\u00fc\u00dfe verhindern das Einsinken und k\u00f6nnen sich an unebenes Gel\u00e4nde anpassen, um den Triad stabil zu halten.   <\/p>\n<p>\u2022 Extra gro\u00dfe Sitzfl\u00e4che<\/p>\n<p>\u2022 Robuster pulverbeschichteter Stahlrahmen<\/p>\n<p>\u2022 Geneigte R\u00fcckenlehne f\u00fcr zus\u00e4tzlichen Komfort<\/p>\n<p>\u2022 Beine lassen sich unabh\u00e4ngig voneinander an unebenes Gel\u00e4nde anpassen<\/p>\n<p>\u2022 Drei gro\u00dfe Drehf\u00fc\u00dfe stabilisieren die Basis und verhindern das Einsinken<\/p>\n<p>\u2022 360\u00b0-Drehfunktion<\/p>\n<p>\u2022 R\u00fcckenlehne ist vollst\u00e4ndig abnehmbar<\/p>\n<p>\u2022 Tragetasche f\u00fcr die Schulter<\/p>\n<p>\u2022 <a href=\"https:\/\/alpsoutdoorz.com\/media\/wysiwyg\/media\/Triad_Chair.pdf\" target=\"_blank\" rel=\"noopener\">Klicken Sie hier f\u00fcr die Aufbauanleitung<\/a><\/p>\n<table border=\"3\">\n<tbody>\n<tr align=\"CENTER\">\n<td><b>Sitzbreite<\/b><\/td>\n<td>53,34 cm<\/td>\n<\/tr>\n<tr align=\"CENTER\">\n<td><b>Sitztiefe<\/b><\/td>\n<td>45,72 cm<\/td>\n<\/tr>\n<tr align=\"CENTER\">\n<td><b>Sitzh\u00f6he<\/b><\/td>\n<td>50,8 \u201e- 55,88\u201c cm<\/td>\n<\/tr>\n<tr align=\"CENTER\">\n<td><b>R\u00fcckenlehnenh\u00f6he<\/b><\/td>\n<td>35,56 cm<\/td>\n<\/tr>\n<tr align=\"CENTER\">\n<td><b>Verpackungsma\u00dfe ausgeklappt<\/b><\/td>\n<td>101,6 cm L x 21,59 cm B x 22,86 cm H<\/td>\n<\/tr>\n<tr align=\"CENTER\">\n<td><b>Verpackungsma\u00dfe minimiert<\/b><\/td>\n<td>78,74 cm L x 21,59 cm B x 22,86 cm H<\/td>\n<\/tr>\n<tr align=\"CENTER\">\n<td><b>Gewicht<\/b><\/td>\n<td>3,91 kg <\/td>\n<\/tr>\n<tr align=\"CENTER\">\n<td><b>Gewichtskapazit\u00e4t<\/b><\/td>\n<td>136,08 kg<\/td>\n<\/tr>\n<\/tbody>\n<\/table>\n","protected":false},"excerpt":{"rendered":"<p>Der ALPS OutdoorZ Triad Drehhocker wird Sie dazu veranlassen, sich zu fragen, wie Sie jemals zuvor aus einem anderen Stuhl gejagt haben. Der Triad ist ein leichter 360\u00b0-Drehhocker, der einfach zu Ihrem bevorzugten Jagdplatz transportiert werden kann. Die extra gro\u00dfe Sitzfl\u00e4che in Kombination mit einer geneigten R\u00fcckenlehne erm\u00f6glicht es Ihnen, bequem zu sitzen, w\u00e4hrend Sie [&#8230;]\n","protected":false},"featured_media":268871,"comment_status":"open","ping_status":"closed","template":"","meta":[],"product_brand":[],"product_cat":[1364,1171],"product_tag":[],"class_list":{"0":"post-280202","1":"product","2":"type-product","3":"status-publish","4":"has-post-thumbnail","6":"product_cat-blind-sitz","7":"product_cat-sitz-und-schirm-zubehoer","8":"product_shipping_class-medium-de","10":"first","11":"instock","12":"taxable","13":"shipping-taxable","14":"purchasable","15":"product-type-simple"},"composite_virtual":false,"composite_layout":"","composite_add_to_cart_form_location":"","composite_editable_in_cart":false,"composite_sold_individually_context":"","composite_shop_price_calc":"","composite_components":[],"composite_scenarios":[],"group_of_quantity":0,"min_quantity":0,"max_quantity":"","exclude_order_quantity_value_rules":"no","exclude_category_quantity_rules":"no","combine_variations":"no","exclude_global_add_ons":[],"addons":[],"_links":{"self":[{"href":"https:\/\/www.huntersfriend.eu\/de\/wp-json\/wp\/v2\/product\/280202","targetHints":{"allow":["GET"]}}],"collection":[{"href":"https:\/\/www.huntersfriend.eu\/de\/wp-json\/wp\/v2\/product"}],"about":[{"href":"https:\/\/www.huntersfriend.eu\/de\/wp-json\/wp\/v2\/types\/product"}],"replies":[{"embeddable":true,"href":"https:\/\/www.huntersfriend.eu\/de\/wp-json\/wp\/v2\/comments?post=280202"}],"wp:featuredmedia":[{"embeddable":true,"href":"https:\/\/www.huntersfriend.eu\/de\/wp-json\/wp\/v2\/media\/268871"}],"wp:attachment":[{"href":"https:\/\/www.huntersfriend.eu\/de\/wp-json\/wp\/v2\/media?parent=280202"}],"wp:term":[{"taxonomy":"product_brand","embeddable":true,"href":"https:\/\/www.huntersfriend.eu\/de\/wp-json\/wp\/v2\/product_brand?post=280202"},{"taxonomy":"product_cat","embeddable":true,"href":"https:\/\/www.huntersfriend.eu\/de\/wp-json\/wp\/v2\/product_cat?post=280202"},{"taxonomy":"product_tag","embeddable":true,"href":"https:\/\/www.huntersfriend.eu\/de\/wp-json\/wp\/v2\/product_tag?post=280202"}],"curies":[{"name":"wp","href":"https:\/\/api.w.org\/{rel}","templated":true}]}}