{"id":280198,"date":"2024-05-02T23:58:13","date_gmt":"2025-06-23T07:43:49","guid":{"rendered":"https:\/\/www.huntersfriend.eu\/product\/alps-outdoorz-terrain-seat-3\/"},"modified":"2025-08-26T11:25:51","modified_gmt":"2025-08-26T09:25:51","slug":"alps-outdoorz-terrain-seat-3","status":"publish","type":"product","link":"https:\/\/www.huntersfriend.eu\/de\/produkt\/alps-outdoorz-terrain-seat-3\/","title":{"rendered":"Alps outdoorz terrain seat 3&#8243;"},"content":{"rendered":"<p>Eine dickere Version unseres Terrain Seat, der Terrain Seat 3&#8243; ist viermal so dick wie der urspr\u00fcngliche Terrain Seat. Wie das Original eignet sich der Terrain Seat ideal, ob Sie zu Ihrem Jagdstand unterwegs sind oder Schutz vor dem kalten, harten Boden ben\u00f6tigen. Sie k\u00f6nnen ihn auch Ihrem Hocker f\u00fcr zus\u00e4tzlichen Komfort hinzuf\u00fcgen. Es gibt einen Gurtriemen mit Schnalle, sodass Sie ihn bequem tragen oder an Ihrem Rucksack befestigen k\u00f6nnen. Es ist eine hervorragende Erg\u00e4nzung, die Sie jederzeit mitnehmen sollten, wenn Sie f\u00fcr l\u00e4ngere Zeit sitzen werden.   <\/p>\n<p>\u2022 Verf\u00fcgt \u00fcber einen leicht zu tragenden Griff<\/p>\n<p>\u2022 F\u00fcgt Ihrem Stuhl, Hocker oder Stand zus\u00e4tzliche Polsterung hinzu<\/p>\n<p>\u2022 Hervorragend geeignet, um Sie vom Boden fernzuhalten<\/p>\n<p>\u2022 Next G-1 Tarnmuster oder kojotenfarbener Oberstoff<\/p>\n<p>\u2022 Signalorangefarbener Bodenstoff<\/p>\n<table border=\"3\">\n<tbody>\n<tr align=\"CENTER\">\n<td><b>Abmessungen<\/b><\/td>\n<td>39,37 cm B x 30,48 cm L x 7,62 cm D<\/td>\n<\/tr>\n<tr align=\"CENTER\">\n<td><b>Gewicht<\/b><\/td>\n<td>510 Gramm <\/td>\n<\/tr>\n<\/tbody>\n<\/table>\n","protected":false},"excerpt":{"rendered":"<p>Eine dickere Version unseres Terrain Seat, der Terrain Seat 3&#8243; ist viermal so dick wie der urspr\u00fcngliche Terrain Seat. Wie das Original eignet sich der Terrain Seat ideal, ob Sie zu Ihrem Jagdstand unterwegs sind oder Schutz vor dem kalten, harten Boden ben\u00f6tigen. Sie k\u00f6nnen ihn auch Ihrem Hocker f\u00fcr zus\u00e4tzlichen Komfort hinzuf\u00fcgen. Es gibt [&#8230;]\n","protected":false},"featured_media":268856,"comment_status":"open","ping_status":"closed","template":"","meta":[],"product_brand":[],"product_cat":[1145],"product_tag":[],"class_list":{"0":"post-280198","1":"product","2":"type-product","3":"status-publish","4":"has-post-thumbnail","6":"product_cat-sonstiges","8":"first","9":"outofstock","10":"taxable","11":"shipping-taxable","12":"purchasable","13":"product-type-simple"},"composite_virtual":false,"composite_layout":"","composite_add_to_cart_form_location":"","composite_editable_in_cart":false,"composite_sold_individually_context":"","composite_shop_price_calc":"","composite_components":[],"composite_scenarios":[],"group_of_quantity":0,"min_quantity":0,"max_quantity":"","exclude_order_quantity_value_rules":"no","exclude_category_quantity_rules":"no","combine_variations":"no","exclude_global_add_ons":[],"addons":[],"_links":{"self":[{"href":"https:\/\/www.huntersfriend.eu\/de\/wp-json\/wp\/v2\/product\/280198","targetHints":{"allow":["GET"]}}],"collection":[{"href":"https:\/\/www.huntersfriend.eu\/de\/wp-json\/wp\/v2\/product"}],"about":[{"href":"https:\/\/www.huntersfriend.eu\/de\/wp-json\/wp\/v2\/types\/product"}],"replies":[{"embeddable":true,"href":"https:\/\/www.huntersfriend.eu\/de\/wp-json\/wp\/v2\/comments?post=280198"}],"wp:featuredmedia":[{"embeddable":true,"href":"https:\/\/www.huntersfriend.eu\/de\/wp-json\/wp\/v2\/media\/268856"}],"wp:attachment":[{"href":"https:\/\/www.huntersfriend.eu\/de\/wp-json\/wp\/v2\/media?parent=280198"}],"wp:term":[{"taxonomy":"product_brand","embeddable":true,"href":"https:\/\/www.huntersfriend.eu\/de\/wp-json\/wp\/v2\/product_brand?post=280198"},{"taxonomy":"product_cat","embeddable":true,"href":"https:\/\/www.huntersfriend.eu\/de\/wp-json\/wp\/v2\/product_cat?post=280198"},{"taxonomy":"product_tag","embeddable":true,"href":"https:\/\/www.huntersfriend.eu\/de\/wp-json\/wp\/v2\/product_tag?post=280198"}],"curies":[{"name":"wp","href":"https:\/\/api.w.org\/{rel}","templated":true}]}}