{"id":280197,"date":"2024-04-12T10:00:36","date_gmt":"2025-06-23T07:43:49","guid":{"rendered":"https:\/\/www.huntersfriend.eu\/product\/kicks-high-flyer-remington-pro-bore\/"},"modified":"2026-03-11T14:36:11","modified_gmt":"2026-03-11T12:36:11","slug":"kicks-high-flyer-remington-pro-bore","status":"publish","type":"product","link":"https:\/\/www.huntersfriend.eu\/de\/produkt\/kicks-high-flyer-remington-pro-bore\/","title":{"rendered":"Kicks High Flyer Remington Pro Bore"},"content":{"rendered":"<p><span class=\"jCAhz ChMk0b\"><span class=\"ryNqvb\">Der Kicks High Flyer Choke ist bekannt als ein hervorragender abgestufter Zubeh\u00f6r-Choke, der aus hochwertigen Materialien gefertigt ist.<\/span><\/span> <span class=\"jCAhz ChMk0b\"><span class=\"ryNqvb\">Der Choke wird aus einem w\u00e4rmebehandelten 17-4PH-Edelstahlstab gefr\u00e4st.<\/span><\/span> <span class=\"jCAhz ChMk0b\"><span class=\"ryNqvb\">Bei seiner Herstellung wurden die neuesten, IT-gesteuerten Technologien und hohe Standards eingesetzt.<\/span><\/span> <span class=\"jCAhz ChMk0b\"><span class=\"ryNqvb\">Dieser Choke ist geeignet f\u00fcr Wasserwildj\u00e4ger, Niederwildj\u00e4ger, Tauben- und Hasenj\u00e4ger.<\/span><\/span> <span class=\"jCAhz ChMk0b\"><span class=\"ryNqvb\">Aufgrund seiner Konstruktion reduziert der Choke den R\u00fccksto\u00df, was schnellere Sch\u00fcsse erm\u00f6glicht.<\/span><\/span> <span class=\"jCAhz ChMk0b\"><span class=\"ryNqvb\">Der Choke verbessert das Trefferbild um bis zu 20 % des Originals.<\/span><\/span><\/p>\n<p><span class=\"jCAhz ChMk0b\"><span class=\"ryNqvb\">Der Kicks High Flyer Choke ist speziell f\u00fcr das Schie\u00dfen mit Stahlschrot gefertigt, eignet sich jedoch auch f\u00fcr das Schie\u00dfen mit Blei, Wolfram und Kupfer.<\/span><\/span> <span class=\"jCAhz ChMk0b\"><span class=\"ryNqvb\">Der Kicks Choke ist f\u00fcr das Schie\u00dfen mit Fabrikpatronen gemacht, sodass der Benutzer und der Lader von selbstgeladenen Patronen stets selbst f\u00fcr etwaige Probleme verantwortlich sind, die durch ihre eigene Ladung verursacht werden.<\/span><\/span><\/p>\n<p><span class=\"jCAhz ChMk0b\"><span class=\"ryNqvb\">Mattschwarze Beschichtung.<\/span><\/span><br \/>\n<span class=\"jCAhz ChMk0b\"><span class=\"ryNqvb\">Kann auch von Hand festgezogen werden.<\/span><\/span><br \/>\n<span class=\"jCAhz ChMk0b\"><span class=\"ryNqvb\">Verf\u00fcgbare Reduktionsgrade:<\/span><\/span> <span class=\"jCAhz ChMk0b\"><span class=\"ryNqvb\">Modified,<\/span><\/span> <span class=\"jCAhz ChMk0b\"><span class=\"ryNqvb\">Full,<\/span><\/span> <span class=\"jCAhz ChMk0b\"><span class=\"ryNqvb\">XFull<\/span><\/span><\/p>\n<p><span class=\"jCAhz ChMk0b\"><span class=\"ryNqvb\">Der Choke ist geeignet f\u00fcr Waffen, die mit einem Remington Pro Bore Reduziergewinde ausgestattet sind:<\/span><\/span><br \/>\n<span class=\"jCAhz ChMk0b\"><span class=\"ryNqvb\">REMINGTON VERSAMAX<\/span><\/span><br \/>\n<span class=\"jCAhz ChMk0b\"><span class=\"ryNqvb\">REMINGTON 105CTI<\/span><\/span><br \/>\n<span class=\"jCAhz ChMk0b\"><span class=\"ryNqvb\">REMINGTON 1100 G3<\/span><\/span><br \/>\n<span class=\"jCAhz ChMk0b\"><span class=\"ryNqvb\">REMINGTON PREMIER (STS, FIELD, UPLAND)<\/span><\/span><\/p>\n<p><span class=\"jCAhz ChMk0b\"><span class=\"ryNqvb\">Stellen Sie immer sicher, dass das Gewinde des Kicks Choke zu Ihrer Waffe passt, bevor Sie bestellen.<\/span><\/span> <span class=\"jCAhz ChMk0b\"><span class=\"ryNqvb\">Sie k\u00f6nnen den korrekten Choke anhand der Markierungen auf dem Original-Choke Ihrer Waffe best\u00e4tigen.<\/span><\/span><\/p>\n","protected":false},"excerpt":{"rendered":"<p>Der Kicks High Flyer Choke ist bekannt als ein hervorragender abgestufter Zubeh\u00f6r-Choke, der aus hochwertigen Materialien gefertigt ist. Der Choke wird aus einem w\u00e4rmebehandelten 17-4PH-Edelstahlstab gefr\u00e4st. Bei seiner Herstellung wurden die neuesten, IT-gesteuerten Technologien und hohe Standards eingesetzt. Dieser Choke ist geeignet f\u00fcr Wasserwildj\u00e4ger, Niederwildj\u00e4ger, Tauben- und Hasenj\u00e4ger. Aufgrund seiner Konstruktion reduziert der Choke den [&#8230;]\n","protected":false},"featured_media":267246,"comment_status":"open","ping_status":"closed","template":"","meta":[],"product_brand":[],"product_cat":[1423],"product_tag":[],"class_list":{"0":"post-280197","1":"product","2":"type-product","3":"status-publish","4":"has-post-thumbnail","6":"product_cat-chokes","8":"first","9":"instock","10":"taxable","11":"shipping-taxable","12":"purchasable","13":"product-type-variable"},"composite_virtual":false,"composite_layout":"","composite_add_to_cart_form_location":"","composite_editable_in_cart":false,"composite_sold_individually_context":"","composite_shop_price_calc":"","composite_components":[],"composite_scenarios":[],"group_of_quantity":0,"min_quantity":0,"max_quantity":"","exclude_order_quantity_value_rules":"no","exclude_category_quantity_rules":"no","combine_variations":"no","exclude_global_add_ons":[],"addons":[],"_links":{"self":[{"href":"https:\/\/www.huntersfriend.eu\/de\/wp-json\/wp\/v2\/product\/280197","targetHints":{"allow":["GET"]}}],"collection":[{"href":"https:\/\/www.huntersfriend.eu\/de\/wp-json\/wp\/v2\/product"}],"about":[{"href":"https:\/\/www.huntersfriend.eu\/de\/wp-json\/wp\/v2\/types\/product"}],"replies":[{"embeddable":true,"href":"https:\/\/www.huntersfriend.eu\/de\/wp-json\/wp\/v2\/comments?post=280197"}],"wp:featuredmedia":[{"embeddable":true,"href":"https:\/\/www.huntersfriend.eu\/de\/wp-json\/wp\/v2\/media\/267246"}],"wp:attachment":[{"href":"https:\/\/www.huntersfriend.eu\/de\/wp-json\/wp\/v2\/media?parent=280197"}],"wp:term":[{"taxonomy":"product_brand","embeddable":true,"href":"https:\/\/www.huntersfriend.eu\/de\/wp-json\/wp\/v2\/product_brand?post=280197"},{"taxonomy":"product_cat","embeddable":true,"href":"https:\/\/www.huntersfriend.eu\/de\/wp-json\/wp\/v2\/product_cat?post=280197"},{"taxonomy":"product_tag","embeddable":true,"href":"https:\/\/www.huntersfriend.eu\/de\/wp-json\/wp\/v2\/product_tag?post=280197"}],"curies":[{"name":"wp","href":"https:\/\/api.w.org\/{rel}","templated":true}]}}