{"id":280190,"date":"2024-08-29T00:34:15","date_gmt":"2025-06-23T07:35:58","guid":{"rendered":"https:\/\/www.huntersfriend.eu\/product\/sitka-stratus-hose-elevated-ii\/"},"modified":"2025-08-08T03:28:17","modified_gmt":"2025-08-08T01:28:17","slug":"sitka-stratus-hose-elevated-ii","status":"publish","type":"product","link":"https:\/\/www.huntersfriend.eu\/de\/produkt\/sitka-stratus-hose-elevated-ii\/","title":{"rendered":"SITKA Stratus-Hose &#8211; Elevated II"},"content":{"rendered":"<p>J\u00e4ger ben\u00f6tigen den bestm\u00f6glichen Schutz vor der K\u00e4lte w\u00e4hrend langer Sitzphasen in der Brunftzeit. Wir haben die Stratus-Hose mit WINDSTOPPER\u00ae von GORE-TEX LABS konzipiert, um eine vollausgestattete, zu 100% winddichte Hose zu erschaffen, die f\u00fcr genau diese Bedingungen optimiert ist. Wir verwendeten Mikrogrid-Fleece aufgrund seines hervorragenden W\u00e4rme-Gewicht-Verh\u00e4ltnisses und gaben der Hose eine artikulierte Schnittf\u00fchrung, um einen komfortablen Sitz in sitzender Position zu gew\u00e4hrleisten und den Beinen vollst\u00e4ndige Bewegungsfreiheit zu erm\u00f6glichen.<br \/>\nDie zu 100% winddichte und ger\u00e4uscharme Stratus-Hose wurde f\u00fcr die wechselhaften Wetterbedingungen w\u00e4hrend der gesamten Wei\u00dfwedelhirsch-Saison entwickelt. Eine WINDSTOPPER\u00ae-Membran von GORE-TEX LABS ist zwischen einer ger\u00e4uscharmen Mikrofleece-Au\u00dfenschicht und einem w\u00e4rmenden und atmungsaktiven Mikrogrid-Fleece-Innenfutter eingebettet und bietet winddichten Komfort an den k\u00e4ltesten Tagen   <\/p>\n<p>Gewicht: 794 g \/\/ Gr\u00f6\u00dfe: L<\/p>\n<p>Material: WINDSTOPPER\u00ae von Gore-Tex Labs Technologie, Polyester-Mikrofleece-Strickoberfl\u00e4che, Polyester-Mikrogrid-Fleece-Strickinnenseite.<\/p>\n<p>Artikulierte Passform: Die artikulierte Schnittf\u00fchrung gew\u00e4hrleistet einen komfortablen Sitz in sitzender Position und erm\u00f6glicht Ihren Beinen vollst\u00e4ndige Bewegungsfreiheit.<\/p>\n<p>Oberschenkel-Cargotaschen: Bewahren Sie Notwendigkeiten in sitzender Position griffbereit auf.<\/p>\n<p>Ger\u00e4uscharme Druckverschl\u00fcsse: Alle Druckverschl\u00fcsse sind so konstruiert, dass sie Ger\u00e4usche minimieren.<\/p>\n<p>WINDSTOPPER\u00ae von Gore-Tex Labs: Bietet vollst\u00e4ndigen Windschutz durch eine strapazierf\u00e4hige, leichte und atmungsaktive Membran.<\/p>\n<p>GORE\u2122 OPTIFADE\u2122 Concealment Elevated II ist f\u00fcr Wei\u00dfwedelhirschj\u00e4ger in erh\u00f6hter Position konzipiert.<\/p>\n","protected":false},"excerpt":{"rendered":"<p>J\u00e4ger ben\u00f6tigen den bestm\u00f6glichen Schutz vor der K\u00e4lte w\u00e4hrend langer Sitzphasen in der Brunftzeit. Wir haben die Stratus-Hose mit WINDSTOPPER\u00ae von GORE-TEX LABS konzipiert, um eine vollausgestattete, zu 100% winddichte Hose zu erschaffen, die f\u00fcr genau diese Bedingungen optimiert ist. Wir verwendeten Mikrogrid-Fleece aufgrund seines hervorragenden W\u00e4rme-Gewicht-Verh\u00e4ltnisses und gaben der Hose eine artikulierte Schnittf\u00fchrung, um [&#8230;]\n","protected":false},"featured_media":272678,"comment_status":"open","ping_status":"closed","template":"","meta":[],"product_brand":[],"product_cat":[1128],"product_tag":[],"class_list":{"0":"post-280190","1":"product","2":"type-product","3":"status-publish","4":"has-post-thumbnail","6":"product_cat-hosen","8":"first","9":"instock","10":"taxable","11":"shipping-taxable","12":"purchasable","13":"product-type-variable"},"composite_virtual":false,"composite_layout":"","composite_add_to_cart_form_location":"","composite_editable_in_cart":false,"composite_sold_individually_context":"","composite_shop_price_calc":"","composite_components":[],"composite_scenarios":[],"group_of_quantity":0,"min_quantity":0,"max_quantity":"","exclude_order_quantity_value_rules":"no","exclude_category_quantity_rules":"no","combine_variations":"no","exclude_global_add_ons":[],"addons":[],"_links":{"self":[{"href":"https:\/\/www.huntersfriend.eu\/de\/wp-json\/wp\/v2\/product\/280190","targetHints":{"allow":["GET"]}}],"collection":[{"href":"https:\/\/www.huntersfriend.eu\/de\/wp-json\/wp\/v2\/product"}],"about":[{"href":"https:\/\/www.huntersfriend.eu\/de\/wp-json\/wp\/v2\/types\/product"}],"replies":[{"embeddable":true,"href":"https:\/\/www.huntersfriend.eu\/de\/wp-json\/wp\/v2\/comments?post=280190"}],"wp:featuredmedia":[{"embeddable":true,"href":"https:\/\/www.huntersfriend.eu\/de\/wp-json\/wp\/v2\/media\/272678"}],"wp:attachment":[{"href":"https:\/\/www.huntersfriend.eu\/de\/wp-json\/wp\/v2\/media?parent=280190"}],"wp:term":[{"taxonomy":"product_brand","embeddable":true,"href":"https:\/\/www.huntersfriend.eu\/de\/wp-json\/wp\/v2\/product_brand?post=280190"},{"taxonomy":"product_cat","embeddable":true,"href":"https:\/\/www.huntersfriend.eu\/de\/wp-json\/wp\/v2\/product_cat?post=280190"},{"taxonomy":"product_tag","embeddable":true,"href":"https:\/\/www.huntersfriend.eu\/de\/wp-json\/wp\/v2\/product_tag?post=280190"}],"curies":[{"name":"wp","href":"https:\/\/api.w.org\/{rel}","templated":true}]}}