{"id":280185,"date":"2024-08-29T00:34:14","date_gmt":"2025-06-23T07:35:57","guid":{"rendered":"https:\/\/www.huntersfriend.eu\/product\/sitka-jetstream-ws-handschuh-subalpin\/"},"modified":"2026-01-29T12:12:45","modified_gmt":"2026-01-29T10:12:45","slug":"sitka-jetstream-ws-handschuh-subalpin","status":"publish","type":"product","link":"https:\/\/www.huntersfriend.eu\/de\/produkt\/sitka-jetstream-ws-handschuh-subalpin\/","title":{"rendered":"SITKA jetstream WS Handschuh &#8211; subalpin"},"content":{"rendered":"<p>Der Jetstream WS Handschuh ist ein Handschuh im Sch\u00fctzenstil, der an Tagen, an denen der Wind heftig weht, die Geschicklichkeit blo\u00dfer Kn\u00f6chel erm\u00f6glicht. Die WINDSTOPPER\u00ae-H\u00fclle von GORE-TEX LABS und das Fleecefutter halten die H\u00e4nde warm, und ein leitf\u00e4higer Daumen und Zeigefinger gew\u00e4hrleisten, dass sie auch bei der Bedienung Ihrer Ger\u00e4te warm bleiben. <\/p>\n<p>WINDSTOPPER von GORE-TEX Labs blockt Wind und st\u00f6\u00dft Niederschlag ab<\/p>\n<p>Dehnbares \u00c4u\u00dferes f\u00fcr verbesserte Beweglichkeit<\/p>\n<p>W\u00e4rmendes Fleecefutter<\/p>\n<p>Synthetischer Digitalleder-Handfl\u00e4chenbesatz<\/p>\n<p>Silikonpunkte-Griff an den Fingerspitzen<\/p>\n<p>Leitf\u00e4higer Daumen und Zeigefinger f\u00fcr Touchscreen-Bedienung<\/p>\n<p>2,8 Unzen \/ 80 Gramm<\/p>\n","protected":false},"excerpt":{"rendered":"<p>Der Jetstream WS Handschuh ist ein Handschuh im Sch\u00fctzenstil, der an Tagen, an denen der Wind heftig weht, die Geschicklichkeit blo\u00dfer Kn\u00f6chel erm\u00f6glicht. Die WINDSTOPPER\u00ae-H\u00fclle von GORE-TEX LABS und das Fleecefutter halten die H\u00e4nde warm, und ein leitf\u00e4higer Daumen und Zeigefinger gew\u00e4hrleisten, dass sie auch bei der Bedienung Ihrer Ger\u00e4te warm bleiben. WINDSTOPPER von GORE-TEX [&#8230;]\n","protected":false},"featured_media":272716,"comment_status":"open","ping_status":"closed","template":"","meta":[],"product_brand":[],"product_cat":[2809,1382],"product_tag":[],"class_list":{"0":"post-280185","1":"product","2":"type-product","3":"status-publish","4":"has-post-thumbnail","6":"product_cat-handskar","7":"product_cat-handschuhe","9":"first","10":"instock","11":"taxable","12":"shipping-taxable","13":"purchasable","14":"product-type-variable"},"composite_virtual":false,"composite_layout":"","composite_add_to_cart_form_location":"","composite_editable_in_cart":false,"composite_sold_individually_context":"","composite_shop_price_calc":"","composite_components":[],"composite_scenarios":[],"group_of_quantity":0,"min_quantity":0,"max_quantity":"","exclude_order_quantity_value_rules":"no","exclude_category_quantity_rules":"no","combine_variations":"no","exclude_global_add_ons":[],"addons":[],"_links":{"self":[{"href":"https:\/\/www.huntersfriend.eu\/de\/wp-json\/wp\/v2\/product\/280185","targetHints":{"allow":["GET"]}}],"collection":[{"href":"https:\/\/www.huntersfriend.eu\/de\/wp-json\/wp\/v2\/product"}],"about":[{"href":"https:\/\/www.huntersfriend.eu\/de\/wp-json\/wp\/v2\/types\/product"}],"replies":[{"embeddable":true,"href":"https:\/\/www.huntersfriend.eu\/de\/wp-json\/wp\/v2\/comments?post=280185"}],"wp:featuredmedia":[{"embeddable":true,"href":"https:\/\/www.huntersfriend.eu\/de\/wp-json\/wp\/v2\/media\/272716"}],"wp:attachment":[{"href":"https:\/\/www.huntersfriend.eu\/de\/wp-json\/wp\/v2\/media?parent=280185"}],"wp:term":[{"taxonomy":"product_brand","embeddable":true,"href":"https:\/\/www.huntersfriend.eu\/de\/wp-json\/wp\/v2\/product_brand?post=280185"},{"taxonomy":"product_cat","embeddable":true,"href":"https:\/\/www.huntersfriend.eu\/de\/wp-json\/wp\/v2\/product_cat?post=280185"},{"taxonomy":"product_tag","embeddable":true,"href":"https:\/\/www.huntersfriend.eu\/de\/wp-json\/wp\/v2\/product_tag?post=280185"}],"curies":[{"name":"wp","href":"https:\/\/api.w.org\/{rel}","templated":true}]}}