{"id":280183,"date":"2024-08-29T00:34:13","date_gmt":"2025-06-23T07:35:56","guid":{"rendered":"https:\/\/www.huntersfriend.eu\/product\/sitka-jetstream-isolierte-ws-muetze-gehobene-ausfuehrung\/"},"modified":"2025-11-05T10:14:11","modified_gmt":"2025-11-05T08:14:11","slug":"sitka-jetstream-isolierte-ws-muetze-gehobene-ausfuehrung","status":"publish","type":"product","link":"https:\/\/www.huntersfriend.eu\/de\/produkt\/sitka-jetstream-isolierte-ws-muetze-gehobene-ausfuehrung\/","title":{"rendered":"SITKA jetstream isolierte WS M\u00fctze &#8211; gehobene Ausf\u00fchrung"},"content":{"rendered":"<p>Bieten Sie Wind und K\u00e4lte die Stirn mit diesem kleinen, aber m\u00e4chtigen Teil Ihres Bekleidungssystems. Die Jetstream Insulated WS M\u00fctze verf\u00fcgt \u00fcber PrimaLoft\u00ae Silver Isolierung, die K\u00f6rperw\u00e4rme einschlie\u00dft, und WINDSTOPPER\u00ae von GORE-TEX LABS, um Wind vollst\u00e4ndig zu stoppen. Dehnbare Strickpaneele \u00fcber den Ohren und am Hinterkopf gew\u00e4hrleisten Ihr H\u00f6rverm\u00f6gen und ganzt\u00e4gigen Komfort.  <\/p>\n<p>WINDSTOPPER von GORE-TEX Labs blockt Wind und st\u00f6\u00dft Niederschlag ab<\/p>\n<p>Primaloft Silver Isolierung<\/p>\n<p>Schalldurchl\u00e4ssiges Gewebe an den Ohren f\u00fcr besseres H\u00f6ren<\/p>\n<p>Dehnbares Strickgewebe an den hinteren \u00be des Kopfes f\u00fcr verbesserte Passform und Komfort<\/p>\n","protected":false},"excerpt":{"rendered":"<p>Bieten Sie Wind und K\u00e4lte die Stirn mit diesem kleinen, aber m\u00e4chtigen Teil Ihres Bekleidungssystems. Die Jetstream Insulated WS M\u00fctze verf\u00fcgt \u00fcber PrimaLoft\u00ae Silver Isolierung, die K\u00f6rperw\u00e4rme einschlie\u00dft, und WINDSTOPPER\u00ae von GORE-TEX LABS, um Wind vollst\u00e4ndig zu stoppen. Dehnbare Strickpaneele \u00fcber den Ohren und am Hinterkopf gew\u00e4hrleisten Ihr H\u00f6rverm\u00f6gen und ganzt\u00e4gigen Komfort. WINDSTOPPER von GORE-TEX [&#8230;]\n","protected":false},"featured_media":272706,"comment_status":"open","ping_status":"closed","template":"","meta":[],"product_brand":[],"product_cat":[1215],"product_tag":[],"class_list":{"0":"post-280183","1":"product","2":"type-product","3":"status-publish","4":"has-post-thumbnail","6":"product_cat-handschuh-socken-und-kopfbedeckung","8":"first","9":"outofstock","10":"taxable","11":"shipping-taxable","12":"purchasable","13":"product-type-simple"},"composite_virtual":false,"composite_layout":"","composite_add_to_cart_form_location":"","composite_editable_in_cart":false,"composite_sold_individually_context":"","composite_shop_price_calc":"","composite_components":[],"composite_scenarios":[],"group_of_quantity":0,"min_quantity":0,"max_quantity":"","exclude_order_quantity_value_rules":"no","exclude_category_quantity_rules":"no","combine_variations":"no","exclude_global_add_ons":[],"addons":[],"_links":{"self":[{"href":"https:\/\/www.huntersfriend.eu\/de\/wp-json\/wp\/v2\/product\/280183","targetHints":{"allow":["GET"]}}],"collection":[{"href":"https:\/\/www.huntersfriend.eu\/de\/wp-json\/wp\/v2\/product"}],"about":[{"href":"https:\/\/www.huntersfriend.eu\/de\/wp-json\/wp\/v2\/types\/product"}],"replies":[{"embeddable":true,"href":"https:\/\/www.huntersfriend.eu\/de\/wp-json\/wp\/v2\/comments?post=280183"}],"wp:featuredmedia":[{"embeddable":true,"href":"https:\/\/www.huntersfriend.eu\/de\/wp-json\/wp\/v2\/media\/272706"}],"wp:attachment":[{"href":"https:\/\/www.huntersfriend.eu\/de\/wp-json\/wp\/v2\/media?parent=280183"}],"wp:term":[{"taxonomy":"product_brand","embeddable":true,"href":"https:\/\/www.huntersfriend.eu\/de\/wp-json\/wp\/v2\/product_brand?post=280183"},{"taxonomy":"product_cat","embeddable":true,"href":"https:\/\/www.huntersfriend.eu\/de\/wp-json\/wp\/v2\/product_cat?post=280183"},{"taxonomy":"product_tag","embeddable":true,"href":"https:\/\/www.huntersfriend.eu\/de\/wp-json\/wp\/v2\/product_tag?post=280183"}],"curies":[{"name":"wp","href":"https:\/\/api.w.org\/{rel}","templated":true}]}}