{"id":280171,"date":"2024-10-09T00:40:07","date_gmt":"2024-10-08T22:40:07","guid":{"rendered":"https:\/\/www.huntersfriend.eu\/product\/sitka-timberline-hose-tiefes-flechten-gruen\/"},"modified":"2025-10-18T22:34:36","modified_gmt":"2025-10-18T20:34:36","slug":"sitka-timberline-hose-tiefes-flechten-gruen","status":"publish","type":"product","link":"https:\/\/www.huntersfriend.eu\/de\/produkt\/sitka-timberline-hose-tiefes-flechten-gruen\/","title":{"rendered":"SITKA timberline Hose (tiefes Flechten-Gr\u00fcn)"},"content":{"rendered":"<p>Diese Softshell-Hose ist die erste Wahl f\u00fcr anspruchsvolle Bedingungen in der mittleren bis sp\u00e4ten Saison im Hinterland. Gefertigt aus \u00e4u\u00dferst strapazierf\u00e4higem 4-Wege-Stretch-Polyester mit doppelt verst\u00e4rkten, wasserdichten und atmungsaktiven Ripstop-Nylon-Knien und -Ges\u00e4\u00df. Die abnehmbaren, geformten Knieschoner gew\u00e4hrleisten Haltbarkeit und Komfort, ob Sie nun durch den Ger\u00f6llschutt der Rocky Mountains klettern, durch die Kakteen der Mojave-W\u00fcste pirschen oder ein Tier im Feld zerwirken.  <\/p>\n<p><strong>Warum Sitka dies hergestellt hat<\/strong><\/p>\n<p>Die Jagd unter Sp\u00e4tjahrsbedingungen f\u00fchrt oft zu Feuchtigkeitsaufnahme durch nassen Boden, Felsen, hohes Gras oder S\u00e4ttel, die in Ihr Schichtensystem eindringen und eine Jagd beeintr\u00e4chtigen kann. F\u00fcr feuchtigkeits- und abriebgef\u00e4hrdete Bereiche im Ges\u00e4\u00df und an den Knien bestand unser Ansatz darin, haltbare \u00dcberz\u00fcge einzuarbeiten und gleichzeitig eine au\u00dfergew\u00f6hnlich atmungsaktive Softshell-Hose bereitzustellen. <\/p>\n<p>Gewicht: 839,14 g \/\/ Gr\u00f6\u00dfe 34 <\/p>\n<p>Material: 4-Wege-Stretch gewebtes Polyester-Obermaterial, Nylon-Ripstop an Ges\u00e4\u00df &amp; Knien<\/p>\n<p>Dauerhaft wasserabweisendes Finish widersteht leichten Niederschl\u00e4gen und verhindert das Ausn\u00e4ssen des Oberstoffs.<\/p>\n<p>Verst\u00e4rktes Ges\u00e4\u00df und Knie: Ges\u00e4\u00df und Knie sind mit einem wasserdichten Nylon-Ripstop-Gewebe verst\u00e4rkt, sodass eine lange Strapaze auf einem nassen Sattel oder ein kurzes Sitzen im Schnee Sie nicht kalt und nass zur\u00fcckl\u00e4sst.<\/p>\n<p>Abnehmbare Knieschoner: Abnehmbare Knieschoner bieten zus\u00e4tzlichen Schutz, ob Sie nun durch Ger\u00f6ll in den n\u00f6rdlichen Rocky Mountains klettern, sich vorsichtig durch Kakteen in der Sonora-W\u00fcste bewegen oder ein Tier im Feld zerwirken.<\/p>\n<p>Artikulierter Schnitt: Die Passform ist athletisch mit sich verj\u00fcngenden Beinen und einem flachen Bund, der unter einem Rucksack nicht bauscht oder scheuert.<\/p>\n","protected":false},"excerpt":{"rendered":"<p>Diese Softshell-Hose ist die erste Wahl f\u00fcr anspruchsvolle Bedingungen in der mittleren bis sp\u00e4ten Saison im Hinterland. Gefertigt aus \u00e4u\u00dferst strapazierf\u00e4higem 4-Wege-Stretch-Polyester mit doppelt verst\u00e4rkten, wasserdichten und atmungsaktiven Ripstop-Nylon-Knien und -Ges\u00e4\u00df. Die abnehmbaren, geformten Knieschoner gew\u00e4hrleisten Haltbarkeit und Komfort, ob Sie nun durch den Ger\u00f6llschutt der Rocky Mountains klettern, durch die Kakteen der Mojave-W\u00fcste pirschen [&#8230;]\n","protected":false},"featured_media":274178,"comment_status":"open","ping_status":"closed","template":"","meta":[],"product_brand":[],"product_cat":[1145],"product_tag":[],"class_list":{"0":"post-280171","1":"product","2":"type-product","3":"status-publish","4":"has-post-thumbnail","6":"product_cat-sonstiges","8":"first","9":"outofstock","10":"taxable","11":"shipping-taxable","12":"purchasable","13":"product-type-variable"},"composite_virtual":false,"composite_layout":"","composite_add_to_cart_form_location":"","composite_editable_in_cart":false,"composite_sold_individually_context":"","composite_shop_price_calc":"","composite_components":[],"composite_scenarios":[],"group_of_quantity":0,"min_quantity":0,"max_quantity":"","exclude_order_quantity_value_rules":"no","exclude_category_quantity_rules":"no","combine_variations":"no","exclude_global_add_ons":[],"addons":[],"_links":{"self":[{"href":"https:\/\/www.huntersfriend.eu\/de\/wp-json\/wp\/v2\/product\/280171","targetHints":{"allow":["GET"]}}],"collection":[{"href":"https:\/\/www.huntersfriend.eu\/de\/wp-json\/wp\/v2\/product"}],"about":[{"href":"https:\/\/www.huntersfriend.eu\/de\/wp-json\/wp\/v2\/types\/product"}],"replies":[{"embeddable":true,"href":"https:\/\/www.huntersfriend.eu\/de\/wp-json\/wp\/v2\/comments?post=280171"}],"wp:featuredmedia":[{"embeddable":true,"href":"https:\/\/www.huntersfriend.eu\/de\/wp-json\/wp\/v2\/media\/274178"}],"wp:attachment":[{"href":"https:\/\/www.huntersfriend.eu\/de\/wp-json\/wp\/v2\/media?parent=280171"}],"wp:term":[{"taxonomy":"product_brand","embeddable":true,"href":"https:\/\/www.huntersfriend.eu\/de\/wp-json\/wp\/v2\/product_brand?post=280171"},{"taxonomy":"product_cat","embeddable":true,"href":"https:\/\/www.huntersfriend.eu\/de\/wp-json\/wp\/v2\/product_cat?post=280171"},{"taxonomy":"product_tag","embeddable":true,"href":"https:\/\/www.huntersfriend.eu\/de\/wp-json\/wp\/v2\/product_tag?post=280171"}],"curies":[{"name":"wp","href":"https:\/\/api.w.org\/{rel}","templated":true}]}}