{"id":280166,"date":"2024-10-05T00:22:11","date_gmt":"2024-10-04T22:22:11","guid":{"rendered":"https:\/\/www.huntersfriend.eu\/product\/sitka-traverse-hoody-olivgruen\/"},"modified":"2025-10-19T07:54:01","modified_gmt":"2025-10-19T05:54:01","slug":"sitka-traverse-hoody-olivgruen","status":"publish","type":"product","link":"https:\/\/www.huntersfriend.eu\/de\/produkt\/sitka-traverse-hoody-olivgruen\/","title":{"rendered":"SITKA Traverse Hoody &#8211; Olivgr\u00fcn"},"content":{"rendered":"<p>Bei der Konzeption des Traverse Hoody standen Komfort und Vielseitigkeit an oberster Stelle. Das Innenfutter aus hochflorigem Berber-Fleece sorgt f\u00fcr ein weiches Tragegef\u00fchl und spendet reichlich W\u00e4rme, w\u00e4hrend die leichteren Fleece-Eins\u00e4tze an den Seiten und unter den Armen eine optimierte Passform gew\u00e4hrleisten. Die ultraleise Polyester-Strickoberfl\u00e4che mit wasserabweisender Ausr\u00fcstung sch\u00fctzt vor leichtem Niederschlag. Die f\u00fcr diesen Hoody verwendeten Materialien bestehen aus recycelten Komponenten.  <\/p>\n<p>Leiser Polyester-Strickstoff mit hochflorigem Berber-Fleece-Innenfutter<\/p>\n<p>Umweltbewusster Stoff aus recycelten Materialien hergestellt<\/p>\n<p>Strategisch platzierte Fleece-Eins\u00e4tze mittlerer St\u00e4rke an den Seiten und unter den Armen f\u00fcr optimalen Komfort und Bewegungsfreiheit<\/p>\n<p>Dauerhaft wasserabweisende Ausr\u00fcstung sch\u00fctzt vor leichtem Niederschlag und verhindert das Durchn\u00e4ssen des Stoffes<\/p>\n<p>Rei\u00dfverschlusstaschen an den H\u00e4nden und der Brust bieten sichere Aufbewahrungsm\u00f6glichkeiten<\/p>\n<p>Konturierte Kapuze beeintr\u00e4chtigt nicht das periphere Sichtfeld<\/p>\n<p>Integrierte Gesichtsmaske zur Tarnung<\/p>\n<p>Dezente Daumenschlaufen f\u00fcr einfaches Schichten<\/p>\n<p>Gewicht: 822,14 g<\/p>\n","protected":false},"excerpt":{"rendered":"<p>Olivgr\u00fcn &#8211; begrenzte Verf\u00fcgbarkeit<\/p>\n","protected":false},"featured_media":274215,"comment_status":"open","ping_status":"closed","template":"","meta":[],"product_brand":[],"product_cat":[1145],"product_tag":[],"class_list":{"0":"post-280166","1":"product","2":"type-product","3":"status-publish","4":"has-post-thumbnail","6":"product_cat-sonstiges","8":"first","9":"outofstock","10":"sale","11":"taxable","12":"shipping-taxable","13":"purchasable","14":"product-type-variable"},"composite_virtual":false,"composite_layout":"","composite_add_to_cart_form_location":"","composite_editable_in_cart":false,"composite_sold_individually_context":"","composite_shop_price_calc":"","composite_components":[],"composite_scenarios":[],"group_of_quantity":0,"min_quantity":0,"max_quantity":"","exclude_order_quantity_value_rules":"no","exclude_category_quantity_rules":"no","combine_variations":"no","exclude_global_add_ons":[],"addons":[],"_links":{"self":[{"href":"https:\/\/www.huntersfriend.eu\/de\/wp-json\/wp\/v2\/product\/280166","targetHints":{"allow":["GET"]}}],"collection":[{"href":"https:\/\/www.huntersfriend.eu\/de\/wp-json\/wp\/v2\/product"}],"about":[{"href":"https:\/\/www.huntersfriend.eu\/de\/wp-json\/wp\/v2\/types\/product"}],"replies":[{"embeddable":true,"href":"https:\/\/www.huntersfriend.eu\/de\/wp-json\/wp\/v2\/comments?post=280166"}],"wp:featuredmedia":[{"embeddable":true,"href":"https:\/\/www.huntersfriend.eu\/de\/wp-json\/wp\/v2\/media\/274215"}],"wp:attachment":[{"href":"https:\/\/www.huntersfriend.eu\/de\/wp-json\/wp\/v2\/media?parent=280166"}],"wp:term":[{"taxonomy":"product_brand","embeddable":true,"href":"https:\/\/www.huntersfriend.eu\/de\/wp-json\/wp\/v2\/product_brand?post=280166"},{"taxonomy":"product_cat","embeddable":true,"href":"https:\/\/www.huntersfriend.eu\/de\/wp-json\/wp\/v2\/product_cat?post=280166"},{"taxonomy":"product_tag","embeddable":true,"href":"https:\/\/www.huntersfriend.eu\/de\/wp-json\/wp\/v2\/product_tag?post=280166"}],"curies":[{"name":"wp","href":"https:\/\/api.w.org\/{rel}","templated":true}]}}