{"id":280158,"date":"2024-09-18T00:30:12","date_gmt":"2025-06-23T07:33:10","guid":{"rendered":"https:\/\/www.huntersfriend.eu\/product\/hart-nb-litepack-18l\/"},"modified":"2026-02-25T10:37:14","modified_gmt":"2026-02-25T08:37:14","slug":"hart-nb-litepack-18l","status":"publish","type":"product","link":"https:\/\/www.huntersfriend.eu\/de\/produkt\/hart-nb-litepack-18l\/","title":{"rendered":"Hart NB litepack 18L"},"content":{"rendered":"<p>Leichtgewichtiges, jedoch robustes 500D wasserdichtes Gewebe. Es eignet sich hervorragend sowohl f\u00fcr die Jagd auf Waldschnepfen, Rebh\u00fchner und Wachteln mit Hunden als auch f\u00fcr jegliche Outdoor-Aktivit\u00e4ten wie schnelles Wandern oder Bergtouren. Kompakte Kapazit\u00e4t mit gro\u00dfer \u00d6ffnung und einem Fach f\u00fcr einen Wasserblasenbeh\u00e4lter. Seine umh\u00fcllende Form sorgt f\u00fcr Stabilit\u00e4t. Eine vordere Rei\u00dfverschlusstasche und zwei seitliche Rei\u00dfverschlussf\u00e4cher. Elastische Schn\u00fcre f\u00fcr zus\u00e4tzliche Beladung. Atmungsaktives, gepolstertes R\u00fcckensystem aus Schaumstoff. Verstellbarer G\u00fcrtel und Trageriemen. Herausziehbare, signalfarben-orangene Regenabdeckung im Rei\u00dfverschlussfach am Boden.        <\/p>\n<p>Obermaterial 1: 100% Polyester, laminiert mit wasserdichter PU-Membran.<br \/>\nFutter: 100% Polyester.<\/p>\n<p>Farbe &#8211; Gr\u00fcn<\/p>\n","protected":false},"excerpt":{"rendered":"<p>Gr\u00fcn<\/p>\n","protected":false},"featured_media":273472,"comment_status":"open","ping_status":"closed","template":"","meta":[],"product_brand":[],"product_cat":[2565,2523],"product_tag":[],"class_list":{"0":"post-280158","1":"product","2":"type-product","3":"status-publish","4":"has-post-thumbnail","6":"product_cat-jaktryggsackar","7":"product_cat-ryggsackar","8":"product_shipping_class-medium-de","10":"first","11":"instock","12":"taxable","13":"shipping-taxable","14":"purchasable","15":"product-type-simple"},"composite_virtual":false,"composite_layout":"","composite_add_to_cart_form_location":"","composite_editable_in_cart":false,"composite_sold_individually_context":"","composite_shop_price_calc":"","composite_components":[],"composite_scenarios":[],"group_of_quantity":0,"min_quantity":0,"max_quantity":"","exclude_order_quantity_value_rules":"no","exclude_category_quantity_rules":"no","combine_variations":"no","exclude_global_add_ons":[],"addons":[],"_links":{"self":[{"href":"https:\/\/www.huntersfriend.eu\/de\/wp-json\/wp\/v2\/product\/280158","targetHints":{"allow":["GET"]}}],"collection":[{"href":"https:\/\/www.huntersfriend.eu\/de\/wp-json\/wp\/v2\/product"}],"about":[{"href":"https:\/\/www.huntersfriend.eu\/de\/wp-json\/wp\/v2\/types\/product"}],"replies":[{"embeddable":true,"href":"https:\/\/www.huntersfriend.eu\/de\/wp-json\/wp\/v2\/comments?post=280158"}],"wp:featuredmedia":[{"embeddable":true,"href":"https:\/\/www.huntersfriend.eu\/de\/wp-json\/wp\/v2\/media\/273472"}],"wp:attachment":[{"href":"https:\/\/www.huntersfriend.eu\/de\/wp-json\/wp\/v2\/media?parent=280158"}],"wp:term":[{"taxonomy":"product_brand","embeddable":true,"href":"https:\/\/www.huntersfriend.eu\/de\/wp-json\/wp\/v2\/product_brand?post=280158"},{"taxonomy":"product_cat","embeddable":true,"href":"https:\/\/www.huntersfriend.eu\/de\/wp-json\/wp\/v2\/product_cat?post=280158"},{"taxonomy":"product_tag","embeddable":true,"href":"https:\/\/www.huntersfriend.eu\/de\/wp-json\/wp\/v2\/product_tag?post=280158"}],"curies":[{"name":"wp","href":"https:\/\/api.w.org\/{rel}","templated":true}]}}