{"id":280147,"date":"2024-09-11T14:14:58","date_gmt":"2025-06-23T07:33:08","guid":{"rendered":"https:\/\/www.huntersfriend.eu\/product\/pard-nv007v2-nachtsicht-vorsatzgeraet\/"},"modified":"2025-12-17T14:55:17","modified_gmt":"2025-12-17T12:55:17","slug":"pard-nv007v2-nachtsicht-vorsatzgeraet","status":"publish","type":"product","link":"https:\/\/www.huntersfriend.eu\/de\/produkt\/pard-nv007v2-nachtsicht-vorsatzgeraet\/","title":{"rendered":"Pard NV007V2 Nachtsicht-Vorsatzger\u00e4t"},"content":{"rendered":"<p><span class=\"jCAhz ChMk0b\"><span class=\"ryNqvb\">Das Pard NV007V2 ist ein kompaktes und vielseitiges IR-Nachtsichtger\u00e4t, welches direkt am Okular des Zielfernrohrs angebracht werden kann und es somit in ein leistungsstarkes Tag- und Nachtsystem verwandelt.<\/span><\/span> <span class=\"jCAhz ChMk0b\"><span class=\"ryNqvb\">Dieses leichte Ger\u00e4t bietet sowohl bei Tageslicht als auch in der Dunkelheit dank der Infrarotbeleuchtung ein pr\u00e4zises und klares Bild.<\/span><\/span> <span class=\"jCAhz ChMk0b\"><span class=\"ryNqvb\">Das NV007V2 l\u00e4sst sich einfach montieren und demontieren, was seine Vielseitigkeit und Verwendung mit verschiedenen Zielfernrohren erm\u00f6glicht.<\/span><\/span> <span class=\"jCAhz ChMk0b\"><span class=\"ryNqvb\">Eine exzellente Wahl f\u00fcr die Jagd und \u00dcberwachung, die eine scharfe Bildqualit\u00e4t und modernste Infrarotfunktionalit\u00e4t bietet. <\/span><\/span><\/p>\n<p><span class=\"jCAhz ChMk0b\"><span class=\"ryNqvb\">Tag- und Nachtmodus: Geeignet f\u00fcr den Einsatz sowohl bei Tageslicht als auch in der Dunkelheit, was es zu einer vielseitigen L\u00f6sung f\u00fcr unterschiedliche Bedingungen macht. <\/span><\/span><\/p>\n<p><span class=\"jCAhz ChMk0b\"><span class=\"ryNqvb\">Integriertes Infrarotlicht: Bietet klare Sichtbarkeit in der Dunkelheit bis zu einer Entfernung von 200 Metern. <\/span><\/span><\/p>\n<p><span class=\"jCAhz ChMk0b\"><span class=\"ryNqvb\">Einfache Befestigung am Zielfernrohr: Das NV007V2 ist so konzipiert, dass es direkt an der R\u00fcckseite des Zielfernrohrs mittels des mitgelieferten Adapters angebracht werden kann. <\/span><\/span><\/p>\n<p><span class=\"jCAhz ChMk0b\"><span class=\"ryNqvb\">Kompaktes und leichtes Design: Mit einem Gewicht von nur etwa 250 Gramm erm\u00f6glicht es eine einfache Verwendung, ohne das Gewicht Ihrer Waffe signifikant zu erh\u00f6hen. <\/span><\/span><\/p>\n<p><span class=\"jCAhz ChMk0b\"><span class=\"ryNqvb\">HD-Videoaufnahme: Das Ger\u00e4t erm\u00f6glicht die Aufnahme von HD-Videos auf einer Speicherkarte, sodass Sie Ihre Jagdmomente oder \u00dcberwachungssituationen aufzeichnen k\u00f6nnen. <\/span><\/span><\/p>\n<p><span class=\"jCAhz ChMk0b\"><span class=\"ryNqvb\">Lange Akkulaufzeit: Der austauschbare 18650 Lithium-Akku garantiert eine lange Betriebsdauer, sodass das Ger\u00e4t l\u00e4nger ohne die Notwendigkeit st\u00e4ndigen Aufladens einsatzbereit bleibt. <\/span><\/span><\/p>\n<p><span class=\"jCAhz\"><span class=\"ryNqvb\">Das Pard NV007V2 ist die perfekte Wahl f\u00fcr J\u00e4ger und \u00dcberwachungsanwender, die ihr aktuelles Zielfernrohr aufr\u00fcsten und eine leistungsstarke Performance unter allen Lichtbedingungen erreichen m\u00f6chten.<\/span><\/span><\/p>\n","protected":false},"excerpt":{"rendered":"<p>850nm oder 940nm<\/p>\n","protected":false},"featured_media":273054,"comment_status":"open","ping_status":"closed","template":"","meta":[],"product_brand":[],"product_cat":[1375],"product_tag":[],"class_list":{"0":"post-280147","1":"product","2":"type-product","3":"status-publish","4":"has-post-thumbnail","6":"product_cat-nachtsicht","8":"first","9":"instock","10":"taxable","11":"shipping-taxable","12":"purchasable","13":"product-type-variable"},"composite_virtual":false,"composite_layout":"","composite_add_to_cart_form_location":"","composite_editable_in_cart":false,"composite_sold_individually_context":"","composite_shop_price_calc":"","composite_components":[],"composite_scenarios":[],"group_of_quantity":0,"min_quantity":0,"max_quantity":"","exclude_order_quantity_value_rules":"no","exclude_category_quantity_rules":"no","combine_variations":"no","exclude_global_add_ons":[],"addons":[],"_links":{"self":[{"href":"https:\/\/www.huntersfriend.eu\/de\/wp-json\/wp\/v2\/product\/280147","targetHints":{"allow":["GET"]}}],"collection":[{"href":"https:\/\/www.huntersfriend.eu\/de\/wp-json\/wp\/v2\/product"}],"about":[{"href":"https:\/\/www.huntersfriend.eu\/de\/wp-json\/wp\/v2\/types\/product"}],"replies":[{"embeddable":true,"href":"https:\/\/www.huntersfriend.eu\/de\/wp-json\/wp\/v2\/comments?post=280147"}],"wp:featuredmedia":[{"embeddable":true,"href":"https:\/\/www.huntersfriend.eu\/de\/wp-json\/wp\/v2\/media\/273054"}],"wp:attachment":[{"href":"https:\/\/www.huntersfriend.eu\/de\/wp-json\/wp\/v2\/media?parent=280147"}],"wp:term":[{"taxonomy":"product_brand","embeddable":true,"href":"https:\/\/www.huntersfriend.eu\/de\/wp-json\/wp\/v2\/product_brand?post=280147"},{"taxonomy":"product_cat","embeddable":true,"href":"https:\/\/www.huntersfriend.eu\/de\/wp-json\/wp\/v2\/product_cat?post=280147"},{"taxonomy":"product_tag","embeddable":true,"href":"https:\/\/www.huntersfriend.eu\/de\/wp-json\/wp\/v2\/product_tag?post=280147"}],"curies":[{"name":"wp","href":"https:\/\/api.w.org\/{rel}","templated":true}]}}