{"id":280146,"date":"2024-10-09T00:28:07","date_gmt":"2025-06-23T07:33:08","guid":{"rendered":"https:\/\/www.huntersfriend.eu\/product\/sitka-fanatic-rucksack\/"},"modified":"2025-06-23T09:33:08","modified_gmt":"2025-06-23T07:33:08","slug":"sitka-fanatic-rucksack","status":"publish","type":"product","link":"https:\/\/www.huntersfriend.eu\/de\/produkt\/sitka-fanatic-rucksack\/","title":{"rendered":"SITKA Fanatic-Rucksack"},"content":{"rendered":"<p>Dieser Rucksack ist ein unverzichtbares Accessoire f\u00fcr die Jagd von einem Hochsitz aus in der sp\u00e4ten Saison. Er verwendet die gleiche Science of Sound-Technologie, die auch im Fanatic-System zum Einsatz kommt, und zeichnet sich durch ultraleise YKK\u00ae Vislon\u00ae Rei\u00dfverschl\u00fcsse, hochfloriges Jacquard-Berber-Fleece und unsere ger\u00e4uschlosen, magnetischen Silent Secure-Verschl\u00fcsse am oberen Deckel aus, wodurch st\u00f6rende lose Schnallen eliminiert werden. Seitentaschen und gefl\u00fcgelte Kompressionsriemen vervollst\u00e4ndigen dieses ultimative Aufbewahrungssystem.  <\/p>\n<p>Hauptfach: 26 L<br \/>\nOberer Deckel: 6 L<br \/>\nGro\u00dfe Seitentasche: 2 L<br \/>\n2 kleine Seitentaschen: 1,5 L<br \/>\nGesamtvolumen: 35,5 L<br \/>\nGewicht: 1165,16 g \/ 4110 oz.<\/p>\n","protected":false},"excerpt":{"rendered":"<p>Dieser Rucksack ist ein unverzichtbares Accessoire f\u00fcr die Jagd von einem Hochsitz aus in der sp\u00e4ten Saison. Er verwendet die gleiche Science of Sound-Technologie, die auch im Fanatic-System zum Einsatz kommt, und zeichnet sich durch ultraleise YKK\u00ae Vislon\u00ae Rei\u00dfverschl\u00fcsse, hochfloriges Jacquard-Berber-Fleece und unsere ger\u00e4uschlosen, magnetischen Silent Secure-Verschl\u00fcsse am oberen Deckel aus, wodurch st\u00f6rende lose Schnallen [&#8230;]\n","protected":false},"featured_media":274229,"comment_status":"open","ping_status":"closed","template":"","meta":[],"product_brand":[],"product_cat":[1145],"product_tag":[],"class_list":{"0":"post-280146","1":"product","2":"type-product","3":"status-publish","4":"has-post-thumbnail","6":"product_cat-sonstiges","8":"first","9":"outofstock","10":"taxable","11":"shipping-taxable","12":"purchasable","13":"product-type-simple"},"composite_virtual":false,"composite_layout":"","composite_add_to_cart_form_location":"","composite_editable_in_cart":false,"composite_sold_individually_context":"","composite_shop_price_calc":"","composite_components":[],"composite_scenarios":[],"group_of_quantity":0,"min_quantity":0,"max_quantity":"","exclude_order_quantity_value_rules":"no","exclude_category_quantity_rules":"no","combine_variations":"no","exclude_global_add_ons":[],"addons":[],"_links":{"self":[{"href":"https:\/\/www.huntersfriend.eu\/de\/wp-json\/wp\/v2\/product\/280146","targetHints":{"allow":["GET"]}}],"collection":[{"href":"https:\/\/www.huntersfriend.eu\/de\/wp-json\/wp\/v2\/product"}],"about":[{"href":"https:\/\/www.huntersfriend.eu\/de\/wp-json\/wp\/v2\/types\/product"}],"replies":[{"embeddable":true,"href":"https:\/\/www.huntersfriend.eu\/de\/wp-json\/wp\/v2\/comments?post=280146"}],"wp:featuredmedia":[{"embeddable":true,"href":"https:\/\/www.huntersfriend.eu\/de\/wp-json\/wp\/v2\/media\/274229"}],"wp:attachment":[{"href":"https:\/\/www.huntersfriend.eu\/de\/wp-json\/wp\/v2\/media?parent=280146"}],"wp:term":[{"taxonomy":"product_brand","embeddable":true,"href":"https:\/\/www.huntersfriend.eu\/de\/wp-json\/wp\/v2\/product_brand?post=280146"},{"taxonomy":"product_cat","embeddable":true,"href":"https:\/\/www.huntersfriend.eu\/de\/wp-json\/wp\/v2\/product_cat?post=280146"},{"taxonomy":"product_tag","embeddable":true,"href":"https:\/\/www.huntersfriend.eu\/de\/wp-json\/wp\/v2\/product_tag?post=280146"}],"curies":[{"name":"wp","href":"https:\/\/api.w.org\/{rel}","templated":true}]}}