{"id":280139,"date":"2024-10-07T23:50:11","date_gmt":"2024-10-07T21:50:11","guid":{"rendered":"https:\/\/www.huntersfriend.eu\/product\/sitka-core-midweight-zip-t-optifade-timber\/"},"modified":"2025-08-03T05:36:08","modified_gmt":"2025-08-03T03:36:08","slug":"sitka-core-midweight-zip-t-optifade-timber","status":"publish","type":"product","link":"https:\/\/www.huntersfriend.eu\/de\/produkt\/sitka-core-midweight-zip-t-optifade-timber\/","title":{"rendered":"SITKA Core Midweight Zip-T (Optifade Timber)"},"content":{"rendered":"<p>Das CORE Midweight Zip-T zeichnet sich durch schnell trocknenden, komfortablen Stretch-Fleece mittlerer Gewichtsklasse und einen hochgezogenen Rei\u00dfverschlusskragen aus, der die K\u00f6rpertemperatur bei aktiver Bet\u00e4tigung reguliert, unabh\u00e4ngig davon, ob das Thermometer steigt oder f\u00e4llt. Die permanente Polygiene\u00ae Geruchskontrolltechnologie und die flache Nahtverarbeitung machen dieses Kleidungsst\u00fcck zu einer vielseitigen, hautnahen Schicht f\u00fcr ein breites Spektrum von Bedingungen und Aktivit\u00e4tsniveaus. <\/p>\n","protected":false},"excerpt":{"rendered":"<p>Das CORE Midweight Zip-T zeichnet sich durch schnell trocknenden, komfortablen Stretch-Fleece mittlerer Gewichtsklasse und einen hochgezogenen Rei\u00dfverschlusskragen aus, der die K\u00f6rpertemperatur bei aktiver Bet\u00e4tigung reguliert, unabh\u00e4ngig davon, ob das Thermometer steigt oder f\u00e4llt. Die permanente Polygiene\u00ae Geruchskontrolltechnologie und die flache Nahtverarbeitung machen dieses Kleidungsst\u00fcck zu einer vielseitigen, hautnahen Schicht f\u00fcr ein breites Spektrum von Bedingungen [&#8230;]\n","protected":false},"featured_media":274242,"comment_status":"open","ping_status":"closed","template":"","meta":[],"product_brand":[],"product_cat":[1145],"product_tag":[],"class_list":{"0":"post-280139","1":"product","2":"type-product","3":"status-publish","4":"has-post-thumbnail","6":"product_cat-sonstiges","8":"first","9":"outofstock","10":"sale","11":"taxable","12":"shipping-taxable","13":"purchasable","14":"product-type-variable"},"composite_virtual":false,"composite_layout":"","composite_add_to_cart_form_location":"","composite_editable_in_cart":false,"composite_sold_individually_context":"","composite_shop_price_calc":"","composite_components":[],"composite_scenarios":[],"group_of_quantity":0,"min_quantity":0,"max_quantity":"","exclude_order_quantity_value_rules":"no","exclude_category_quantity_rules":"no","combine_variations":"no","exclude_global_add_ons":[],"addons":[],"_links":{"self":[{"href":"https:\/\/www.huntersfriend.eu\/de\/wp-json\/wp\/v2\/product\/280139","targetHints":{"allow":["GET"]}}],"collection":[{"href":"https:\/\/www.huntersfriend.eu\/de\/wp-json\/wp\/v2\/product"}],"about":[{"href":"https:\/\/www.huntersfriend.eu\/de\/wp-json\/wp\/v2\/types\/product"}],"replies":[{"embeddable":true,"href":"https:\/\/www.huntersfriend.eu\/de\/wp-json\/wp\/v2\/comments?post=280139"}],"wp:featuredmedia":[{"embeddable":true,"href":"https:\/\/www.huntersfriend.eu\/de\/wp-json\/wp\/v2\/media\/274242"}],"wp:attachment":[{"href":"https:\/\/www.huntersfriend.eu\/de\/wp-json\/wp\/v2\/media?parent=280139"}],"wp:term":[{"taxonomy":"product_brand","embeddable":true,"href":"https:\/\/www.huntersfriend.eu\/de\/wp-json\/wp\/v2\/product_brand?post=280139"},{"taxonomy":"product_cat","embeddable":true,"href":"https:\/\/www.huntersfriend.eu\/de\/wp-json\/wp\/v2\/product_cat?post=280139"},{"taxonomy":"product_tag","embeddable":true,"href":"https:\/\/www.huntersfriend.eu\/de\/wp-json\/wp\/v2\/product_tag?post=280139"}],"curies":[{"name":"wp","href":"https:\/\/api.w.org\/{rel}","templated":true}]}}