{"id":280138,"date":"2024-09-11T14:08:10","date_gmt":"2024-09-11T12:08:10","guid":{"rendered":"https:\/\/www.huntersfriend.eu\/product\/pard-nv009-ir-monokular\/"},"modified":"2026-03-18T22:00:58","modified_gmt":"2026-03-18T20:00:58","slug":"pard-nv009-ir-monokular","status":"publish","type":"product","link":"https:\/\/www.huntersfriend.eu\/de\/produkt\/pard-nv009-ir-monokular\/","title":{"rendered":"Pard NV009 IR-Monokular"},"content":{"rendered":"<p><span class=\"jCAhz ChMk0b\"><span class=\"ryNqvb\">Das Pard NV009 ist ein leistungsstarkes und vielseitiges Nachtsichtger\u00e4t, das IR-Licht verwendet und hochwertige Optik mit fortschrittlicher Technologie kombiniert.<\/span><\/span> <span class=\"jCAhz\"><span class=\"ryNqvb\">Dieses Zielfernrohr bietet sowohl bei Tag als auch bei Nacht klare Sicht, und seine Infrarotfunktion erm\u00f6glicht eine pr\u00e4zise Zielidentifikation selbst bei v\u00f6lliger Dunkelheit.<\/span><\/span> <span class=\"jCAhz ChMk0b\"><span class=\"ryNqvb\">Das kompakte und leichte Design erleichtert die Installation und Verwendung, und vielseitige Befestigungsoptionen passen zu den meisten Waffensystemen.<\/span><\/span> <span class=\"jCAhz ChMk0b\"><span class=\"ryNqvb\">Das Pard NV009 ist eine ausgezeichnete Wahl f\u00fcr die Jagd, \u00dcberwachung und Beobachtung und bietet zuverl\u00e4ssige Leistung unter allen Bedingungen. <\/span><\/span><\/p>\n<p><span class=\"jCAhz ChMk0b\"><span class=\"ryNqvb\">Tag- und Nachtsichtfunktionen: Geeignet f\u00fcr den Einsatz bei Tageslicht und Dunkelheit, erm\u00f6glicht die Zielbeobachtung unter allen Lichtbedingungen. <\/span><\/span><\/p>\n<p><span class=\"jCAhz ChMk0b\"><span class=\"ryNqvb\">Infrarotbeleuchtung: Das integrierte IR-Licht bietet hervorragende Sichtbarkeit selbst unter v\u00f6llig dunklen Bedingungen. <\/span><\/span><\/p>\n<p><span class=\"jCAhz ChMk0b\"><span class=\"ryNqvb\">Hohe Aufl\u00f6sung: Ein scharfes und klares Bild, das pr\u00e4zises Zielen auch auf gro\u00dfe Entfernungen garantiert. <\/span><\/span><\/p>\n<p><span class=\"jCAhz ChMk0b\"><span class=\"ryNqvb\">Empfindlicher Sensor: 1920*1080 Pixel CMOS mit 0,001 Lux Empfindlichkeit.el)1920*1080(Pixel) <\/span><\/span><\/p>\n<p><span class=\"jCAhz\"><span class=\"ryNqvb\">Kompaktes und leichtes Design: Leichtgewichtiges Ger\u00e4t, nur 305 Gramm.<\/span><\/span><\/p>\n<p><span class=\"jCAhz ChMk0b\"><span class=\"ryNqvb\">Au\u00dfenabmessungen 150x70x38mm. <\/span><\/span><\/p>\n<p><span class=\"jCAhz ChMk0b\"><span class=\"ryNqvb\">Benutzerfreundliche Bedienoberfl\u00e4che: Schnelle und intuitive Bedienung, auch unter anspruchsvollen Bedingungen. <\/span><\/span><\/p>\n<p><span class=\"jCAhz ChMk0b\"><span class=\"ryNqvb\">Erh\u00e4ltlich in 850nm &amp; 940nm Modellen. <\/span><\/span><\/p>\n<p><span class=\"jCAhz ChMk0b\"><span class=\"ryNqvb\">Das Pard NV009 ist f\u00fcr aktive J\u00e4ger und andere Benutzer konzipiert, die erstklassige Leistung und Zuverl\u00e4ssigkeit im Dunkeln zu einem erschwinglichen Preis verlangen.<\/span><\/span><\/p>\n","protected":false},"excerpt":{"rendered":"<p>850nm oder 940nm<\/p>\n","protected":false},"featured_media":273038,"comment_status":"open","ping_status":"closed","template":"","meta":[],"product_brand":[],"product_cat":[1375],"product_tag":[],"class_list":{"0":"post-280138","1":"product","2":"type-product","3":"status-publish","4":"has-post-thumbnail","6":"product_cat-nachtsicht","8":"first","9":"instock","10":"taxable","11":"shipping-taxable","12":"purchasable","13":"product-type-variable"},"composite_virtual":false,"composite_layout":"","composite_add_to_cart_form_location":"","composite_editable_in_cart":false,"composite_sold_individually_context":"","composite_shop_price_calc":"","composite_components":[],"composite_scenarios":[],"group_of_quantity":0,"min_quantity":0,"max_quantity":"","exclude_order_quantity_value_rules":"no","exclude_category_quantity_rules":"no","combine_variations":"no","exclude_global_add_ons":[],"addons":[],"_links":{"self":[{"href":"https:\/\/www.huntersfriend.eu\/de\/wp-json\/wp\/v2\/product\/280138","targetHints":{"allow":["GET"]}}],"collection":[{"href":"https:\/\/www.huntersfriend.eu\/de\/wp-json\/wp\/v2\/product"}],"about":[{"href":"https:\/\/www.huntersfriend.eu\/de\/wp-json\/wp\/v2\/types\/product"}],"replies":[{"embeddable":true,"href":"https:\/\/www.huntersfriend.eu\/de\/wp-json\/wp\/v2\/comments?post=280138"}],"wp:featuredmedia":[{"embeddable":true,"href":"https:\/\/www.huntersfriend.eu\/de\/wp-json\/wp\/v2\/media\/273038"}],"wp:attachment":[{"href":"https:\/\/www.huntersfriend.eu\/de\/wp-json\/wp\/v2\/media?parent=280138"}],"wp:term":[{"taxonomy":"product_brand","embeddable":true,"href":"https:\/\/www.huntersfriend.eu\/de\/wp-json\/wp\/v2\/product_brand?post=280138"},{"taxonomy":"product_cat","embeddable":true,"href":"https:\/\/www.huntersfriend.eu\/de\/wp-json\/wp\/v2\/product_cat?post=280138"},{"taxonomy":"product_tag","embeddable":true,"href":"https:\/\/www.huntersfriend.eu\/de\/wp-json\/wp\/v2\/product_tag?post=280138"}],"curies":[{"name":"wp","href":"https:\/\/api.w.org\/{rel}","templated":true}]}}