{"id":280131,"date":"2024-09-09T11:43:52","date_gmt":"2025-06-23T07:33:04","guid":{"rendered":"https:\/\/www.huntersfriend.eu\/product\/sitka-flash-optik-geschirr-elevated-ii\/"},"modified":"2026-01-29T12:13:34","modified_gmt":"2026-01-29T10:13:34","slug":"sitka-flash-optik-geschirr-elevated-ii","status":"publish","type":"product","link":"https:\/\/www.huntersfriend.eu\/de\/produkt\/sitka-flash-optik-geschirr-elevated-ii\/","title":{"rendered":"SITKA Flash Optik-Geschirr Elevated II"},"content":{"rendered":"<p>Sitka hat sich zum Ziel gesetzt, ein modulares Geschirr zu entwickeln, das sich nahtlos in die Ausr\u00fcstung von Wei\u00dfwedelhirschj\u00e4gern einf\u00fcgt, die ihre Basis in den Baumkronen aufschlagen. Mit einer beweglichen Entfernungsmessertasche, MOLLE-Panels und einh\u00e4ndiger, beidh\u00e4ndiger Bedienung bietet das Flash Optik-Geschirr eine fl\u00fcssige Integration in jedes Setup. <\/p>\n<p>Aufbauend auf dem bew\u00e4hrten Verm\u00e4chtnis unseres Mountain Optik-Geschirrs haben wir das Flash Optik-Geschirr f\u00fcr vollst\u00e4ndige Modularit\u00e4t und Integration in Ihre Ausr\u00fcstung konzipiert. Dieses anpassbare Fernglas- und Entfernungsmesser-Geschirr sitzt wie eine Weste und kann blitzschnell an- und ausgezogen werden, w\u00e4hrend man einen Baumstand-Gurt oder eine Kapuze tr\u00e4gt oder von einem Sattel aus jagt. Mit begrenzten Riemen, ger\u00e4uschlosen Verschl\u00fcssen und magnetischen Deckeln, die sich f\u00fcr besseren Zugang verstauen lassen, ist dies das unauff\u00e4lligste Geschirr, das je hergestellt wurde.  <\/p>\n<p>Einfaches An- und Ausziehen mit einem einzigen Befestigungspunkt erm\u00f6glicht einh\u00e4ndige Bedienung<\/p>\n<p>Strukturiertes R\u00fcckenteil f\u00fcr westen\u00e4hnliche Passform<\/p>\n<p>Lasergeschnittene L\u00f6cher, verbunden mit Airmesh, sorgen f\u00fcr optimale Atmungsaktivit\u00e4t im gesamten Geschirr<\/p>\n<p>Konzipiert f\u00fcr 8x und 10x Ferngl\u00e4ser bis zu 17,15 cm H\u00f6he<\/p>\n<p>Beinhaltet beidseitig verwendbare Entfernungsmessertasche mit Spiralkabel<\/p>\n<p>Magnetischer Deckel auf dem Fernglas-Etui und der Entfernungsmessertasche f\u00fcr ger\u00e4uschlosen Gebrauch und einfachen Zugriff auf die Optik<\/p>\n<p>Hypalon-MOLLE-Webbing f\u00fcr Zubeh\u00f6ranbringung auf beiden Seiten des Optikgeh\u00e4uses sowie unter dem Geschirr<\/p>\n<p>Ein Schnellverschluss-Fernglas-Haltegurt, anbringbar auf der linken oder rechten Seite des Tr\u00e4gers<\/p>\n<p>Befestigungspunkt f\u00fcr Jetstream Insulated WS Muff unter dem Optiktr\u00e4ger<\/p>\n<p>Dehnbare Netzstoff-Seiten- und R\u00fcckentaschen halten Windanzeiger und andere Werkzeuge griffbereit<\/p>\n<p>R\u00fcckw\u00e4rtige Rei\u00dfverschlusstasche<\/p>\n<p>Verstellbar f\u00fcr optimale Passform<\/p>\n<p>Patentangemeldete Clips erm\u00f6glichen einfaches Entfernen des Fernglas-Etuis vom Geschirr<\/p>\n<p>Internes Linsentuch<\/p>\n","protected":false},"excerpt":{"rendered":"<p>Sitka hat sich zum Ziel gesetzt, ein modulares Geschirr zu entwickeln, das sich nahtlos in die Ausr\u00fcstung von Wei\u00dfwedelhirschj\u00e4gern einf\u00fcgt, die ihre Basis in den Baumkronen aufschlagen. Mit einer beweglichen Entfernungsmessertasche, MOLLE-Panels und einh\u00e4ndiger, beidh\u00e4ndiger Bedienung bietet das Flash Optik-Geschirr eine fl\u00fcssige Integration in jedes Setup. Aufbauend auf dem bew\u00e4hrten Verm\u00e4chtnis unseres Mountain Optik-Geschirrs haben [&#8230;]\n","protected":false},"featured_media":272727,"comment_status":"open","ping_status":"closed","template":"","meta":[],"product_brand":[],"product_cat":[1773],"product_tag":[],"class_list":{"0":"post-280131","1":"product","2":"type-product","3":"status-publish","4":"has-post-thumbnail","6":"product_cat-bino-harnesses-de","8":"first","9":"outofstock","10":"taxable","11":"shipping-taxable","12":"purchasable","13":"product-type-variable"},"composite_virtual":false,"composite_layout":"","composite_add_to_cart_form_location":"","composite_editable_in_cart":false,"composite_sold_individually_context":"","composite_shop_price_calc":"","composite_components":[],"composite_scenarios":[],"group_of_quantity":0,"min_quantity":0,"max_quantity":"","exclude_order_quantity_value_rules":"no","exclude_category_quantity_rules":"no","combine_variations":"no","exclude_global_add_ons":[],"addons":[],"_links":{"self":[{"href":"https:\/\/www.huntersfriend.eu\/de\/wp-json\/wp\/v2\/product\/280131","targetHints":{"allow":["GET"]}}],"collection":[{"href":"https:\/\/www.huntersfriend.eu\/de\/wp-json\/wp\/v2\/product"}],"about":[{"href":"https:\/\/www.huntersfriend.eu\/de\/wp-json\/wp\/v2\/types\/product"}],"replies":[{"embeddable":true,"href":"https:\/\/www.huntersfriend.eu\/de\/wp-json\/wp\/v2\/comments?post=280131"}],"wp:featuredmedia":[{"embeddable":true,"href":"https:\/\/www.huntersfriend.eu\/de\/wp-json\/wp\/v2\/media\/272727"}],"wp:attachment":[{"href":"https:\/\/www.huntersfriend.eu\/de\/wp-json\/wp\/v2\/media?parent=280131"}],"wp:term":[{"taxonomy":"product_brand","embeddable":true,"href":"https:\/\/www.huntersfriend.eu\/de\/wp-json\/wp\/v2\/product_brand?post=280131"},{"taxonomy":"product_cat","embeddable":true,"href":"https:\/\/www.huntersfriend.eu\/de\/wp-json\/wp\/v2\/product_cat?post=280131"},{"taxonomy":"product_tag","embeddable":true,"href":"https:\/\/www.huntersfriend.eu\/de\/wp-json\/wp\/v2\/product_tag?post=280131"}],"curies":[{"name":"wp","href":"https:\/\/api.w.org\/{rel}","templated":true}]}}