{"id":280124,"date":"2024-09-11T12:49:12","date_gmt":"2024-09-11T10:49:12","guid":{"rendered":"https:\/\/www.huntersfriend.eu\/product\/pard-fd1-adapter\/"},"modified":"2026-03-18T22:00:59","modified_gmt":"2026-03-18T20:00:59","slug":"pard-fd1-adapter","status":"publish","type":"product","link":"https:\/\/www.huntersfriend.eu\/de\/produkt\/pard-fd1-adapter\/","title":{"rendered":"Pard FD1 Adapter"},"content":{"rendered":"<p><span class=\"jCAhz\"><span class=\"ryNqvb\">Pard FD1 &amp; FT Adapter, mit welchem Sie das Infrarot-\/W\u00e4rmebildger\u00e4t einfach und schnell an der Vorderseite des Zielfernrohrs befestigen k\u00f6nnen.<\/span><\/span><\/p>\n<p><span class=\"jCAhz ChMk0b\"><span class=\"ryNqvb\">Messen Sie den Au\u00dfendurchmesser des vorderen Endes Ihres Zielfernrohrs und w\u00e4hlen Sie das Produkt entsprechend aus.<\/span><\/span><\/p>\n<p><span class=\"jCAhz ChMk0b\"><span class=\"ryNqvb\">W<\/span><\/span><span class=\"jCAhz ChMk0b\"><span class=\"ryNqvb\">\u00e4hlen Sie einen Adapter, der gr\u00f6\u00dfer als der Durchmesser des vorderen Endes ist. <\/span><\/span> <\/p>\n<p><span class=\"jCAhz ChMk0b\"><span class=\"ryNqvb\">Dieses Produkt ist geeignet f\u00fcr Pard FD1 &amp; FT Modelle.<\/span><\/span><\/p>\n","protected":false},"excerpt":{"rendered":"<p>Pard FD1 &amp; FT Adapter, mit welchem Sie das Infrarot-\/W\u00e4rmebildger\u00e4t einfach und schnell an der Vorderseite des Zielfernrohrs befestigen k\u00f6nnen. Messen Sie den Au\u00dfendurchmesser des vorderen Endes Ihres Zielfernrohrs und w\u00e4hlen Sie das Produkt entsprechend aus. W\u00e4hlen Sie einen Adapter, der gr\u00f6\u00dfer als der Durchmesser des vorderen Endes ist. Dieses Produkt ist geeignet f\u00fcr Pard [&#8230;]\n","protected":false},"featured_media":273005,"comment_status":"open","ping_status":"closed","template":"","meta":[],"product_brand":[],"product_cat":[1412,1376],"product_tag":[],"class_list":{"0":"post-280124","1":"product","2":"type-product","3":"status-publish","4":"has-post-thumbnail","6":"product_cat-fernglaszubehor","7":"product_cat-warmebildtechnik","9":"first","10":"instock","11":"taxable","12":"shipping-taxable","13":"purchasable","14":"product-type-variable"},"composite_virtual":false,"composite_layout":"","composite_add_to_cart_form_location":"","composite_editable_in_cart":false,"composite_sold_individually_context":"","composite_shop_price_calc":"","composite_components":[],"composite_scenarios":[],"group_of_quantity":0,"min_quantity":0,"max_quantity":"","exclude_order_quantity_value_rules":"no","exclude_category_quantity_rules":"no","combine_variations":"no","exclude_global_add_ons":[],"addons":[],"_links":{"self":[{"href":"https:\/\/www.huntersfriend.eu\/de\/wp-json\/wp\/v2\/product\/280124","targetHints":{"allow":["GET"]}}],"collection":[{"href":"https:\/\/www.huntersfriend.eu\/de\/wp-json\/wp\/v2\/product"}],"about":[{"href":"https:\/\/www.huntersfriend.eu\/de\/wp-json\/wp\/v2\/types\/product"}],"replies":[{"embeddable":true,"href":"https:\/\/www.huntersfriend.eu\/de\/wp-json\/wp\/v2\/comments?post=280124"}],"wp:featuredmedia":[{"embeddable":true,"href":"https:\/\/www.huntersfriend.eu\/de\/wp-json\/wp\/v2\/media\/273005"}],"wp:attachment":[{"href":"https:\/\/www.huntersfriend.eu\/de\/wp-json\/wp\/v2\/media?parent=280124"}],"wp:term":[{"taxonomy":"product_brand","embeddable":true,"href":"https:\/\/www.huntersfriend.eu\/de\/wp-json\/wp\/v2\/product_brand?post=280124"},{"taxonomy":"product_cat","embeddable":true,"href":"https:\/\/www.huntersfriend.eu\/de\/wp-json\/wp\/v2\/product_cat?post=280124"},{"taxonomy":"product_tag","embeddable":true,"href":"https:\/\/www.huntersfriend.eu\/de\/wp-json\/wp\/v2\/product_tag?post=280124"}],"curies":[{"name":"wp","href":"https:\/\/api.w.org\/{rel}","templated":true}]}}