{"id":280118,"date":"2024-09-02T10:49:25","date_gmt":"2024-09-02T08:49:25","guid":{"rendered":"https:\/\/www.huntersfriend.eu\/product\/swarovski-tm-35-2-aufsteck-waermebildgeraet\/"},"modified":"2025-06-23T09:33:01","modified_gmt":"2025-06-23T07:33:01","slug":"swarovski-tm-35-2-aufsteck-waermebildgeraet","status":"publish","type":"product","link":"https:\/\/www.huntersfriend.eu\/de\/produkt\/swarovski-tm-35-2-aufsteck-waermebildgeraet\/","title":{"rendered":"Swarovski tM 35.2 Aufsteck-W\u00e4rmebildger\u00e4t"},"content":{"rendered":"<p>Das tM 35.2 \u00fcberzeugt sowohl als Aufsteck- als auch als handgef\u00fchrtes Beobachtungsger\u00e4t. In der D\u00e4mmerung und in der Dunkelheit k\u00f6nnen Sie sich problemlos auf dieses jederzeit einsatzbereite W\u00e4rmebildger\u00e4t verlassen, das dank des energiesparenden SWAROLIGHT-Timers f\u00fcr automatisches Ein- und Ausschalten und intelligenter Helligkeitsanpassung die ganze Nacht hindurch einsatzbereit ist. Seine intuitive Handhabung macht das tM 35.2 zur ersten Wahl f\u00fcr Jagdbegeisterte. Verwandeln Sie Ihr SWAROVSKI OPTIK Zielfernrohr der Serien dS, Z8i, Z6i, Z5(i) und Z3 mit dem kompatiblen tMA W\u00e4rmebild-Monokularvorsatzadapter umgehend in ein W\u00e4rmebildzielfernrohr. tM 35.2 \u2013 das ideale W\u00e4rmebildaufsteckger\u00e4t f\u00fcr dunkle N\u00e4chte auf dem Hochsitz.    <\/p>\n<p><span class=\"swo-css-bmqmpb\">Produktbeschreibung<\/span><\/p>\n<div class=\"swo-css-1kfpjwd\">\n<div class=\"swo-css-1dr91l7-DescriptionRichText eyzq37t0\">\n<p>Das tM 35.2 \u00fcberzeugt sowohl als handgef\u00fchrtes Beobachtungs- als auch als Aufsteckger\u00e4t. Der bew\u00e4hrte, energiesparende SWAROLIGHT-Timer f\u00fcr automatisches Ein- und Ausschalten und die intelligente Helligkeitsanpassung gew\u00e4hrleisten eine st\u00e4ndige Einsatzbereitschaft. Je nach Jagdsituation kann die Detailerkennung durch Umschalten zwischen den Modi White Hot und Black Hot verbessert werden.  <\/p>\n<p>Das tM 35.2 l\u00e4sst sich in der Dunkelheit intuitiv bedienen und ist kompatibel mit SWAROVSKI OPTIK Zielfernrohren der Serien dS, Z8i, Z6i, Z5(i) und Z3.<\/p>\n<p><b>N\u00c4CHTLICH UND PR\u00c4ZISE<\/b><br \/>\nWenn sich die Jagd bis in die Nacht hinein erstreckt, verlassen sich J\u00e4ger auf das tM 35.2 W\u00e4rmebildger\u00e4t. Als Aufsteckger\u00e4t passt es perfekt auf Ihr SWAROVSKI OPTIK Zielfernrohr und garantiert eine 100%ig zuverl\u00e4ssige Treffpunktlage ohne die Notwendigkeit des Einschie\u00dfens. <\/p>\n<p><b>LEICHT ZU BEDIENEN<\/b><br \/>\nEin entscheidender Vorteil in der Nacht: Dank automatischem Ein- und Ausschalten, intelligenter Helligkeitsanpassung und langer Akkulaufzeit ist das tM 35.2 jederzeit sofort einsatzbereit.<\/p>\n<p><b>Hinweis:<\/b><br \/>\nDie Gesetzgebung zu Waffen und Jagd legt besondere Bedingungen f\u00fcr den Erwerb, den Besitz und die Verwendung von W\u00e4rmebildger\u00e4ten fest. Bitte \u00fcberpr\u00fcfen Sie stets die nationalen Bestimmungen und Vorschriften vor dem Kauf oder der Verwendung. <\/p>\n<p><span class=\"swo-css-bmqmpb\">Inbegriffen:<\/span><\/p>\n<ul>\n<li class=\"swo-css-1a0tqat\">RB tM 35 Akku<\/li>\n<li class=\"swo-css-1a0tqat\">RBC Akkuladeger\u00e4t<\/li>\n<li class=\"swo-css-1a0tqat\">Micro-USB Ladekabel<\/li>\n<li class=\"swo-css-1a0tqat\">Feldtasche<\/li>\n<li class=\"swo-css-1a0tqat\">Winkelaugenmuschel<\/li>\n<li class=\"swo-css-1a0tqat\">Trageriemen<\/li>\n<li class=\"swo-css-1a0tqat\">Handschlaufe<\/li>\n<li class=\"swo-css-1a0tqat\">Okularabdeckung<\/li>\n<li class=\"swo-css-1a0tqat\">Integrierter Objektivschutzdeckel<\/li>\n<\/ul>\n<div class=\"selected swo-css-1cs9xox\"><span class=\"swo-css-1i89qxk\">Gr\u00f6\u00dfe &amp; Gewicht<\/span><\/p>\n<div><\/div>\n<\/div>\n<div class=\"is-selected swo-css-3uk7ts\">\n<div class=\"swo-css-1fn4ol2\">\n<div class=\"swo-css-wvbtny\">\n<div class=\"swo-css-1kfpjwd\">\n<div class=\"swo-css-1fttcpj\"><span class=\"swo-css-okagfm\">170 mm &#8211; <\/span>L\u00e4nge in mm.<\/div>\n<\/div>\n<\/div>\n<div class=\"swo-css-wvbtny\">\n<div class=\"swo-css-1kfpjwd\">\n<div class=\"swo-css-1fttcpj\"><span class=\"swo-css-okagfm\">54 mm &#8211; <\/span>Breite in mm.<\/div>\n<\/div>\n<\/div>\n<div class=\"swo-css-wvbtny\">\n<div class=\"swo-css-1kfpjwd\">\n<div class=\"swo-css-1fttcpj\"><span class=\"swo-css-okagfm\">80 mm &#8211; <\/span>H\u00f6he in mm.<\/div>\n<\/div>\n<\/div>\n<div class=\"swo-css-wvbtny\">\n<div class=\"swo-css-1kfpjwd\">\n<div class=\"swo-css-1fttcpj\"><span class=\"swo-css-okagfm\">495 g &#8211; <\/span>Gewicht<\/div>\n<\/div>\n<\/div>\n<div class=\"swo-css-wvbtny\">\n<div>\n<div class=\"swo-css-1kfpjwd\">\n<div class=\"swo-css-1fttcpj\"><span class=\"swo-css-okagfm\">M44x0,75 &#8211; <\/span>Anschlussgewinde<\/div>\n<\/div>\n<\/div>\n<div>\n<div><\/div>\n<div class=\"selected swo-css-1cs9xox\"><span class=\"swo-css-1i89qxk\">Digital<\/span><\/p>\n<div><\/div>\n<\/div>\n<div class=\"is-selected swo-css-3uk7ts\">\n<div class=\"swo-css-1fn4ol2\">\n<div class=\"swo-css-wvbtny\">\n<div class=\"swo-css-1kfpjwd\">\n<div class=\"swo-css-1fttcpj\"><span class=\"swo-css-okagfm\">60Hz &#8211; <\/span>Bildwiederholrate (Hz)<\/div>\n<\/div>\n<\/div>\n<div class=\"swo-css-wvbtny\">\n<div class=\"swo-css-1kfpjwd\">\n<div class=\"swo-css-1fttcpj\"><span class=\"swo-css-okagfm\">AMOLED &#8211; <\/span>Bildschirmtyp<\/div>\n<\/div>\n<\/div>\n<div class=\"swo-css-wvbtny\">\n<div class=\"swo-css-1kfpjwd\">\n<div class=\"swo-css-1fttcpj\"><span class=\"swo-css-okagfm\">2560&#215;2048 &#8211; <\/span>Bildschirmaufl\u00f6sung (Pixel)<\/div>\n<\/div>\n<\/div>\n<div class=\"swo-css-wvbtny\">\n<div class=\"swo-css-1kfpjwd\">\n<div class=\"swo-css-1fttcpj\"><span class=\"swo-css-okagfm\">Ungek\u00fchlter VOx-Mikrobolometer &#8211; <\/span>Sensortyp<\/div>\n<\/div>\n<\/div>\n<div class=\"swo-css-wvbtny\">\n<div class=\"swo-css-1kfpjwd\">\n<div class=\"swo-css-1fttcpj\"><span class=\"swo-css-okagfm\">320&#215;256 &#8211; <\/span>Sensoraufl\u00f6sung (Pixel)<\/div>\n<\/div>\n<\/div>\n<div class=\"swo-css-wvbtny\">\n<div class=\"swo-css-1kfpjwd\">\n<div class=\"swo-css-1fttcpj\"><span class=\"swo-css-okagfm\">12 &#8211; <\/span>Pixelgr\u00f6\u00dfe (\u00b5m)<\/div>\n<\/div>\n<\/div>\n<div class=\"swo-css-wvbtny\">\n<div class=\"swo-css-1kfpjwd\">\n<div class=\"swo-css-1fttcpj\"><span class=\"swo-css-okagfm\">2,5 s &#8211; <\/span>Startzeit (s)<\/div>\n<\/div>\n<\/div>\n<\/div>\n<\/div>\n<\/div>\n<\/div>\n<\/div>\n<\/div>\n<\/div>\n<\/div>\n","protected":false},"excerpt":{"rendered":"<p>Das tM 35.2 \u00fcberzeugt sowohl als Aufsteck- als auch als handgef\u00fchrtes Beobachtungsger\u00e4t. In der D\u00e4mmerung und in der Dunkelheit k\u00f6nnen Sie sich problemlos auf dieses jederzeit einsatzbereite W\u00e4rmebildger\u00e4t verlassen, das dank des energiesparenden SWAROLIGHT-Timers f\u00fcr automatisches Ein- und Ausschalten und intelligenter Helligkeitsanpassung die ganze Nacht hindurch einsatzbereit ist. Seine intuitive Handhabung macht das tM 35.2 [&#8230;]\n","protected":false},"featured_media":272378,"comment_status":"open","ping_status":"closed","template":"","meta":[],"product_brand":[],"product_cat":[1145],"product_tag":[],"class_list":{"0":"post-280118","1":"product","2":"type-product","3":"status-publish","4":"has-post-thumbnail","6":"product_cat-sonstiges","8":"first","9":"outofstock","10":"taxable","11":"shipping-taxable","12":"purchasable","13":"product-type-simple"},"composite_virtual":false,"composite_layout":"","composite_add_to_cart_form_location":"","composite_editable_in_cart":false,"composite_sold_individually_context":"","composite_shop_price_calc":"","composite_components":[],"composite_scenarios":[],"group_of_quantity":0,"min_quantity":0,"max_quantity":"","exclude_order_quantity_value_rules":"no","exclude_category_quantity_rules":"no","combine_variations":"no","exclude_global_add_ons":[],"addons":[],"_links":{"self":[{"href":"https:\/\/www.huntersfriend.eu\/de\/wp-json\/wp\/v2\/product\/280118","targetHints":{"allow":["GET"]}}],"collection":[{"href":"https:\/\/www.huntersfriend.eu\/de\/wp-json\/wp\/v2\/product"}],"about":[{"href":"https:\/\/www.huntersfriend.eu\/de\/wp-json\/wp\/v2\/types\/product"}],"replies":[{"embeddable":true,"href":"https:\/\/www.huntersfriend.eu\/de\/wp-json\/wp\/v2\/comments?post=280118"}],"wp:featuredmedia":[{"embeddable":true,"href":"https:\/\/www.huntersfriend.eu\/de\/wp-json\/wp\/v2\/media\/272378"}],"wp:attachment":[{"href":"https:\/\/www.huntersfriend.eu\/de\/wp-json\/wp\/v2\/media?parent=280118"}],"wp:term":[{"taxonomy":"product_brand","embeddable":true,"href":"https:\/\/www.huntersfriend.eu\/de\/wp-json\/wp\/v2\/product_brand?post=280118"},{"taxonomy":"product_cat","embeddable":true,"href":"https:\/\/www.huntersfriend.eu\/de\/wp-json\/wp\/v2\/product_cat?post=280118"},{"taxonomy":"product_tag","embeddable":true,"href":"https:\/\/www.huntersfriend.eu\/de\/wp-json\/wp\/v2\/product_tag?post=280118"}],"curies":[{"name":"wp","href":"https:\/\/api.w.org\/{rel}","templated":true}]}}