{"id":280116,"date":"2024-09-10T06:56:07","date_gmt":"2024-09-10T04:56:07","guid":{"rendered":"https:\/\/www.huntersfriend.eu\/product\/gpo-rangetracker-1800\/"},"modified":"2025-10-15T11:33:39","modified_gmt":"2025-10-15T09:33:39","slug":"gpo-rangetracker-1800","status":"publish","type":"product","link":"https:\/\/www.huntersfriend.eu\/de\/produkt\/gpo-rangetracker-1800\/","title":{"rendered":"GPO rangetracker 1800"},"content":{"rendered":"<p>Deutsche Pr\u00e4zisionsoptik<\/p>\n<p>Der neue RANGETRACKER 1800 erf\u00fcllt alle Ihre Anforderungen an einen Laser-Entfernungsmesser mit intelligenter Technologie, einer intuitiven Benutzeroberfl\u00e4che und einem ergonomischen Design. Die integrierte visuelle Zielfindungsfunktion und die SLOPE-Technologie sind mit einem der schnellsten Laser-Entfernungsmesser auf dem Markt kombiniert. <\/p>\n<p>Mit einer maximalen Reichweite von 1.800 Metern bei gut reflektierenden Zielen, dem integrierten Hyperscan-Modus, der 3 Messungen pro Sekunde erm\u00f6glicht und somit extrem schnelle Messungen im Scan-Modus zul\u00e4sst, der BEST- und LAST-Technologie, dem Temperatursensor sowie der SLOPE- und TRUE RANGE-Berechnung erhalten Sie ein Produkt, das f\u00fcr alle Eventualit\u00e4ten und ohne Kompromisse entwickelt wurde. Ergonomisch verf\u00fcgt das Produkt \u00fcber eine Einhandbedienung, die auch die Dioptrieneinstellung umfasst. Dar\u00fcber hinaus ist das Produkt in zwei Farbvarianten erh\u00e4ltlich. Insgesamt ein Produkt, bei dem keinerlei Kompromisse eingegangen wurden.   <\/p>\n<table>\n<tbody>\n<tr>\n<td>Vergr\u00f6\u00dferung<\/td>\n<td>6x<\/td>\n<\/tr>\n<tr>\n<td>Objektivdurchmesser<\/td>\n<td>20 mm<\/td>\n<\/tr>\n<tr>\n<td>Austrittspupille<\/td>\n<td>16 mm<\/td>\n<\/tr>\n<tr>\n<td>Augenabstand<\/td>\n<td>3,33 mm<\/td>\n<\/tr>\n<tr>\n<td>Dioptrienausgleich<\/td>\n<td>+3<\/td>\n<\/tr>\n<tr>\n<td>Sehfeld auf 1000 Meter<\/td>\n<td>7,5\u00b0<\/td>\n<\/tr>\n<tr>\n<td>Laser-Ansprechzeit<\/td>\n<td>0,33 Sek.<\/td>\n<\/tr>\n<tr>\n<td>Scan-Modus<\/td>\n<td>Ja<\/td>\n<\/tr>\n<tr>\n<td>L\u00e4nge<\/td>\n<td>94 mm<\/td>\n<\/tr>\n<tr>\n<td>Breite<\/td>\n<td>33 mm<\/td>\n<\/tr>\n<tr>\n<td>H\u00f6he<\/td>\n<td>76 mm<\/td>\n<\/tr>\n<tr>\n<td>Gewicht<\/td>\n<td>148 g<\/td>\n<\/tr>\n<tr>\n<td>Messungen pro CR2-Batterie<\/td>\n<td>4.000<\/td>\n<\/tr>\n<tr>\n<td>Batterietyp<\/td>\n<td>CR2 Lithium<\/td>\n<\/tr>\n<tr>\n<td>Minimale Reichweite<\/td>\n<td>6 m<\/td>\n<\/tr>\n<tr>\n<td>Maximale Reichweite (reflektierendes Objekt)<\/td>\n<td>1.800 m<\/td>\n<\/tr>\n<tr>\n<td>Reichweite B\u00e4ume und Gras<\/td>\n<td>700 m<\/td>\n<\/tr>\n<tr>\n<td>Messgenauigkeit 6-1.000 Meter<\/td>\n<td>+1<\/td>\n<\/tr>\n<tr>\n<td>Messgenauigkeit 1.000-1.800 Meter<\/td>\n<td>+2<\/td>\n<\/tr>\n<tr>\n<td>Laserklasse (Augensicher)<\/td>\n<td>1M<\/td>\n<\/tr>\n<tr>\n<td>Winkelsensor<\/td>\n<td>+\/-60\u00b0<\/td>\n<\/tr>\n<\/tbody>\n<\/table>\n","protected":false},"excerpt":{"rendered":"<p>Schwarz oder Gr\u00fcn<\/p>\n","protected":false},"featured_media":228268,"comment_status":"open","ping_status":"closed","template":"","meta":[],"product_brand":[],"product_cat":[1145],"product_tag":[],"class_list":{"0":"post-280116","1":"product","2":"type-product","3":"status-publish","4":"has-post-thumbnail","6":"product_cat-sonstiges","8":"first","9":"outofstock","10":"taxable","11":"shipping-taxable","12":"product-type-simple"},"composite_virtual":false,"composite_layout":"","composite_add_to_cart_form_location":"","composite_editable_in_cart":false,"composite_sold_individually_context":"","composite_shop_price_calc":"","composite_components":[],"composite_scenarios":[],"group_of_quantity":0,"min_quantity":0,"max_quantity":"","exclude_order_quantity_value_rules":"no","exclude_category_quantity_rules":"no","combine_variations":"no","exclude_global_add_ons":[],"addons":[],"_links":{"self":[{"href":"https:\/\/www.huntersfriend.eu\/de\/wp-json\/wp\/v2\/product\/280116","targetHints":{"allow":["GET"]}}],"collection":[{"href":"https:\/\/www.huntersfriend.eu\/de\/wp-json\/wp\/v2\/product"}],"about":[{"href":"https:\/\/www.huntersfriend.eu\/de\/wp-json\/wp\/v2\/types\/product"}],"replies":[{"embeddable":true,"href":"https:\/\/www.huntersfriend.eu\/de\/wp-json\/wp\/v2\/comments?post=280116"}],"wp:featuredmedia":[{"embeddable":true,"href":"https:\/\/www.huntersfriend.eu\/de\/wp-json\/wp\/v2\/media\/228268"}],"wp:attachment":[{"href":"https:\/\/www.huntersfriend.eu\/de\/wp-json\/wp\/v2\/media?parent=280116"}],"wp:term":[{"taxonomy":"product_brand","embeddable":true,"href":"https:\/\/www.huntersfriend.eu\/de\/wp-json\/wp\/v2\/product_brand?post=280116"},{"taxonomy":"product_cat","embeddable":true,"href":"https:\/\/www.huntersfriend.eu\/de\/wp-json\/wp\/v2\/product_cat?post=280116"},{"taxonomy":"product_tag","embeddable":true,"href":"https:\/\/www.huntersfriend.eu\/de\/wp-json\/wp\/v2\/product_tag?post=280116"}],"curies":[{"name":"wp","href":"https:\/\/api.w.org\/{rel}","templated":true}]}}