{"id":280105,"date":"2024-09-02T10:48:49","date_gmt":"2024-09-02T08:48:49","guid":{"rendered":"https:\/\/www.huntersfriend.eu\/product\/sitka-taupunkthose\/"},"modified":"2025-08-03T05:36:00","modified_gmt":"2025-08-03T03:36:00","slug":"sitka-taupunkthose","status":"publish","type":"product","link":"https:\/\/www.huntersfriend.eu\/de\/produkt\/sitka-taupunkthose\/","title":{"rendered":"SITKA Taupunkthose"},"content":{"rendered":"<p>Unsere dreilagige GORE-TEX Dew Point Hose bietet wasserdichten Schutz, wenn Sie sich am dritten Tag Ihrer Tour befinden und sich die Wolken verdunkeln. Mit minimalistischen Eigenschaften \u2013 einschlie\u00dflich mikroverschwei\u00dfter N\u00e4hte und ohne Taschen \u2013 ist sie aus einem 20-Denier-Nylon-Ripstop-Obermaterial mit GORE\u00ae C-KNIT\u00ae Backing-Technologie gefertigt, um eine einfache Bewegungsfreiheit und Packbarkeit in den Bergen zu gew\u00e4hrleisten. Beidseitige Rei\u00dfverschl\u00fcsse erm\u00f6glichen ein einfaches An- und Ausziehen sowie Bel\u00fcftung; der artikulierte Schnitt verhindert ein Ziehen beim Navigieren durch unwegsames Gel\u00e4nde oder beim Wandern im Regen.  <\/p>\n<p>GORE\u2122 OPTIFADE\u2122 Concealment Subalpine wurde f\u00fcr das Anpirschen und Auflauern von Huftieren auf Bodenh\u00f6he in baumbewachsenem und bewachsenem Gel\u00e4nde konzipiert.<\/p>\n<p>GORE\u2122 OPTIFADE\u2122 Concealment Open Country ist wissenschaftlich optimiert f\u00fcr Einsatzreichweiten von 50 Yards und mehr auf Bodenh\u00f6he in felsigem Gel\u00e4nde oberhalb der Baumgrenze.<\/p>\n<p>GORE-TEX wasserdichtes\/atmungsaktives Gewebe hilft Ihnen, komfortabel und fokussiert zu bleiben.<\/p>\n<p>Material: GORE-TEX 3-Lagen, 20-Denier-Gewebe mit Ripstop-Nylon-Oberfl\u00e4che<\/p>\n<p>Weiche, packbare GORE\u00ae C-KNIT\u00ae Backing-Technologie bietet Komfort und Packbarkeit<\/p>\n<p>YKK\u00ae 7\/8-L\u00e4nge Seitenrei\u00dfverschl\u00fcsse dienen der W\u00e4rmeableitung und erm\u00f6glichen einfaches An- und Ausziehen mit Schuhen.<\/p>\n<p>Str\u00f6mungsoptimiertes Design f\u00fcr langanhaltende Leistung.<\/p>\n<p>Mikroverschwei\u00dfte N\u00e4hte f\u00fcr Wetterschutz bei minimalem Volumen.<\/p>\n<p>Verstellbarer Nylong\u00fcrtel.<\/p>\n<p>Gewicht: 297,67 g.<\/p>\n","protected":false},"excerpt":{"rendered":"<p>Unsere dreilagige GORE-TEX Dew Point Hose bietet wasserdichten Schutz, wenn Sie sich am dritten Tag Ihrer Tour befinden und sich die Wolken verdunkeln. Mit minimalistischen Eigenschaften \u2013 einschlie\u00dflich mikroverschwei\u00dfter N\u00e4hte und ohne Taschen \u2013 ist sie aus einem 20-Denier-Nylon-Ripstop-Obermaterial mit GORE\u00ae C-KNIT\u00ae Backing-Technologie gefertigt, um eine einfache Bewegungsfreiheit und Packbarkeit in den Bergen zu gew\u00e4hrleisten. [&#8230;]\n","protected":false},"featured_media":272425,"comment_status":"open","ping_status":"closed","template":"","meta":[],"product_brand":[],"product_cat":[1128,1222],"product_tag":[],"class_list":{"0":"post-280105","1":"product","2":"type-product","3":"status-publish","4":"has-post-thumbnail","6":"product_cat-hosen","7":"product_cat-sonderangebote","9":"first","10":"instock","11":"sale","12":"taxable","13":"shipping-taxable","14":"purchasable","15":"product-type-variable"},"composite_virtual":false,"composite_layout":"","composite_add_to_cart_form_location":"","composite_editable_in_cart":false,"composite_sold_individually_context":"","composite_shop_price_calc":"","composite_components":[],"composite_scenarios":[],"group_of_quantity":0,"min_quantity":0,"max_quantity":"","exclude_order_quantity_value_rules":"no","exclude_category_quantity_rules":"no","combine_variations":"no","exclude_global_add_ons":[],"addons":[],"_links":{"self":[{"href":"https:\/\/www.huntersfriend.eu\/de\/wp-json\/wp\/v2\/product\/280105","targetHints":{"allow":["GET"]}}],"collection":[{"href":"https:\/\/www.huntersfriend.eu\/de\/wp-json\/wp\/v2\/product"}],"about":[{"href":"https:\/\/www.huntersfriend.eu\/de\/wp-json\/wp\/v2\/types\/product"}],"replies":[{"embeddable":true,"href":"https:\/\/www.huntersfriend.eu\/de\/wp-json\/wp\/v2\/comments?post=280105"}],"wp:featuredmedia":[{"embeddable":true,"href":"https:\/\/www.huntersfriend.eu\/de\/wp-json\/wp\/v2\/media\/272425"}],"wp:attachment":[{"href":"https:\/\/www.huntersfriend.eu\/de\/wp-json\/wp\/v2\/media?parent=280105"}],"wp:term":[{"taxonomy":"product_brand","embeddable":true,"href":"https:\/\/www.huntersfriend.eu\/de\/wp-json\/wp\/v2\/product_brand?post=280105"},{"taxonomy":"product_cat","embeddable":true,"href":"https:\/\/www.huntersfriend.eu\/de\/wp-json\/wp\/v2\/product_cat?post=280105"},{"taxonomy":"product_tag","embeddable":true,"href":"https:\/\/www.huntersfriend.eu\/de\/wp-json\/wp\/v2\/product_tag?post=280105"}],"curies":[{"name":"wp","href":"https:\/\/api.w.org\/{rel}","templated":true}]}}