{"id":280100,"date":"2024-08-31T00:22:12","date_gmt":"2025-06-23T07:32:54","guid":{"rendered":"https:\/\/www.huntersfriend.eu\/product\/swarovski-fernglas-trageriemen\/"},"modified":"2025-07-24T03:16:32","modified_gmt":"2025-07-24T01:16:32","slug":"swarovski-fernglas-trageriemen","status":"publish","type":"product","link":"https:\/\/www.huntersfriend.eu\/de\/produkt\/swarovski-fernglas-trageriemen\/","title":{"rendered":"Swarovski Fernglas-Trageriemen"},"content":{"rendered":"<p>Der Trageriemen bietet optimalen Schutz f\u00fcr Ihr Fernglas und ist au\u00dferordentlich komfortabel bei der Naturbeobachtung oder der Jagd. Er gew\u00e4hrleistet zudem, dass Ihr Fernglas stets griffbereit ist, wenn Sie es ben\u00f6tigen. Der kompakte Trageriemen l\u00e4sst sich dank seiner praktischen Magnetverschl\u00fcsse leicht anlegen, und Ihr Fernglas bleibt bei Bewegungen immer dicht an Ihrer Brust. Doch er ist nicht nur praktisch. Der Trageriemen \u00fcberzeugt auch durch sein SWAROVSKI OPTIK Design und hochwertige Materialien.    <\/p>\n<p><span class=\"swo-css-bmqmpb\">Produktbeschreibung<\/span><\/p>\n<div class=\"swo-css-1kfpjwd\">\n<div class=\"swo-css-1dr91l7-DescriptionRichText eyzq37t0\">\n<p><b>Kompakter Trageriemen f\u00fcr Ihr Fernglas<\/b><br \/>\nOb Sie sprinten, kriechen oder in die Hocke gehen, der Trageriemen h\u00e4lt Ihr Fernglas sicher an Ort und Stelle. Zus\u00e4tzliche Riemen an jeder Seite sorgen f\u00fcr absolute Sicherheit Ihres Fernglases. Kleinere Gegenst\u00e4nde k\u00f6nnen auch schnell und sicher in den beiden Seitenf\u00e4chern verstaut werden.  <\/p>\n<p><b>Maximaler Schutz f\u00fcr Ihr Fernglas<\/b><br \/>\nSch\u00fctzen Sie Ihr Fernglas vor Feuchtigkeit, pl\u00f6tzlichen St\u00f6\u00dfen und mehr. Selbst wenn Sie nah am Boden kriechen oder kauern, sch\u00fctzt der Trageriemen Ihr Fernglas vor Schmutz und Steinen. Zudem ist Ihr Fernglas jederzeit griffbereit, wenn Sie es ben\u00f6tigen.  <\/p>\n<p><b>Umfassender Komfort<\/b><br \/>\nDie ergonomisch geformten, robusten Riemen, die strategisch platzierte Polsterung und das X-Design auf der R\u00fcckseite entlasten Ihren Nacken und sorgen daf\u00fcr, dass Sie den Trageriemen kaum bemerken. Das flache R\u00fcckendesign erm\u00f6glicht es Ihnen zudem, bei Bedarf einen Rucksack zu tragen. <\/p>\n<p><b>Greifen Sie nach Ihrem Fernglas, wann immer Sie es ben\u00f6tigen<\/b><br \/>\nUm Ihr Fernglas zu greifen, \u00f6ffnen Sie einfach die vordere Klappe mithilfe des Magnetverschlusses oben am Trageriemen und klappen Sie sie nach unten. Dies ist sogar einh\u00e4ndig leicht zu bewerkstelligen. Um sicherzustellen, dass die Klappe an Ort und Stelle bleibt, befestigen Sie sie einfach mit einem Magnetverschluss am unteren Teil des Trageriemens.  <\/p>\n<p><b>SWAROVSKI OPTIK Design und Qualit\u00e4t<\/b><br \/>\nGenie\u00dfen Sie den Vorteil hochwertiger Materialien und Verschl\u00fcsse. Sie sind robust und langlebig, sodass Sie Ihren Trageriemen bei jeder Aktivit\u00e4t m\u00f6glichst lange nutzen k\u00f6nnen. Der Trageriemen wurde speziell f\u00fcr Ihre SWAROVSKI OPTIK Ferngl\u00e4ser entworfen, und der dunkelgr\u00fcne Stoff ist in der freien Natur unauff\u00e4llig.  <\/p>\n<p><b>Geeignet f\u00fcr:<\/b><\/p>\n<ul>\n<li>AX visio<\/li>\n<li>EL 42 \/ EL 32<\/li>\n<li>EL range 42 \/ EL range 32<\/li>\n<li>NL pure 42 \/ NL pure 32 \/ NL pure 52<\/li>\n<li>SLC 56<\/li>\n<\/ul>\n<\/div>\n<\/div>\n","protected":false},"excerpt":{"rendered":"<p>Der Trageriemen bietet optimalen Schutz f\u00fcr Ihr Fernglas und ist au\u00dferordentlich komfortabel bei der Naturbeobachtung oder der Jagd. Er gew\u00e4hrleistet zudem, dass Ihr Fernglas stets griffbereit ist, wenn Sie es ben\u00f6tigen. Der kompakte Trageriemen l\u00e4sst sich dank seiner praktischen Magnetverschl\u00fcsse leicht anlegen, und Ihr Fernglas bleibt bei Bewegungen immer dicht an Ihrer Brust. Doch er [&#8230;]\n","protected":false},"featured_media":272341,"comment_status":"open","ping_status":"closed","template":"","meta":[],"product_brand":[],"product_cat":[1773],"product_tag":[],"class_list":{"0":"post-280100","1":"product","2":"type-product","3":"status-publish","4":"has-post-thumbnail","6":"product_cat-bino-harnesses-de","8":"first","9":"outofstock","10":"taxable","11":"shipping-taxable","12":"purchasable","13":"product-type-simple"},"composite_virtual":false,"composite_layout":"","composite_add_to_cart_form_location":"","composite_editable_in_cart":false,"composite_sold_individually_context":"","composite_shop_price_calc":"","composite_components":[],"composite_scenarios":[],"group_of_quantity":0,"min_quantity":0,"max_quantity":"","exclude_order_quantity_value_rules":"no","exclude_category_quantity_rules":"no","combine_variations":"no","exclude_global_add_ons":[],"addons":[],"_links":{"self":[{"href":"https:\/\/www.huntersfriend.eu\/de\/wp-json\/wp\/v2\/product\/280100","targetHints":{"allow":["GET"]}}],"collection":[{"href":"https:\/\/www.huntersfriend.eu\/de\/wp-json\/wp\/v2\/product"}],"about":[{"href":"https:\/\/www.huntersfriend.eu\/de\/wp-json\/wp\/v2\/types\/product"}],"replies":[{"embeddable":true,"href":"https:\/\/www.huntersfriend.eu\/de\/wp-json\/wp\/v2\/comments?post=280100"}],"wp:featuredmedia":[{"embeddable":true,"href":"https:\/\/www.huntersfriend.eu\/de\/wp-json\/wp\/v2\/media\/272341"}],"wp:attachment":[{"href":"https:\/\/www.huntersfriend.eu\/de\/wp-json\/wp\/v2\/media?parent=280100"}],"wp:term":[{"taxonomy":"product_brand","embeddable":true,"href":"https:\/\/www.huntersfriend.eu\/de\/wp-json\/wp\/v2\/product_brand?post=280100"},{"taxonomy":"product_cat","embeddable":true,"href":"https:\/\/www.huntersfriend.eu\/de\/wp-json\/wp\/v2\/product_cat?post=280100"},{"taxonomy":"product_tag","embeddable":true,"href":"https:\/\/www.huntersfriend.eu\/de\/wp-json\/wp\/v2\/product_tag?post=280100"}],"curies":[{"name":"wp","href":"https:\/\/api.w.org\/{rel}","templated":true}]}}