{"id":280090,"date":"2024-08-31T00:02:09","date_gmt":"2024-08-30T22:02:09","guid":{"rendered":"https:\/\/www.huntersfriend.eu\/product\/swarovski-z6i-1-6-x-24-il-l-4a-i\/"},"modified":"2025-06-23T09:32:49","modified_gmt":"2025-06-23T07:32:49","slug":"swarovski-z6i-1-6-x-24-il-l-4a-i","status":"publish","type":"product","link":"https:\/\/www.huntersfriend.eu\/de\/produkt\/swarovski-z6i-1-6-x-24-il-l-4a-i\/","title":{"rendered":"Swarovski Z6i 1-6 x 24 il. L 4A-i"},"content":{"rendered":"<p>Das beleuchtete Z6i 1-6&#215;24 zeichnet sich durch sein beachtliches Sehfeld von 42,5 m bei einfacher Vergr\u00f6\u00dferung aus, welches einen umfassenderen \u00dcberblick bei der Jagd erm\u00f6glicht. Der sechsfache Zoom gew\u00e4hrleistet pr\u00e4ziseste Detaildarstellung. <\/p>\n<p>Ringmontage<\/p>\n<p><span class=\"jCAhz ChMk0b\"><span class=\"ryNqvb\">Das Swarovski Z6i 1-6&#215;24 L ist ein leichtes und elegantes Zielfernrohr f\u00fcr die Gro\u00dfwildjagd.<\/span><\/span> <span class=\"jCAhz ChMk0b\"><span class=\"ryNqvb\">Ein weites Sehfeld von 42,5 m und ein sechsfacher Vergr\u00f6\u00dferungsbereich garantieren, dass das Wild im Zielfernrohr leicht zu erfassen ist.<\/span><\/span> <span class=\"jCAhz ChMk0b\"><span class=\"ryNqvb\">Das Swarovski Z6i 1-6&#215;24 ist ein schnelles Zielfernrohr, d.h. bei der niedrigsten Vergr\u00f6\u00dferung kann das Ziel rasch erfasst werden, \u00e4hnlich wie bei einem Rotpunktvisier.<\/span><\/span> <span class=\"jCAhz ChMk0b\"><span class=\"ryNqvb\">Bei h\u00f6chster Vergr\u00f6\u00dferung erm\u00f6glicht es pr\u00e4zise Sch\u00fcsse auf entfernte Ziele. <\/span><\/span><span class=\"jCAhz ChMk0b\"><span class=\"ryNqvb\">Die Zielfernrohre der Swarovski Z6i-Serie verf\u00fcgen \u00fcber drei Positionen f\u00fcr die Rotpunkteinstellung: Aus &#8211; Tag &#8211; Nacht.<\/span><\/span> <span class=\"jCAhz ChMk0b\"><span class=\"ryNqvb\">Die von Ihnen vorgenommene Einstellung wird gespeichert; bei der n\u00e4chsten Einstellung des Reglers auf dieselbe Position bleibt die Helligkeit unver\u00e4ndert. <\/span><\/span><span class=\"jCAhz ChMk0b\"><span class=\"ryNqvb\">Dieses Zielfernrohr verf\u00fcgt \u00fcber ein traditionelles 4A-I-Absehen.<\/span><\/span> <span class=\"jCAhz ChMk0b\"><span class=\"ryNqvb\">Die unteren und seitlichen Balken sind dicker und verj\u00fcngen sich zur Mitte hin.<\/span><\/span> <span class=\"jCAhz\"><span class=\"ryNqvb\">In der Mitte befindet sich ein beleuchteter Punkt. <\/span><\/span><\/p>\n<p><span class=\"jCAhz ChMk0b\"><span class=\"ryNqvb\">Spezifikationen: <\/span><\/span><span class=\"jCAhz\"><span class=\"ryNqvb\">Vergr\u00f6\u00dferung: 1-6 <\/span><\/span> <\/p>\n<p><span class=\"jCAhz ChMk0b\"><span class=\"ryNqvb\">Objektivdurchmesser: 24mm <\/span><\/span><\/p>\n<p><span class=\"jCAhz ChMk0b\"><span class=\"ryNqvb\">Augenabstand: 95mm <\/span><\/span><\/p>\n<p><span class=\"jCAhz ChMk0b\"><span class=\"ryNqvb\">Sehfeld auf 100m: 42,5m &#8211; 6,8m <\/span><\/span><\/p>\n<p><span class=\"jCAhz\"><span class=\"ryNqvb\">L\u00e4nge: 296mm <\/span><\/span><\/p>\n<p><span class=\"jCAhz\"><span class=\"ryNqvb\">Gewicht: 440g <\/span><\/span><\/p>\n<p><span class=\"jCAhz ChMk0b\"><span class=\"ryNqvb\">M<\/span><\/span><span class=\"jCAhz ChMk0b\"><span class=\"ryNqvb\">itteldurchmesser: 30mm<\/span><\/span><\/p>\n","protected":false},"excerpt":{"rendered":"<p>Absehen 4A-1, Ringmontage<\/p>\n","protected":false},"featured_media":272338,"comment_status":"open","ping_status":"closed","template":"","meta":[],"product_brand":[],"product_cat":[1132],"product_tag":[],"class_list":{"0":"post-280090","1":"product","2":"type-product","3":"status-publish","4":"has-post-thumbnail","6":"product_cat-zielfernrohre","8":"first","9":"onbackorder","10":"taxable","11":"shipping-taxable","12":"purchasable","13":"product-type-simple"},"composite_virtual":false,"composite_layout":"","composite_add_to_cart_form_location":"","composite_editable_in_cart":false,"composite_sold_individually_context":"","composite_shop_price_calc":"","composite_components":[],"composite_scenarios":[],"group_of_quantity":0,"min_quantity":0,"max_quantity":"","exclude_order_quantity_value_rules":"no","exclude_category_quantity_rules":"no","combine_variations":"no","exclude_global_add_ons":[],"addons":[],"_links":{"self":[{"href":"https:\/\/www.huntersfriend.eu\/de\/wp-json\/wp\/v2\/product\/280090","targetHints":{"allow":["GET"]}}],"collection":[{"href":"https:\/\/www.huntersfriend.eu\/de\/wp-json\/wp\/v2\/product"}],"about":[{"href":"https:\/\/www.huntersfriend.eu\/de\/wp-json\/wp\/v2\/types\/product"}],"replies":[{"embeddable":true,"href":"https:\/\/www.huntersfriend.eu\/de\/wp-json\/wp\/v2\/comments?post=280090"}],"wp:featuredmedia":[{"embeddable":true,"href":"https:\/\/www.huntersfriend.eu\/de\/wp-json\/wp\/v2\/media\/272338"}],"wp:attachment":[{"href":"https:\/\/www.huntersfriend.eu\/de\/wp-json\/wp\/v2\/media?parent=280090"}],"wp:term":[{"taxonomy":"product_brand","embeddable":true,"href":"https:\/\/www.huntersfriend.eu\/de\/wp-json\/wp\/v2\/product_brand?post=280090"},{"taxonomy":"product_cat","embeddable":true,"href":"https:\/\/www.huntersfriend.eu\/de\/wp-json\/wp\/v2\/product_cat?post=280090"},{"taxonomy":"product_tag","embeddable":true,"href":"https:\/\/www.huntersfriend.eu\/de\/wp-json\/wp\/v2\/product_tag?post=280090"}],"curies":[{"name":"wp","href":"https:\/\/api.w.org\/{rel}","templated":true}]}}