{"id":280083,"date":"2024-08-30T00:32:11","date_gmt":"2025-06-23T07:32:47","guid":{"rendered":"https:\/\/www.huntersfriend.eu\/product\/final-approach-express-blind-bag\/"},"modified":"2026-03-04T12:55:14","modified_gmt":"2026-03-04T10:55:14","slug":"final-approach-express-blind-bag","status":"publish","type":"product","link":"https:\/\/www.huntersfriend.eu\/de\/produkt\/final-approach-express-blind-bag\/","title":{"rendered":"Final Approach Express Blind Bag"},"content":{"rendered":"<p><span class=\"jCAhz ChMk0b\"><span class=\"ryNqvb\">Der Final Approach Express Blind Bag ist eine Allgel\u00e4ndereisetasche, die Sie verwenden k\u00f6nnen, um alle notwendigen Utensilien zum und vom Jagdgel\u00e4nde zu transportieren. <\/span><\/span><\/p>\n<p><span class=\"jCAhz\"><span class=\"ryNqvb\">Handgriffe und gepolsterter Schultergurt. <\/span><\/span><\/p>\n<p><span class=\"jCAhz ChMk0b\"><span class=\"ryNqvb\">Hauptfachgr\u00f6\u00dfe: 25,4 cm x 38,1 cm x 30,5 cm. <\/span><\/span><\/p>\n<p><span class=\"jCAhz ChMk0b\"><span class=\"ryNqvb\">Zwei Seitentaschen im Inneren. <\/span><\/span><\/p>\n<p><span class=\"jCAhz ChMk0b\"><span class=\"ryNqvb\">Doppelrei\u00dfverschluss am Deckel. <\/span><\/span><\/p>\n<p><span class=\"jCAhz ChMk0b\"><span class=\"ryNqvb\">Stoff: 600D Nylon. <\/span><\/span><\/p>\n<p><span class=\"jCAhz ChMk0b\"><span class=\"ryNqvb\">Der Boden ist wasserabweisend geformt. <\/span><\/span><\/p>\n<p><span class=\"jCAhz\"><span class=\"ryNqvb\">Wasserdichte Handytasche. <\/span><\/span><\/p>\n<p><span class=\"jCAhz ChMk0b\"><span class=\"ryNqvb\">MOLLE-Befestigungssystem an verschiedenen Seiten der Tasche.<\/span><\/span><\/p>\n","protected":false},"excerpt":{"rendered":"<p>Der Final Approach Express Blind Bag ist eine Allgel\u00e4ndereisetasche, die Sie verwenden k\u00f6nnen, um alle notwendigen Utensilien zum und vom Jagdgel\u00e4nde zu transportieren. Handgriffe und gepolsterter Schultergurt. Hauptfachgr\u00f6\u00dfe: 25,4 cm x 38,1 cm x 30,5 cm. Zwei Seitentaschen im Inneren. Doppelrei\u00dfverschluss am Deckel. Stoff: 600D Nylon. Der Boden ist wasserabweisend geformt. Wasserdichte Handytasche. MOLLE-Befestigungssystem an [&#8230;]\n","protected":false},"featured_media":272924,"comment_status":"open","ping_status":"closed","template":"","meta":[],"product_brand":[],"product_cat":[2563],"product_tag":[],"class_list":{"0":"post-280083","1":"product","2":"type-product","3":"status-publish","4":"has-post-thumbnail","6":"product_cat-tillbehor-for-jakt-torn-och-gomslen","8":"first","9":"instock","10":"taxable","11":"shipping-taxable","12":"purchasable","13":"product-type-simple"},"composite_virtual":false,"composite_layout":"","composite_add_to_cart_form_location":"","composite_editable_in_cart":false,"composite_sold_individually_context":"","composite_shop_price_calc":"","composite_components":[],"composite_scenarios":[],"group_of_quantity":0,"min_quantity":0,"max_quantity":"","exclude_order_quantity_value_rules":"no","exclude_category_quantity_rules":"no","combine_variations":"no","exclude_global_add_ons":[],"addons":[],"_links":{"self":[{"href":"https:\/\/www.huntersfriend.eu\/de\/wp-json\/wp\/v2\/product\/280083","targetHints":{"allow":["GET"]}}],"collection":[{"href":"https:\/\/www.huntersfriend.eu\/de\/wp-json\/wp\/v2\/product"}],"about":[{"href":"https:\/\/www.huntersfriend.eu\/de\/wp-json\/wp\/v2\/types\/product"}],"replies":[{"embeddable":true,"href":"https:\/\/www.huntersfriend.eu\/de\/wp-json\/wp\/v2\/comments?post=280083"}],"wp:featuredmedia":[{"embeddable":true,"href":"https:\/\/www.huntersfriend.eu\/de\/wp-json\/wp\/v2\/media\/272924"}],"wp:attachment":[{"href":"https:\/\/www.huntersfriend.eu\/de\/wp-json\/wp\/v2\/media?parent=280083"}],"wp:term":[{"taxonomy":"product_brand","embeddable":true,"href":"https:\/\/www.huntersfriend.eu\/de\/wp-json\/wp\/v2\/product_brand?post=280083"},{"taxonomy":"product_cat","embeddable":true,"href":"https:\/\/www.huntersfriend.eu\/de\/wp-json\/wp\/v2\/product_cat?post=280083"},{"taxonomy":"product_tag","embeddable":true,"href":"https:\/\/www.huntersfriend.eu\/de\/wp-json\/wp\/v2\/product_tag?post=280083"}],"curies":[{"name":"wp","href":"https:\/\/api.w.org\/{rel}","templated":true}]}}