{"id":280082,"date":"2024-08-30T00:32:13","date_gmt":"2024-08-29T22:32:13","guid":{"rendered":"https:\/\/www.huntersfriend.eu\/product\/final-approach-hd-ganzkoeper-stockentenlockvoegel-12-stueck\/"},"modified":"2025-08-01T05:06:22","modified_gmt":"2025-08-01T03:06:22","slug":"final-approach-hd-ganzkoeper-stockentenlockvoegel-12-stueck","status":"publish","type":"product","link":"https:\/\/www.huntersfriend.eu\/de\/produkt\/final-approach-hd-ganzkoeper-stockentenlockvoegel-12-stueck\/","title":{"rendered":"Final Approach HD Ganzk\u00f6per-Stockentenlockv\u00f6gel, 12 St\u00fcck"},"content":{"rendered":"<p>Diese Lockv\u00f6gel heben Ganzk\u00f6per-Stockenten auf ein neues Niveau! Hergestellt aus einer hochwertigen Kunststoffmischung, die \u00fcberlegene Haltbarkeit mit hervorragender Farbhaftung bietet. Wie bei den schwimmenden Stockenten ist die Detailtreue so realistisch wie m\u00f6glich. Mit dem Zero Gravity Motion System werden sie sich bei der leisesten Brise bewegen und tanzen. Verwenden Sie sie in Feldspreads, auf Flachwasser oder am Rand einer Wasseraufstellung.    <\/p>\n<h2>Funktionen<\/h2>\n<ul>\n<li>Hochwertige Kunststoffmischung<\/li>\n<li>Erstaunliche Federdetails, bereitgestellt vom Weltmeister-Schnitzer Pat Godin<\/li>\n<li>Originalgr\u00f6\u00dfe<\/li>\n<li>Einteiler<\/li>\n<li>Zero Gravity Motion System<\/li>\n<li>16 Zoll Faserpf\u00e4hle<\/li>\n<\/ul>\n<h2>Inklusive<\/h2>\n<ul>\n<li>12 St\u00fcck insgesamt<\/li>\n<li>4 Drake-Ruhepositionen<\/li>\n<li>4 Drake-Futterpositionen<\/li>\n<li>2 Hennen-Lockpositionen<\/li>\n<li>2 Hennen-Futterpositionen<\/li>\n<\/ul>\n<p><strong>Achtung! Online-Bestellungen sind auf eine Box pro Bestellung beschr\u00e4nkt. Bei gr\u00f6\u00dferen Mengen wenden Sie sich bitte direkt an den Kundenservice, um die Lieferkosten zu erfragen <\/strong><\/p>\n","protected":false},"excerpt":{"rendered":"<p>Diese Lockv\u00f6gel heben Ganzk\u00f6per-Stockenten auf ein neues Niveau! Hergestellt aus einer hochwertigen Kunststoffmischung, die \u00fcberlegene Haltbarkeit mit hervorragender Farbhaftung bietet. Wie bei den schwimmenden Stockenten ist die Detailtreue so realistisch wie m\u00f6glich. Mit dem Zero Gravity Motion System werden sie sich bei der leisesten Brise bewegen und tanzen. Verwenden Sie sie in Feldspreads, auf Flachwasser [&#8230;]\n","protected":false},"featured_media":272892,"comment_status":"open","ping_status":"closed","template":"","meta":[],"product_brand":[],"product_cat":[1368],"product_tag":[],"class_list":{"0":"post-280082","1":"product","2":"type-product","3":"status-publish","4":"has-post-thumbnail","6":"product_cat-enten-lockvogel","7":"product_shipping_class-big-de","9":"first","10":"outofstock","11":"taxable","12":"shipping-taxable","13":"purchasable","14":"product-type-simple"},"composite_virtual":false,"composite_layout":"","composite_add_to_cart_form_location":"","composite_editable_in_cart":false,"composite_sold_individually_context":"","composite_shop_price_calc":"","composite_components":[],"composite_scenarios":[],"group_of_quantity":0,"min_quantity":0,"max_quantity":"","exclude_order_quantity_value_rules":"no","exclude_category_quantity_rules":"no","combine_variations":"no","exclude_global_add_ons":[],"addons":[],"_links":{"self":[{"href":"https:\/\/www.huntersfriend.eu\/de\/wp-json\/wp\/v2\/product\/280082","targetHints":{"allow":["GET"]}}],"collection":[{"href":"https:\/\/www.huntersfriend.eu\/de\/wp-json\/wp\/v2\/product"}],"about":[{"href":"https:\/\/www.huntersfriend.eu\/de\/wp-json\/wp\/v2\/types\/product"}],"replies":[{"embeddable":true,"href":"https:\/\/www.huntersfriend.eu\/de\/wp-json\/wp\/v2\/comments?post=280082"}],"wp:featuredmedia":[{"embeddable":true,"href":"https:\/\/www.huntersfriend.eu\/de\/wp-json\/wp\/v2\/media\/272892"}],"wp:attachment":[{"href":"https:\/\/www.huntersfriend.eu\/de\/wp-json\/wp\/v2\/media?parent=280082"}],"wp:term":[{"taxonomy":"product_brand","embeddable":true,"href":"https:\/\/www.huntersfriend.eu\/de\/wp-json\/wp\/v2\/product_brand?post=280082"},{"taxonomy":"product_cat","embeddable":true,"href":"https:\/\/www.huntersfriend.eu\/de\/wp-json\/wp\/v2\/product_cat?post=280082"},{"taxonomy":"product_tag","embeddable":true,"href":"https:\/\/www.huntersfriend.eu\/de\/wp-json\/wp\/v2\/product_tag?post=280082"}],"curies":[{"name":"wp","href":"https:\/\/api.w.org\/{rel}","templated":true}]}}