{"id":280081,"date":"2024-08-30T00:32:11","date_gmt":"2025-06-23T07:32:46","guid":{"rendered":"https:\/\/www.huntersfriend.eu\/product\/endanflug-munitionstasche\/"},"modified":"2026-03-04T12:55:15","modified_gmt":"2026-03-04T10:55:15","slug":"endanflug-munitionstasche","status":"publish","type":"product","link":"https:\/\/www.huntersfriend.eu\/de\/produkt\/endanflug-munitionstasche\/","title":{"rendered":"Endanflug-Munitionstasche"},"content":{"rendered":"<p><span class=\"jCAhz ChMk0b\"><span class=\"ryNqvb\">Die Final Approach Ammo Bag ist, wie der Name schon andeutet, eine Patronentasche, die Sie zur Organisation Ihrer Patronen in Ihrer Nutzentasche verwenden k\u00f6nnen.<\/span><\/span> <span class=\"jCAhz ChMk0b\"><span class=\"ryNqvb\">Ebenfalls geeignet f\u00fcr andere kleinere Gegenst\u00e4nde.<\/span><\/span> <span class=\"jCAhz ChMk0b\"><span class=\"ryNqvb\">Die Tasche wird mittels Zugschnur verschlossen.<\/span><\/span> <span class=\"jCAhz ChMk0b\"><span class=\"ryNqvb\">Das gewachste Baumwollgewebe verhindert die Ansammlung von Feuchtigkeit in der Tasche.<\/span><\/span><\/p>\n","protected":false},"excerpt":{"rendered":"<p>Die Final Approach Ammo Bag ist, wie der Name schon andeutet, eine Patronentasche, die Sie zur Organisation Ihrer Patronen in Ihrer Nutzentasche verwenden k\u00f6nnen. Ebenfalls geeignet f\u00fcr andere kleinere Gegenst\u00e4nde. Die Tasche wird mittels Zugschnur verschlossen. Das gewachste Baumwollgewebe verhindert die Ansammlung von Feuchtigkeit in der Tasche.<\/p>\n","protected":false},"featured_media":272932,"comment_status":"open","ping_status":"closed","template":"","meta":[],"product_brand":[],"product_cat":[2568,2563,2627],"product_tag":[],"class_list":{"0":"post-280081","1":"product","2":"type-product","3":"status-publish","4":"has-post-thumbnail","6":"product_cat-jakt-tillbehor","7":"product_cat-tillbehor-for-jakt-torn-och-gomslen","8":"product_cat-verktygslador","10":"first","11":"instock","12":"taxable","13":"shipping-taxable","14":"purchasable","15":"product-type-simple"},"composite_virtual":false,"composite_layout":"","composite_add_to_cart_form_location":"","composite_editable_in_cart":false,"composite_sold_individually_context":"","composite_shop_price_calc":"","composite_components":[],"composite_scenarios":[],"group_of_quantity":0,"min_quantity":0,"max_quantity":"","exclude_order_quantity_value_rules":"no","exclude_category_quantity_rules":"no","combine_variations":"no","exclude_global_add_ons":[],"addons":[],"_links":{"self":[{"href":"https:\/\/www.huntersfriend.eu\/de\/wp-json\/wp\/v2\/product\/280081","targetHints":{"allow":["GET"]}}],"collection":[{"href":"https:\/\/www.huntersfriend.eu\/de\/wp-json\/wp\/v2\/product"}],"about":[{"href":"https:\/\/www.huntersfriend.eu\/de\/wp-json\/wp\/v2\/types\/product"}],"replies":[{"embeddable":true,"href":"https:\/\/www.huntersfriend.eu\/de\/wp-json\/wp\/v2\/comments?post=280081"}],"wp:featuredmedia":[{"embeddable":true,"href":"https:\/\/www.huntersfriend.eu\/de\/wp-json\/wp\/v2\/media\/272932"}],"wp:attachment":[{"href":"https:\/\/www.huntersfriend.eu\/de\/wp-json\/wp\/v2\/media?parent=280081"}],"wp:term":[{"taxonomy":"product_brand","embeddable":true,"href":"https:\/\/www.huntersfriend.eu\/de\/wp-json\/wp\/v2\/product_brand?post=280081"},{"taxonomy":"product_cat","embeddable":true,"href":"https:\/\/www.huntersfriend.eu\/de\/wp-json\/wp\/v2\/product_cat?post=280081"},{"taxonomy":"product_tag","embeddable":true,"href":"https:\/\/www.huntersfriend.eu\/de\/wp-json\/wp\/v2\/product_tag?post=280081"}],"curies":[{"name":"wp","href":"https:\/\/api.w.org\/{rel}","templated":true}]}}