{"id":280079,"date":"2024-08-30T00:32:10","date_gmt":"2024-08-29T22:32:10","guid":{"rendered":"https:\/\/www.huntersfriend.eu\/product\/endanflug-lockentensack\/"},"modified":"2026-01-31T15:49:08","modified_gmt":"2026-01-31T13:49:08","slug":"endanflug-lockentensack","status":"publish","type":"product","link":"https:\/\/www.huntersfriend.eu\/de\/produkt\/endanflug-lockentensack\/","title":{"rendered":"Endanflug-Lockentensack"},"content":{"rendered":"<p>Sch\u00fctzen Sie Ihre Lockv\u00f6gel und bleiben Sie organisiert. Die aufklappbare Abdeckung sch\u00fctzt die Oberseiten Ihrer Lockv\u00f6gel und erleichtert das Be- und Entladen. An der Seite befindet sich eine Tasche, die f\u00fcr die Aufnahme von 6 Lockvogelst\u00e4ndern konzipiert ist. Dieser Sack ist sowohl f\u00fcr Vollk\u00f6rper- als auch f\u00fcr Schwimmlockv\u00f6gel hervorragend geeignet.   <\/p>\n<h2>Funktionen<\/h2>\n<ul>\n<li>Aufklappbare Oberseite f\u00fcr leichten Zugang<\/li>\n<li>Verstellbarer Schultergurt<\/li>\n<li>Seitentasche f\u00fcr St\u00e4nder<\/li>\n<li>Abmessungen der F\u00e4cher: 27,94 cm x 27,94 cm x 53,34 cm tief<\/li>\n<\/ul>\n","protected":false},"excerpt":{"rendered":"<p>Sch\u00fctzen Sie Ihre Lockv\u00f6gel und bleiben Sie organisiert. Die aufklappbare Abdeckung sch\u00fctzt die Oberseiten Ihrer Lockv\u00f6gel und erleichtert das Be- und Entladen. An der Seite befindet sich eine Tasche, die f\u00fcr die Aufnahme von 6 Lockvogelst\u00e4ndern konzipiert ist. Dieser Sack ist sowohl f\u00fcr Vollk\u00f6rper- als auch f\u00fcr Schwimmlockv\u00f6gel hervorragend geeignet. Funktionen Aufklappbare Oberseite f\u00fcr leichten [&#8230;]\n","protected":false},"featured_media":272960,"comment_status":"open","ping_status":"closed","template":"","meta":[],"product_brand":[],"product_cat":[1393],"product_tag":[],"class_list":{"0":"post-280079","1":"product","2":"type-product","3":"status-publish","4":"has-post-thumbnail","6":"product_cat-taschen-fur-lockvogel","8":"first","9":"instock","10":"taxable","11":"shipping-taxable","12":"purchasable","13":"product-type-simple"},"composite_virtual":false,"composite_layout":"","composite_add_to_cart_form_location":"","composite_editable_in_cart":false,"composite_sold_individually_context":"","composite_shop_price_calc":"","composite_components":[],"composite_scenarios":[],"group_of_quantity":0,"min_quantity":0,"max_quantity":"","exclude_order_quantity_value_rules":"no","exclude_category_quantity_rules":"no","combine_variations":"no","exclude_global_add_ons":[],"addons":[],"_links":{"self":[{"href":"https:\/\/www.huntersfriend.eu\/de\/wp-json\/wp\/v2\/product\/280079","targetHints":{"allow":["GET"]}}],"collection":[{"href":"https:\/\/www.huntersfriend.eu\/de\/wp-json\/wp\/v2\/product"}],"about":[{"href":"https:\/\/www.huntersfriend.eu\/de\/wp-json\/wp\/v2\/types\/product"}],"replies":[{"embeddable":true,"href":"https:\/\/www.huntersfriend.eu\/de\/wp-json\/wp\/v2\/comments?post=280079"}],"wp:featuredmedia":[{"embeddable":true,"href":"https:\/\/www.huntersfriend.eu\/de\/wp-json\/wp\/v2\/media\/272960"}],"wp:attachment":[{"href":"https:\/\/www.huntersfriend.eu\/de\/wp-json\/wp\/v2\/media?parent=280079"}],"wp:term":[{"taxonomy":"product_brand","embeddable":true,"href":"https:\/\/www.huntersfriend.eu\/de\/wp-json\/wp\/v2\/product_brand?post=280079"},{"taxonomy":"product_cat","embeddable":true,"href":"https:\/\/www.huntersfriend.eu\/de\/wp-json\/wp\/v2\/product_cat?post=280079"},{"taxonomy":"product_tag","embeddable":true,"href":"https:\/\/www.huntersfriend.eu\/de\/wp-json\/wp\/v2\/product_tag?post=280079"}],"curies":[{"name":"wp","href":"https:\/\/api.w.org\/{rel}","templated":true}]}}