{"id":280074,"date":"2024-08-30T00:26:09","date_gmt":"2024-08-29T22:26:09","guid":{"rendered":"https:\/\/www.huntersfriend.eu\/product\/endanflug-hd-duck-butt\/"},"modified":"2026-04-16T07:30:18","modified_gmt":"2026-04-16T05:30:18","slug":"endanflug-hd-duck-butt","status":"publish","type":"product","link":"https:\/\/www.huntersfriend.eu\/de\/produkt\/endanflug-hd-duck-butt\/","title":{"rendered":"Endanflug HD Duck Butt"},"content":{"rendered":"<p>Entenk\u00f6pfe sind eine gro\u00dfartige M\u00f6glichkeit, Ihren K\u00f6der wie eine Gruppe gl\u00fccklicher Enten auf dem Wasser aussehen zu lassen. Wenn Enten fressen, tauchen sie oft unter die Wasseroberfl\u00e4che, wobei ihr Hinterteil gerade in die Luft ragt, und genau das ahmt dieser K\u00f6der nach. Die naturgetreue Gr\u00f6\u00dfe und die unglaubliche Detailtreue der Bemalung machen diese K\u00f6der zu etwas ganz Besonderem. Durch das neue Kiel-Design schwanken diese K\u00f6der im Wind und kippen nicht um. Werfen Sie sie auf ein Jerk-Rig und erwecken Sie sie zum Leben oder mischen Sie sie in Ihre Auslage.    <\/p>\n<h2>Funktionen<\/h2>\n<ul>\n<li>Neue Kielkonstruktion<\/li>\n<li>Federdetails von dem 17-fachen Weltmeister im Schnitzen Pat Godin<\/li>\n<li>Lebensechte Gr\u00f6\u00dfe<\/li>\n<li>Robuster, verbesserter Kunststoff<\/li>\n<li>4er-Pack<\/li>\n<\/ul>\n<p><strong>Achtung: Online-Bestellungen sind auf zwei Kartons pro Auftrag begrenzt. Bei gr\u00f6\u00dferen Mengen wenden Sie sich bitte direkt an den Kundenservice, um die Lieferkosten zu erfragen.<\/strong><\/p>\n","protected":false},"excerpt":{"rendered":"<p>Entenk\u00f6pfe sind eine gro\u00dfartige M\u00f6glichkeit, Ihren K\u00f6der wie eine Gruppe gl\u00fccklicher Enten auf dem Wasser aussehen zu lassen. Wenn Enten fressen, tauchen sie oft unter die Wasseroberfl\u00e4che, wobei ihr Hinterteil gerade in die Luft ragt, und genau das ahmt dieser K\u00f6der nach. Die naturgetreue Gr\u00f6\u00dfe und die unglaubliche Detailtreue der Bemalung machen diese K\u00f6der zu [&#8230;]\n","protected":false},"featured_media":272984,"comment_status":"open","ping_status":"closed","template":"","meta":[],"product_brand":[],"product_cat":[1298,1368],"product_tag":[],"class_list":{"0":"post-280074","1":"product","2":"type-product","3":"status-publish","4":"has-post-thumbnail","6":"product_cat-duck-decoys","7":"product_cat-enten-lockvogel","8":"product_shipping_class-big-de","10":"first","11":"outofstock","12":"sale","13":"taxable","14":"shipping-taxable","15":"purchasable","16":"product-type-simple"},"composite_virtual":false,"composite_layout":"","composite_add_to_cart_form_location":"","composite_editable_in_cart":false,"composite_sold_individually_context":"","composite_shop_price_calc":"","composite_components":[],"composite_scenarios":[],"group_of_quantity":0,"min_quantity":0,"max_quantity":"","exclude_order_quantity_value_rules":"no","exclude_category_quantity_rules":"no","combine_variations":"no","exclude_global_add_ons":[],"addons":[],"_links":{"self":[{"href":"https:\/\/www.huntersfriend.eu\/de\/wp-json\/wp\/v2\/product\/280074","targetHints":{"allow":["GET"]}}],"collection":[{"href":"https:\/\/www.huntersfriend.eu\/de\/wp-json\/wp\/v2\/product"}],"about":[{"href":"https:\/\/www.huntersfriend.eu\/de\/wp-json\/wp\/v2\/types\/product"}],"replies":[{"embeddable":true,"href":"https:\/\/www.huntersfriend.eu\/de\/wp-json\/wp\/v2\/comments?post=280074"}],"wp:featuredmedia":[{"embeddable":true,"href":"https:\/\/www.huntersfriend.eu\/de\/wp-json\/wp\/v2\/media\/272984"}],"wp:attachment":[{"href":"https:\/\/www.huntersfriend.eu\/de\/wp-json\/wp\/v2\/media?parent=280074"}],"wp:term":[{"taxonomy":"product_brand","embeddable":true,"href":"https:\/\/www.huntersfriend.eu\/de\/wp-json\/wp\/v2\/product_brand?post=280074"},{"taxonomy":"product_cat","embeddable":true,"href":"https:\/\/www.huntersfriend.eu\/de\/wp-json\/wp\/v2\/product_cat?post=280074"},{"taxonomy":"product_tag","embeddable":true,"href":"https:\/\/www.huntersfriend.eu\/de\/wp-json\/wp\/v2\/product_tag?post=280074"}],"curies":[{"name":"wp","href":"https:\/\/api.w.org\/{rel}","templated":true}]}}