{"id":280069,"date":"2024-10-23T00:37:29","date_gmt":"2025-06-23T07:14:03","guid":{"rendered":"https:\/\/www.huntersfriend.eu\/product\/genericproductname-klappmesser-aus-kohlefaser\/"},"modified":"2025-06-23T09:14:03","modified_gmt":"2025-06-23T07:14:03","slug":"genericproductname-klappmesser-aus-kohlefaser","status":"publish","type":"product","link":"https:\/\/www.huntersfriend.eu\/de\/produkt\/genericproductname-klappmesser-aus-kohlefaser\/","title":{"rendered":"GenericProductName Klappmesser aus Kohlefaser"},"content":{"rendered":"<h3><span data-text-bg=\"primary\" data-text-color=\"secondary\"><em><strong>Bitte beachten Sie, dass wir dieses Messer aufgrund lokaler Einfuhrbeschr\u00e4nkungen nicht in das Vereinigte K\u00f6nigreich versenden k\u00f6nnen. Bitte beachten Sie die f\u00fcr Sie geltenden Messergesetze. <\/strong><\/em><\/span><\/h3>\n<p><span class=\"jCAhz ChMk0b\"><span class=\"ryNqvb\">GenericProductName Ultimate Carbon ist ein vielseitiges Klappmesser f\u00fcr die Jagd und Outdoor-Aktivit\u00e4ten.<\/span><\/span> <span class=\"jCAhz\"><span class=\"ryNqvb\">Die Klinge besteht aus rostfreiem Stahl CMP S35VN, der sich durch sehr gute Verschlei\u00df- und Korrosionsbest\u00e4ndigkeit auszeichnet.<\/span><\/span> <span class=\"jCAhz\"><span class=\"ryNqvb\">Die Messerklinge verriegelt sich beim \u00d6ffnen der Klinge.<\/span><\/span> <span class=\"jCAhz ChMk0b\"><span class=\"ryNqvb\">Ein Bolzenschloss-Mechanismus entriegelt die Klinge zum Einklappen.<\/span><\/span> <span class=\"jCAhz ChMk0b\"><span class=\"ryNqvb\">Die Griffe des Messers sind anthrazitfarben, und Sie erhalten selbst bei N\u00e4sse einen komfortablen und festen Griff am Messer.<\/span><\/span> <span class=\"jCAhz ChMk0b\"><span class=\"ryNqvb\">Mit einem abnehmbaren G\u00fcrtelclip und einem mitgelieferten Lederetui bietet das GenericProductName Ultimate Carbon mehrere Tragem\u00f6glichkeiten. <\/span><\/span><\/p>\n<p><span class=\"jCAhz ChMk0b\"><span class=\"ryNqvb\">Ein vielseitiges Klappmesser mit arretierbarer Klinge.<br \/>\n<\/span><\/span><span class=\"jCAhz ChMk0b\"><span class=\"ryNqvb\">Klinge aus rostfreiem Stahl (CPM S35VN).<br \/>\n<\/span><\/span><span class=\"jCAhz ChMk0b\"><span class=\"ryNqvb\">Bolzenschlossmechanismus zum Entriegeln.<br \/>\n<\/span><\/span><span class=\"jCAhz ChMk0b\"><span class=\"ryNqvb\">Klingenl\u00e4nge 7,7 cm.<br \/>\n<\/span><\/span><span class=\"jCAhz ChMk0b\"><span class=\"ryNqvb\">Gesamtl\u00e4nge 18,6 cm.<br \/>\n<\/span><\/span><span class=\"jCAhz\"><span class=\"ryNqvb\">Gewicht 87 g. <\/span><\/span><\/p>\n<p><span class=\"jCAhz ChMk0b\"><span class=\"ryNqvb\">Wird mit Lederetui und abnehmbarem G\u00fcrtelclip geliefert.<\/span><\/span><\/p>\n","protected":false},"excerpt":{"rendered":"<p>Bitte beachten Sie, dass wir dieses Messer aufgrund lokaler Einfuhrbeschr\u00e4nkungen nicht in das Vereinigte K\u00f6nigreich versenden k\u00f6nnen. Bitte beachten Sie die f\u00fcr Sie geltenden Messergesetze. GenericProductName Ultimate Carbon ist ein vielseitiges Klappmesser f\u00fcr die Jagd und Outdoor-Aktivit\u00e4ten. Die Klinge besteht aus rostfreiem Stahl CMP S35VN, der sich durch sehr gute Verschlei\u00df- und Korrosionsbest\u00e4ndigkeit auszeichnet. Die [&#8230;]\n","protected":false},"featured_media":274987,"comment_status":"open","ping_status":"closed","template":"","meta":[],"product_brand":[],"product_cat":[1134],"product_tag":[],"class_list":{"0":"post-280069","1":"product","2":"type-product","3":"status-publish","4":"has-post-thumbnail","6":"product_cat-messer-aexte-und-schaerfer","8":"first","9":"outofstock","10":"taxable","11":"shipping-taxable","12":"purchasable","13":"product-type-simple"},"composite_virtual":false,"composite_layout":"","composite_add_to_cart_form_location":"","composite_editable_in_cart":false,"composite_sold_individually_context":"","composite_shop_price_calc":"","composite_components":[],"composite_scenarios":[],"group_of_quantity":0,"min_quantity":0,"max_quantity":"","exclude_order_quantity_value_rules":"no","exclude_category_quantity_rules":"no","combine_variations":"no","exclude_global_add_ons":[],"addons":[],"_links":{"self":[{"href":"https:\/\/www.huntersfriend.eu\/de\/wp-json\/wp\/v2\/product\/280069","targetHints":{"allow":["GET"]}}],"collection":[{"href":"https:\/\/www.huntersfriend.eu\/de\/wp-json\/wp\/v2\/product"}],"about":[{"href":"https:\/\/www.huntersfriend.eu\/de\/wp-json\/wp\/v2\/types\/product"}],"replies":[{"embeddable":true,"href":"https:\/\/www.huntersfriend.eu\/de\/wp-json\/wp\/v2\/comments?post=280069"}],"wp:featuredmedia":[{"embeddable":true,"href":"https:\/\/www.huntersfriend.eu\/de\/wp-json\/wp\/v2\/media\/274987"}],"wp:attachment":[{"href":"https:\/\/www.huntersfriend.eu\/de\/wp-json\/wp\/v2\/media?parent=280069"}],"wp:term":[{"taxonomy":"product_brand","embeddable":true,"href":"https:\/\/www.huntersfriend.eu\/de\/wp-json\/wp\/v2\/product_brand?post=280069"},{"taxonomy":"product_cat","embeddable":true,"href":"https:\/\/www.huntersfriend.eu\/de\/wp-json\/wp\/v2\/product_cat?post=280069"},{"taxonomy":"product_tag","embeddable":true,"href":"https:\/\/www.huntersfriend.eu\/de\/wp-json\/wp\/v2\/product_tag?post=280069"}],"curies":[{"name":"wp","href":"https:\/\/api.w.org\/{rel}","templated":true}]}}