{"id":280068,"date":"2024-10-23T10:04:48","date_gmt":"2025-06-23T07:14:03","guid":{"rendered":"https:\/\/www.huntersfriend.eu\/product\/kicks-high-flyer-fabarm-tribore-hp-choke\/"},"modified":"2025-10-25T20:23:04","modified_gmt":"2025-10-25T18:23:04","slug":"kicks-high-flyer-fabarm-tribore-hp-choke","status":"publish","type":"product","link":"https:\/\/www.huntersfriend.eu\/de\/produkt\/kicks-high-flyer-fabarm-tribore-hp-choke\/","title":{"rendered":"Kicks High Flyer Fabarm TriBore HP Choke"},"content":{"rendered":"<p><span class=\"jCAhz ChMk0b\"><span class=\"ryNqvb\">Kicks High Flyer Fabarm TriBore HP <\/span><\/span><\/p>\n<p><span class=\"jCAhz ChMk0b\"><span class=\"ryNqvb\">Die Kicks High Flyer Choke-R\u00f6hre ist ein beliebtes Zubeh\u00f6r-Choke, das aus hochwertigen Materialien gefertigt wird.<\/span><\/span> <span class=\"jCAhz ChMk0b\"><span class=\"ryNqvb\">Der Choke wird aus einem w\u00e4rmebehandelten 17-4PH-Edelstahlstab gefr\u00e4st.<\/span><\/span> <span class=\"jCAhz ChMk0b\"><span class=\"ryNqvb\">Bei seiner Herstellung wurden modernste, IT-gesteuerte Technologie und h\u00f6chste Standards angewandt. <\/span><\/span><\/p>\n<p><span class=\"jCAhz ChMk0b\"><span class=\"ryNqvb\">Dieser Choke eignet sich f\u00fcr Wasserwildj\u00e4ger, Vogelj\u00e4ger, Tauben- und Hasenj\u00e4ger.<\/span><\/span> <span class=\"jCAhz ChMk0b\"><span class=\"ryNqvb\">Aufgrund seiner Konstruktion reduziert der Choke den R\u00fccksto\u00df, was schnellere Sch\u00fcsse erm\u00f6glicht.<\/span><\/span> <span class=\"jCAhz\"><span class=\"ryNqvb\">Der Choke verbessert das Trefferbild um bis zu 20% gegen\u00fcber dem Original. <\/span><\/span><\/p>\n<p><span class=\"jCAhz ChMk0b\"><span class=\"ryNqvb\">Die Kicks High Flyer Choke-R\u00f6hre ist speziell f\u00fcr das Schie\u00dfen mit Stahlschrot konzipiert, eignet sich aber auch f\u00fcr Blei-, Wolfram- und Kupferschrot.<\/span><\/span> Sie<span class=\"jCAhz ChMk0b\"><span class=\"ryNqvb\"> ist f\u00fcr das Schie\u00dfen mit Fabrikpatronen ausgelegt, sodass der Benutzer und Lader selbst geladener Patronen stets f\u00fcr etwaige durch die Patrone verursachte Probleme verantwortlich ist.<\/span><\/span> <\/p>\n<p><span class=\"jCAhz\"><span class=\"ryNqvb\">Mattschwarze Beschichtung.<\/span><\/span><\/p>\n<p><span class=\"jCAhz\"><span class=\"ryNqvb\">Kann auch von Hand festgezogen werden. <\/span><\/span><\/p>\n<p><span class=\"jCAhz\"><span class=\"ryNqvb\">Verf\u00fcgbare Reduktionsgrade: <\/span><\/span><\/p>\n<p><span class=\"jCAhz\"><span class=\"ryNqvb\">Mod, <\/span><\/span><span class=\"jCAhz\"><span class=\"ryNqvb\">Full und X-Full<\/span><\/span> <\/p>\n<p><span class=\"jCAhz ChMk0b\"><span class=\"ryNqvb\">Dieses Produkt ist f\u00fcr Fabarm-Schrotflinten geeignet.<\/span><\/span> <span class=\"jCAhz ChMk0b\"><span class=\"ryNqvb\">Die L\u00e4nge des Chokes betr\u00e4gt 82 mm und das Gewinde ist Browning DS.<\/span><\/span> <span class=\"jCAhz ChMk0b\"><span class=\"ryNqvb\">Stellen Sie stets sicher, dass das Gewinde der Kicks Choke-R\u00f6hre zu Ihrer Waffe passt.<\/span><\/span> <span class=\"jCAhz ChMk0b\"><span class=\"ryNqvb\">Sie k\u00f6nnen den korrekten Choke anhand der Markierungen auf dem Original-Wechselchoke Ihrer Waffe best\u00e4tigen.<\/span><\/span><\/p>\n","protected":false},"excerpt":{"rendered":"<p>Kicks High Flyer Fabarm TriBore HP Die Kicks High Flyer Choke-R\u00f6hre ist ein beliebtes Zubeh\u00f6r-Choke, das aus hochwertigen Materialien gefertigt wird. Der Choke wird aus einem w\u00e4rmebehandelten 17-4PH-Edelstahlstab gefr\u00e4st. Bei seiner Herstellung wurden modernste, IT-gesteuerte Technologie und h\u00f6chste Standards angewandt. Dieser Choke eignet sich f\u00fcr Wasserwildj\u00e4ger, Vogelj\u00e4ger, Tauben- und Hasenj\u00e4ger. Aufgrund seiner Konstruktion reduziert der [&#8230;]\n","protected":false},"featured_media":274528,"comment_status":"open","ping_status":"closed","template":"","meta":[],"product_brand":[],"product_cat":[1423],"product_tag":[],"class_list":{"0":"post-280068","1":"product","2":"type-product","3":"status-publish","4":"has-post-thumbnail","6":"product_cat-chokes","8":"first","9":"instock","10":"taxable","11":"shipping-taxable","12":"purchasable","13":"product-type-variable"},"composite_virtual":false,"composite_layout":"","composite_add_to_cart_form_location":"","composite_editable_in_cart":false,"composite_sold_individually_context":"","composite_shop_price_calc":"","composite_components":[],"composite_scenarios":[],"group_of_quantity":0,"min_quantity":0,"max_quantity":"","exclude_order_quantity_value_rules":"no","exclude_category_quantity_rules":"no","combine_variations":"no","exclude_global_add_ons":[],"addons":[],"_links":{"self":[{"href":"https:\/\/www.huntersfriend.eu\/de\/wp-json\/wp\/v2\/product\/280068","targetHints":{"allow":["GET"]}}],"collection":[{"href":"https:\/\/www.huntersfriend.eu\/de\/wp-json\/wp\/v2\/product"}],"about":[{"href":"https:\/\/www.huntersfriend.eu\/de\/wp-json\/wp\/v2\/types\/product"}],"replies":[{"embeddable":true,"href":"https:\/\/www.huntersfriend.eu\/de\/wp-json\/wp\/v2\/comments?post=280068"}],"wp:featuredmedia":[{"embeddable":true,"href":"https:\/\/www.huntersfriend.eu\/de\/wp-json\/wp\/v2\/media\/274528"}],"wp:attachment":[{"href":"https:\/\/www.huntersfriend.eu\/de\/wp-json\/wp\/v2\/media?parent=280068"}],"wp:term":[{"taxonomy":"product_brand","embeddable":true,"href":"https:\/\/www.huntersfriend.eu\/de\/wp-json\/wp\/v2\/product_brand?post=280068"},{"taxonomy":"product_cat","embeddable":true,"href":"https:\/\/www.huntersfriend.eu\/de\/wp-json\/wp\/v2\/product_cat?post=280068"},{"taxonomy":"product_tag","embeddable":true,"href":"https:\/\/www.huntersfriend.eu\/de\/wp-json\/wp\/v2\/product_tag?post=280068"}],"curies":[{"name":"wp","href":"https:\/\/api.w.org\/{rel}","templated":true}]}}