{"id":280067,"date":"2024-10-23T00:37:29","date_gmt":"2025-06-23T07:14:02","guid":{"rendered":"https:\/\/www.huntersfriend.eu\/product\/schlachtmesserset\/"},"modified":"2026-02-25T10:37:34","modified_gmt":"2026-02-25T08:37:34","slug":"schlachtmesserset","status":"publish","type":"product","link":"https:\/\/www.huntersfriend.eu\/de\/produkt\/schlachtmesserset\/","title":{"rendered":"Schlachtmesserset"},"content":{"rendered":"<h3><span data-text-bg=\"primary\" data-text-color=\"secondary\"><em><strong>Bitte beachten Sie, dass wir aufgrund lokaler Einfuhrbeschr\u00e4nkungen dieses Messerset nicht in das Vereinigte K\u00f6nigreich versenden k\u00f6nnen. Bitte seien Sie sich Ihrer lokalen Messergesetze bewusst. <\/strong><\/em><\/span><\/h3>\n<p><span class=\"jCAhz ChMk0b\"><span class=\"ryNqvb\">Das Messerset verf\u00fcgt \u00fcber alles Notwendige zur Wildverarbeitung zu einem erschwinglichen Preis.<\/span><\/span> <span class=\"jCAhz ChMk0b\"><span class=\"ryNqvb\">Das Messerset enth\u00e4lt acht n\u00fctzliche Werkzeuge, die die Fleischverarbeitung erheblich erleichtern.<\/span><\/span> <span class=\"jCAhz ChMk0b\"><span class=\"ryNqvb\">Mit Hilfe des Sets lassen sich die Arbeitsschritte des \u00d6ffnens und Ausnehmens, Abh\u00e4utens, Zerlegens und Zerteilens des Wildk\u00f6rpers sowie des Hackens und Trennens effizient durchf\u00fchren.<\/span><\/span> <span class=\"jCAhz ChMk0b\"><span class=\"ryNqvb\">Die Griffe der Werkzeuge sind aus rutschfestem Material gefertigt und \u00fcbersichtlich im Kunststoffkoffer angeordnet. <\/span><\/span><\/p>\n<p><span class=\"jCAhz ChMk0b\"><span class=\"ryNqvb\">Das Messerset beinhaltet:<br \/>\n<\/span><\/span><span class=\"jCAhz ChMk0b\"><span class=\"ryNqvb\">Brustbeinspreizer.<br \/>\n<\/span><\/span><span class=\"jCAhz\"><span class=\"ryNqvb\">Abh\u00e4utemesser.<br \/>\n<\/span><\/span><span class=\"jCAhz\"><span class=\"ryNqvb\">Zwei Fleischbeile.<br \/>\n<\/span><\/span><span class=\"jCAhz\"><span class=\"ryNqvb\">Tranchiermesser.<br \/>\n<\/span><\/span><span class=\"jCAhz\"><span class=\"ryNqvb\">Knochens\u00e4ge.<br \/>\n<\/span><\/span><span class=\"jCAhz\"><span class=\"ryNqvb\">Messersch\u00e4rfer.<br \/>\n<\/span><\/span><span class=\"jCAhz\"><span class=\"ryNqvb\">Schutzhandschuhe.<\/p>\n<p><\/span><\/span><span class=\"jCAhz ChMk0b\"><span class=\"ryNqvb\">Das Gewicht des Sets betr\u00e4gt 1272 g.<\/span><\/span><\/p>\n","protected":false},"excerpt":{"rendered":"<p>Bitte beachten Sie, dass wir aufgrund lokaler Einfuhrbeschr\u00e4nkungen dieses Messerset nicht in das Vereinigte K\u00f6nigreich versenden k\u00f6nnen. Bitte seien Sie sich Ihrer lokalen Messergesetze bewusst. Das Messerset verf\u00fcgt \u00fcber alles Notwendige zur Wildverarbeitung zu einem erschwinglichen Preis. Das Messerset enth\u00e4lt acht n\u00fctzliche Werkzeuge, die die Fleischverarbeitung erheblich erleichtern. Mit Hilfe des Sets lassen sich die [&#8230;]\n","protected":false},"featured_media":274999,"comment_status":"open","ping_status":"closed","template":"","meta":[],"product_brand":[],"product_cat":[2610,866,1134],"product_tag":[],"class_list":{"0":"post-280067","1":"product","2":"type-product","3":"status-publish","4":"has-post-thumbnail","6":"product_cat-knivar-yxor-och-slipar","7":"product_cat-knives-axes-and-sharpeners","8":"product_cat-messer-aexte-und-schaerfer","10":"first","11":"outofstock","12":"taxable","13":"shipping-taxable","14":"purchasable","15":"product-type-simple"},"composite_virtual":false,"composite_layout":"","composite_add_to_cart_form_location":"","composite_editable_in_cart":false,"composite_sold_individually_context":"","composite_shop_price_calc":"","composite_components":[],"composite_scenarios":[],"group_of_quantity":0,"min_quantity":0,"max_quantity":"","exclude_order_quantity_value_rules":"no","exclude_category_quantity_rules":"no","combine_variations":"no","exclude_global_add_ons":[],"addons":[],"_links":{"self":[{"href":"https:\/\/www.huntersfriend.eu\/de\/wp-json\/wp\/v2\/product\/280067","targetHints":{"allow":["GET"]}}],"collection":[{"href":"https:\/\/www.huntersfriend.eu\/de\/wp-json\/wp\/v2\/product"}],"about":[{"href":"https:\/\/www.huntersfriend.eu\/de\/wp-json\/wp\/v2\/types\/product"}],"replies":[{"embeddable":true,"href":"https:\/\/www.huntersfriend.eu\/de\/wp-json\/wp\/v2\/comments?post=280067"}],"wp:featuredmedia":[{"embeddable":true,"href":"https:\/\/www.huntersfriend.eu\/de\/wp-json\/wp\/v2\/media\/274999"}],"wp:attachment":[{"href":"https:\/\/www.huntersfriend.eu\/de\/wp-json\/wp\/v2\/media?parent=280067"}],"wp:term":[{"taxonomy":"product_brand","embeddable":true,"href":"https:\/\/www.huntersfriend.eu\/de\/wp-json\/wp\/v2\/product_brand?post=280067"},{"taxonomy":"product_cat","embeddable":true,"href":"https:\/\/www.huntersfriend.eu\/de\/wp-json\/wp\/v2\/product_cat?post=280067"},{"taxonomy":"product_tag","embeddable":true,"href":"https:\/\/www.huntersfriend.eu\/de\/wp-json\/wp\/v2\/product_tag?post=280067"}],"curies":[{"name":"wp","href":"https:\/\/api.w.org\/{rel}","templated":true}]}}