{"id":280066,"date":"2024-10-23T00:37:30","date_gmt":"2024-10-22T22:37:30","guid":{"rendered":"https:\/\/www.huntersfriend.eu\/product\/morakniv-jagdmesser-mit-gebogener-entbeinungsklinge\/"},"modified":"2025-09-17T13:10:47","modified_gmt":"2025-09-17T11:10:47","slug":"morakniv-jagdmesser-mit-gebogener-entbeinungsklinge","status":"publish","type":"product","link":"https:\/\/www.huntersfriend.eu\/de\/produkt\/morakniv-jagdmesser-mit-gebogener-entbeinungsklinge\/","title":{"rendered":"Morakniv Jagdmesser mit gebogener Entbeinungsklinge"},"content":{"rendered":"<h3><span data-text-bg=\"primary\" data-text-color=\"secondary\"><em><strong>Bitte beachten Sie, dass wir dieses Messer aufgrund \u00f6rtlicher Einfuhrbeschr\u00e4nkungen nicht in das Vereinigte K\u00f6nigreich versenden k\u00f6nnen.<\/strong><\/em><\/span><\/h3>\n<p><span class=\"jCAhz ChMk0b\"><span class=\"ryNqvb\">Das Morakniv Hunting Curved Boning Schlachtermesser verf\u00fcgt \u00fcber eine schmale und flexible Klinge aus rostfreiem Stahl.<\/span><\/span> <span class=\"jCAhz ChMk0b\"><span class=\"ryNqvb\">Der rutschfeste Griff ist aus Kunststoff gefertigt und leicht zu reinigen.<\/span><\/span> <span class=\"jCAhz ChMk0b\"><span class=\"ryNqvb\">Der Fingerschutz am Griff erm\u00f6glicht eine pr\u00e4zise Handhabung. <\/span><\/span><\/p>\n<p><span class=\"jCAhz ChMk0b\"><span class=\"ryNqvb\">Fleischmesser mit flexibler Klinge.<br \/>\n<\/span><\/span><span class=\"jCAhz ChMk0b\"><span class=\"ryNqvb\">Klinge aus rostfreiem Stahl.<br \/>\n<\/span><\/span><span class=\"jCAhz ChMk0b\"><span class=\"ryNqvb\">Rutschfester Kunststoffgriff. <\/span><\/span><\/p>\n<p><span class=\"jCAhz ChMk0b\"><span class=\"ryNqvb\">Die L\u00e4nge der Klinge betr\u00e4gt ca. 13 cm.<br \/>\n<\/span><\/span><span class=\"jCAhz ChMk0b\"><span class=\"ryNqvb\">Klingenst\u00e4rke 1,85 mm.<br \/>\n<\/span><\/span><span class=\"jCAhz ChMk0b\"><span class=\"ryNqvb\">Gesamtl\u00e4nge ca. 25,9 cm.<br \/>\n<\/span><\/span><span class=\"jCAhz\"><span class=\"ryNqvb\">Gewicht ca. 86 g.<\/span><\/span><\/p>\n","protected":false},"excerpt":{"rendered":"<p>Bitte beachten Sie, dass wir dieses Messer aufgrund \u00f6rtlicher Einfuhrbeschr\u00e4nkungen nicht in das Vereinigte K\u00f6nigreich versenden k\u00f6nnen. Das Morakniv Hunting Curved Boning Schlachtermesser verf\u00fcgt \u00fcber eine schmale und flexible Klinge aus rostfreiem Stahl. Der rutschfeste Griff ist aus Kunststoff gefertigt und leicht zu reinigen. Der Fingerschutz am Griff erm\u00f6glicht eine pr\u00e4zise Handhabung. Fleischmesser mit flexibler [&#8230;]\n","protected":false},"featured_media":274969,"comment_status":"open","ping_status":"closed","template":"","meta":[],"product_brand":[],"product_cat":[1145],"product_tag":[],"class_list":{"0":"post-280066","1":"product","2":"type-product","3":"status-publish","4":"has-post-thumbnail","6":"product_cat-sonstiges","8":"first","9":"outofstock","10":"taxable","11":"shipping-taxable","12":"purchasable","13":"product-type-simple"},"composite_virtual":false,"composite_layout":"","composite_add_to_cart_form_location":"","composite_editable_in_cart":false,"composite_sold_individually_context":"","composite_shop_price_calc":"","composite_components":[],"composite_scenarios":[],"group_of_quantity":0,"min_quantity":0,"max_quantity":"","exclude_order_quantity_value_rules":"no","exclude_category_quantity_rules":"no","combine_variations":"no","exclude_global_add_ons":[],"addons":[],"_links":{"self":[{"href":"https:\/\/www.huntersfriend.eu\/de\/wp-json\/wp\/v2\/product\/280066","targetHints":{"allow":["GET"]}}],"collection":[{"href":"https:\/\/www.huntersfriend.eu\/de\/wp-json\/wp\/v2\/product"}],"about":[{"href":"https:\/\/www.huntersfriend.eu\/de\/wp-json\/wp\/v2\/types\/product"}],"replies":[{"embeddable":true,"href":"https:\/\/www.huntersfriend.eu\/de\/wp-json\/wp\/v2\/comments?post=280066"}],"wp:featuredmedia":[{"embeddable":true,"href":"https:\/\/www.huntersfriend.eu\/de\/wp-json\/wp\/v2\/media\/274969"}],"wp:attachment":[{"href":"https:\/\/www.huntersfriend.eu\/de\/wp-json\/wp\/v2\/media?parent=280066"}],"wp:term":[{"taxonomy":"product_brand","embeddable":true,"href":"https:\/\/www.huntersfriend.eu\/de\/wp-json\/wp\/v2\/product_brand?post=280066"},{"taxonomy":"product_cat","embeddable":true,"href":"https:\/\/www.huntersfriend.eu\/de\/wp-json\/wp\/v2\/product_cat?post=280066"},{"taxonomy":"product_tag","embeddable":true,"href":"https:\/\/www.huntersfriend.eu\/de\/wp-json\/wp\/v2\/product_tag?post=280066"}],"curies":[{"name":"wp","href":"https:\/\/api.w.org\/{rel}","templated":true}]}}