{"id":280065,"date":"2024-10-23T00:37:30","date_gmt":"2025-06-23T07:14:01","guid":{"rendered":"https:\/\/www.huntersfriend.eu\/product\/morakniv-jagd-ausbeinmesser-mit-gerader-klinge\/"},"modified":"2026-03-04T12:55:25","modified_gmt":"2026-03-04T10:55:25","slug":"morakniv-jagd-ausbeinmesser-mit-gerader-klinge","status":"publish","type":"product","link":"https:\/\/www.huntersfriend.eu\/de\/produkt\/morakniv-jagd-ausbeinmesser-mit-gerader-klinge\/","title":{"rendered":"Morakniv Jagd-Ausbeinmesser mit gerader Klinge"},"content":{"rendered":"<h3><span data-text-bg=\"primary\" data-text-color=\"secondary\"><em><strong>Bitte beachten Sie, dass wir dieses Messer aufgrund lokaler Einfuhrbeschr\u00e4nkungen nicht in das Vereinigte K\u00f6nigreich versenden k\u00f6nnen. Bitte beachten Sie die f\u00fcr Sie geltenden Messergesetze. <\/strong><\/em><\/span><\/h3>\n<p><span class=\"jCAhz ChMk0b\"><span class=\"ryNqvb\">Das Morakniv Hunting Straight Boning Schlachtermesser verf\u00fcgt \u00fcber eine gerade, steife Klinge aus rostfreiem Stahl.<\/span><\/span> <span class=\"jCAhz ChMk0b\"><span class=\"ryNqvb\">Der farblich hervorgehobene Kunststoffgriff ist ergonomisch gestaltet, was ein pr\u00e4zises und m\u00fcheloses Arbeiten erm\u00f6glicht.<\/span><\/span> <span class=\"jCAhz ChMk0b\"><span class=\"ryNqvb\">Das Messer l\u00e4sst sich leicht reinigen.<\/span><\/span><\/p>\n<p><span class=\"jCAhz ChMk0b\"><span class=\"ryNqvb\">Gerade und starre Klinge.<br \/>\n<\/span><\/span><span class=\"jCAhz ChMk0b\"><span class=\"ryNqvb\">Klinge aus rostfreiem Stahl.<br \/>\n<\/span><\/span><span class=\"jCAhz ChMk0b\"><span class=\"ryNqvb\">Klingenl\u00e4nge 15,5 cm.<br \/>\n<\/span><\/span><span class=\"jCAhz ChMk0b\"><span class=\"ryNqvb\">Klingenst\u00e4rke 2,4 mm.<br \/>\n<\/span><\/span><span class=\"jCAhz ChMk0b\"><span class=\"ryNqvb\">G<\/span><\/span><span class=\"jCAhz ChMk0b\"><span class=\"ryNqvb\">esamtl\u00e4nge circa 28 cm.<br \/>\n<\/span><\/span><span class=\"jCAhz\"><span class=\"ryNqvb\">Gewicht etwa 100 g.<\/span><\/span><\/p>\n","protected":false},"excerpt":{"rendered":"<p>Bitte beachten Sie, dass wir dieses Messer aufgrund lokaler Einfuhrbeschr\u00e4nkungen nicht in das Vereinigte K\u00f6nigreich versenden k\u00f6nnen. Bitte beachten Sie die f\u00fcr Sie geltenden Messergesetze. Das Morakniv Hunting Straight Boning Schlachtermesser verf\u00fcgt \u00fcber eine gerade, steife Klinge aus rostfreiem Stahl. Der farblich hervorgehobene Kunststoffgriff ist ergonomisch gestaltet, was ein pr\u00e4zises und m\u00fcheloses Arbeiten erm\u00f6glicht. Das [&#8230;]\n","protected":false},"featured_media":274975,"comment_status":"open","ping_status":"closed","template":"","meta":[],"product_brand":[],"product_cat":[2610,866,1134],"product_tag":[],"class_list":{"0":"post-280065","1":"product","2":"type-product","3":"status-publish","4":"has-post-thumbnail","6":"product_cat-knivar-yxor-och-slipar","7":"product_cat-knives-axes-and-sharpeners","8":"product_cat-messer-aexte-und-schaerfer","10":"first","11":"outofstock","12":"taxable","13":"shipping-taxable","14":"purchasable","15":"product-type-simple"},"composite_virtual":false,"composite_layout":"","composite_add_to_cart_form_location":"","composite_editable_in_cart":false,"composite_sold_individually_context":"","composite_shop_price_calc":"","composite_components":[],"composite_scenarios":[],"group_of_quantity":0,"min_quantity":0,"max_quantity":"","exclude_order_quantity_value_rules":"no","exclude_category_quantity_rules":"no","combine_variations":"no","exclude_global_add_ons":[],"addons":[],"_links":{"self":[{"href":"https:\/\/www.huntersfriend.eu\/de\/wp-json\/wp\/v2\/product\/280065","targetHints":{"allow":["GET"]}}],"collection":[{"href":"https:\/\/www.huntersfriend.eu\/de\/wp-json\/wp\/v2\/product"}],"about":[{"href":"https:\/\/www.huntersfriend.eu\/de\/wp-json\/wp\/v2\/types\/product"}],"replies":[{"embeddable":true,"href":"https:\/\/www.huntersfriend.eu\/de\/wp-json\/wp\/v2\/comments?post=280065"}],"wp:featuredmedia":[{"embeddable":true,"href":"https:\/\/www.huntersfriend.eu\/de\/wp-json\/wp\/v2\/media\/274975"}],"wp:attachment":[{"href":"https:\/\/www.huntersfriend.eu\/de\/wp-json\/wp\/v2\/media?parent=280065"}],"wp:term":[{"taxonomy":"product_brand","embeddable":true,"href":"https:\/\/www.huntersfriend.eu\/de\/wp-json\/wp\/v2\/product_brand?post=280065"},{"taxonomy":"product_cat","embeddable":true,"href":"https:\/\/www.huntersfriend.eu\/de\/wp-json\/wp\/v2\/product_cat?post=280065"},{"taxonomy":"product_tag","embeddable":true,"href":"https:\/\/www.huntersfriend.eu\/de\/wp-json\/wp\/v2\/product_tag?post=280065"}],"curies":[{"name":"wp","href":"https:\/\/api.w.org\/{rel}","templated":true}]}}