{"id":280063,"date":"2024-10-23T00:37:29","date_gmt":"2025-06-23T07:14:00","guid":{"rendered":"https:\/\/www.huntersfriend.eu\/product\/boeker-diamant-und-keramik-schaerfstein\/"},"modified":"2025-06-23T09:14:00","modified_gmt":"2025-06-23T07:14:00","slug":"boeker-diamant-und-keramik-schaerfstein","status":"publish","type":"product","link":"https:\/\/www.huntersfriend.eu\/de\/produkt\/boeker-diamant-und-keramik-schaerfstein\/","title":{"rendered":"B\u00f6ker Diamant- und Keramik-Sch\u00e4rfstein"},"content":{"rendered":"<p><span class=\"jCAhz ChMk0b\"><span class=\"ryNqvb\">Der B\u00f6ker Diamant- und Keramik-Sch\u00e4rfstein ist ein praktisches und einfach zu bedienendes Sch\u00e4rfger\u00e4t f\u00fcr Messer und Gartenger\u00e4te.<\/span><\/span> <span class=\"jCAhz ChMk0b\"><span class=\"ryNqvb\">Er ist mit zwei Schleiffl\u00e4chen f\u00fcr grobes und feines Schleifen ausgestattet.<\/span><\/span> <span class=\"jCAhz ChMk0b\"><span class=\"ryNqvb\">Die Korngr\u00f6\u00dfe der mit Industriediamant beschichteten Seite betr\u00e4gt 350, die Keramikseite dient der feinen Oberfl\u00e4chenbearbeitung. <\/span><\/span><span class=\"jCAhz ChMk0b\"><span class=\"ryNqvb\">B\u00f6ker Diamant- und Keramik-Schleifsteine k\u00f6nnen sowohl trocken als auch mit Wasser verwendet werden.<\/span><\/span> <span class=\"jCAhz ChMk0b\"><span class=\"ryNqvb\">Der Durchmesser der Schleiffl\u00e4chen betr\u00e4gt 6 cm.<\/span><\/span> <span class=\"jCAhz\"><span class=\"ryNqvb\">Rutschfeste Schutzabdeckung.<\/span><\/span> <span class=\"jCAhz\"><span class=\"ryNqvb\">Gewicht 236 g.<\/span><\/span><\/p>\n","protected":false},"excerpt":{"rendered":"<p>Der B\u00f6ker Diamant- und Keramik-Sch\u00e4rfstein ist ein praktisches und einfach zu bedienendes Sch\u00e4rfger\u00e4t f\u00fcr Messer und Gartenger\u00e4te. Er ist mit zwei Schleiffl\u00e4chen f\u00fcr grobes und feines Schleifen ausgestattet. Die Korngr\u00f6\u00dfe der mit Industriediamant beschichteten Seite betr\u00e4gt 350, die Keramikseite dient der feinen Oberfl\u00e4chenbearbeitung. B\u00f6ker Diamant- und Keramik-Schleifsteine k\u00f6nnen sowohl trocken als auch mit Wasser verwendet [&#8230;]\n","protected":false},"featured_media":275078,"comment_status":"open","ping_status":"closed","template":"","meta":[],"product_brand":[],"product_cat":[1134],"product_tag":[],"class_list":{"0":"post-280063","1":"product","2":"type-product","3":"status-publish","4":"has-post-thumbnail","6":"product_cat-messer-aexte-und-schaerfer","8":"first","9":"outofstock","10":"taxable","11":"shipping-taxable","12":"purchasable","13":"product-type-simple"},"composite_virtual":false,"composite_layout":"","composite_add_to_cart_form_location":"","composite_editable_in_cart":false,"composite_sold_individually_context":"","composite_shop_price_calc":"","composite_components":[],"composite_scenarios":[],"group_of_quantity":0,"min_quantity":0,"max_quantity":"","exclude_order_quantity_value_rules":"no","exclude_category_quantity_rules":"no","combine_variations":"no","exclude_global_add_ons":[],"addons":[],"_links":{"self":[{"href":"https:\/\/www.huntersfriend.eu\/de\/wp-json\/wp\/v2\/product\/280063","targetHints":{"allow":["GET"]}}],"collection":[{"href":"https:\/\/www.huntersfriend.eu\/de\/wp-json\/wp\/v2\/product"}],"about":[{"href":"https:\/\/www.huntersfriend.eu\/de\/wp-json\/wp\/v2\/types\/product"}],"replies":[{"embeddable":true,"href":"https:\/\/www.huntersfriend.eu\/de\/wp-json\/wp\/v2\/comments?post=280063"}],"wp:featuredmedia":[{"embeddable":true,"href":"https:\/\/www.huntersfriend.eu\/de\/wp-json\/wp\/v2\/media\/275078"}],"wp:attachment":[{"href":"https:\/\/www.huntersfriend.eu\/de\/wp-json\/wp\/v2\/media?parent=280063"}],"wp:term":[{"taxonomy":"product_brand","embeddable":true,"href":"https:\/\/www.huntersfriend.eu\/de\/wp-json\/wp\/v2\/product_brand?post=280063"},{"taxonomy":"product_cat","embeddable":true,"href":"https:\/\/www.huntersfriend.eu\/de\/wp-json\/wp\/v2\/product_cat?post=280063"},{"taxonomy":"product_tag","embeddable":true,"href":"https:\/\/www.huntersfriend.eu\/de\/wp-json\/wp\/v2\/product_tag?post=280063"}],"curies":[{"name":"wp","href":"https:\/\/api.w.org\/{rel}","templated":true}]}}