{"id":280062,"date":"2024-10-23T00:37:30","date_gmt":"2025-06-23T07:14:00","guid":{"rendered":"https:\/\/www.huntersfriend.eu\/product\/dret-diamant-abziehstab\/"},"modified":"2025-08-08T03:44:30","modified_gmt":"2025-08-08T01:44:30","slug":"dret-diamant-abziehstab","status":"publish","type":"product","link":"https:\/\/www.huntersfriend.eu\/de\/produkt\/dret-diamant-abziehstab\/","title":{"rendered":"Dret Diamant-Abziehstab"},"content":{"rendered":"<p><span class=\"jCAhz ChMk0b\"><span class=\"ryNqvb\">Der Dret Diamant-Abziehstab ist f\u00fcr alle Arten von Messern geeignet, einschlie\u00dflich Klingen mit Wellenschliff.<\/span><\/span> <span class=\"jCAhz ChMk0b\"><span class=\"ryNqvb\">Der Sch\u00e4rfstab l\u00e4sst sich stufenlos auf verschiedene L\u00e4ngen einstellen und verf\u00fcgt \u00fcber eine Rille, die Sie beispielsweise zum bequemen Sch\u00e4rfen von Angelhaken verwenden k\u00f6nnen.<\/span><\/span> <span class=\"jCAhz\"><span class=\"ryNqvb\">Der Sch\u00e4rfer ist leicht, kompakt und langlebig.<\/span><\/span><\/p>\n<p><span class=\"jCAhz ChMk0b\"><span class=\"ryNqvb\">Gewicht etwa 50 Gramm.<\/span><\/span><\/p>\n","protected":false},"excerpt":{"rendered":"<p>Der Dret Diamant-Abziehstab ist f\u00fcr alle Arten von Messern geeignet, einschlie\u00dflich Klingen mit Wellenschliff. Der Sch\u00e4rfstab l\u00e4sst sich stufenlos auf verschiedene L\u00e4ngen einstellen und verf\u00fcgt \u00fcber eine Rille, die Sie beispielsweise zum bequemen Sch\u00e4rfen von Angelhaken verwenden k\u00f6nnen. Der Sch\u00e4rfer ist leicht, kompakt und langlebig. Gewicht etwa 50 Gramm.<\/p>\n","protected":false},"featured_media":274957,"comment_status":"open","ping_status":"closed","template":"","meta":[],"product_brand":[],"product_cat":[1134],"product_tag":[],"class_list":{"0":"post-280062","1":"product","2":"type-product","3":"status-publish","4":"has-post-thumbnail","6":"product_cat-messer-aexte-und-schaerfer","8":"first","9":"outofstock","10":"taxable","11":"shipping-taxable","12":"purchasable","13":"product-type-simple"},"composite_virtual":false,"composite_layout":"","composite_add_to_cart_form_location":"","composite_editable_in_cart":false,"composite_sold_individually_context":"","composite_shop_price_calc":"","composite_components":[],"composite_scenarios":[],"group_of_quantity":0,"min_quantity":0,"max_quantity":"","exclude_order_quantity_value_rules":"no","exclude_category_quantity_rules":"no","combine_variations":"no","exclude_global_add_ons":[],"addons":[],"_links":{"self":[{"href":"https:\/\/www.huntersfriend.eu\/de\/wp-json\/wp\/v2\/product\/280062","targetHints":{"allow":["GET"]}}],"collection":[{"href":"https:\/\/www.huntersfriend.eu\/de\/wp-json\/wp\/v2\/product"}],"about":[{"href":"https:\/\/www.huntersfriend.eu\/de\/wp-json\/wp\/v2\/types\/product"}],"replies":[{"embeddable":true,"href":"https:\/\/www.huntersfriend.eu\/de\/wp-json\/wp\/v2\/comments?post=280062"}],"wp:featuredmedia":[{"embeddable":true,"href":"https:\/\/www.huntersfriend.eu\/de\/wp-json\/wp\/v2\/media\/274957"}],"wp:attachment":[{"href":"https:\/\/www.huntersfriend.eu\/de\/wp-json\/wp\/v2\/media?parent=280062"}],"wp:term":[{"taxonomy":"product_brand","embeddable":true,"href":"https:\/\/www.huntersfriend.eu\/de\/wp-json\/wp\/v2\/product_brand?post=280062"},{"taxonomy":"product_cat","embeddable":true,"href":"https:\/\/www.huntersfriend.eu\/de\/wp-json\/wp\/v2\/product_cat?post=280062"},{"taxonomy":"product_tag","embeddable":true,"href":"https:\/\/www.huntersfriend.eu\/de\/wp-json\/wp\/v2\/product_tag?post=280062"}],"curies":[{"name":"wp","href":"https:\/\/api.w.org\/{rel}","templated":true}]}}