{"id":280061,"date":"2024-10-23T00:37:29","date_gmt":"2025-06-23T07:13:59","guid":{"rendered":"https:\/\/www.huntersfriend.eu\/product\/blaser-klassisches-klappmesser\/"},"modified":"2025-12-02T12:04:07","modified_gmt":"2025-12-02T10:04:07","slug":"blaser-klassisches-klappmesser","status":"publish","type":"product","link":"https:\/\/www.huntersfriend.eu\/de\/produkt\/blaser-klassisches-klappmesser\/","title":{"rendered":"Blaser klassisches Klappmesser"},"content":{"rendered":"<h2><span data-text-bg=\"primary\" data-text-color=\"secondary\"><em><strong>Bitte beachten Sie, dass wir aufgrund lokaler Einfuhrbeschr\u00e4nkungen dieses Messer nicht in das Vereinigte K\u00f6nigreich versenden k\u00f6nnen. Informieren Sie sich vor der Bestellung \u00fcber die in Ihrem Land geltenden Messervorschriften. <\/strong><\/em><\/span><\/h2>\n<p><span class=\"jCAhz ChMk0b\"><span class=\"ryNqvb\">Das Blaser Classic Klappmesser ist ein vielseitiges Klappmesser f\u00fcr die Jagd und Outdoor-Aktivit\u00e4ten.<\/span><\/span> <span class=\"jCAhz\"><span class=\"ryNqvb\">Seine Griffe aus Olivenholz machen es zu einem eleganten Werkzeug.<\/span><\/span> <span class=\"jCAhz ChMk0b\"><span class=\"ryNqvb\">Die Klinge besteht aus 14C28N rostfreiem Stahl, der sich durch gute Sch\u00e4rfe, Schneidhaltigkeit und Korrosionsbest\u00e4ndigkeit auszeichnet.<\/span><\/span> <span class=\"jCAhz ChMk0b\"><span class=\"ryNqvb\">Die Klinge dieses Klappmessers arretiert im ge\u00f6ffneten Zustand und kann mittels eines Bolzenschlossmechanismus ge\u00f6ffnet werden.<\/span><\/span> <span class=\"jCAhz ChMk0b\"><span class=\"ryNqvb\">Dank des abnehmbaren G\u00fcrtelclips und des mitgelieferten Lederetuis bietet das Blaser Classic mehrere Tragem\u00f6glichkeiten. <\/span><\/span><\/p>\n<p><span class=\"jCAhz ChMk0b\"><span class=\"ryNqvb\">Ein klassisches, vielseitiges Taschenmesser mit arretierbarer Klinge.<br \/>\n<\/span><\/span><span class=\"jCAhz ChMk0b\"><span class=\"ryNqvb\">Klinge aus rostfreiem Stahl (14C28N).<br \/>\n<\/span><\/span><span class=\"jCAhz ChMk0b\"><span class=\"ryNqvb\">Bolzenschlossmechanismus zum Entriegeln.<br \/>\n<\/span><\/span><span class=\"jCAhz\"><span class=\"ryNqvb\">Griffe aus Olivenholz.<br \/>\n<\/span><\/span><span class=\"jCAhz\"><span class=\"ryNqvb\">Klingenl\u00e4nge 7,8 cm.<br \/>\n<\/span><\/span><span class=\"jCAhz\"><span class=\"ryNqvb\">Gesamtl\u00e4nge 18,8 cm.<br \/>\n<\/span><\/span><span class=\"jCAhz\"><span class=\"ryNqvb\">Gewicht 105 g. <\/span><\/span><\/p>\n<p><span class=\"jCAhz ChMk0b\"><span class=\"ryNqvb\">Wird mit Lederetui und abnehmbarem G\u00fcrtelclip geliefert.<\/span><\/span><\/p>\n","protected":false},"excerpt":{"rendered":"<p>Bitte beachten Sie, dass wir aufgrund lokaler Einfuhrbeschr\u00e4nkungen dieses Messer nicht in das Vereinigte K\u00f6nigreich versenden k\u00f6nnen. Informieren Sie sich vor der Bestellung \u00fcber die in Ihrem Land geltenden Messervorschriften. Das Blaser Classic Klappmesser ist ein vielseitiges Klappmesser f\u00fcr die Jagd und Outdoor-Aktivit\u00e4ten. Seine Griffe aus Olivenholz machen es zu einem eleganten Werkzeug. Die Klinge [&#8230;]\n","protected":false},"featured_media":275003,"comment_status":"open","ping_status":"closed","template":"","meta":[],"product_brand":[],"product_cat":[1134],"product_tag":[],"class_list":{"0":"post-280061","1":"product","2":"type-product","3":"status-publish","4":"has-post-thumbnail","6":"product_cat-messer-aexte-und-schaerfer","8":"first","9":"outofstock","10":"taxable","11":"shipping-taxable","12":"purchasable","13":"product-type-simple"},"composite_virtual":false,"composite_layout":"","composite_add_to_cart_form_location":"","composite_editable_in_cart":false,"composite_sold_individually_context":"","composite_shop_price_calc":"","composite_components":[],"composite_scenarios":[],"group_of_quantity":0,"min_quantity":0,"max_quantity":"","exclude_order_quantity_value_rules":"no","exclude_category_quantity_rules":"no","combine_variations":"no","exclude_global_add_ons":[],"addons":[],"_links":{"self":[{"href":"https:\/\/www.huntersfriend.eu\/de\/wp-json\/wp\/v2\/product\/280061","targetHints":{"allow":["GET"]}}],"collection":[{"href":"https:\/\/www.huntersfriend.eu\/de\/wp-json\/wp\/v2\/product"}],"about":[{"href":"https:\/\/www.huntersfriend.eu\/de\/wp-json\/wp\/v2\/types\/product"}],"replies":[{"embeddable":true,"href":"https:\/\/www.huntersfriend.eu\/de\/wp-json\/wp\/v2\/comments?post=280061"}],"wp:featuredmedia":[{"embeddable":true,"href":"https:\/\/www.huntersfriend.eu\/de\/wp-json\/wp\/v2\/media\/275003"}],"wp:attachment":[{"href":"https:\/\/www.huntersfriend.eu\/de\/wp-json\/wp\/v2\/media?parent=280061"}],"wp:term":[{"taxonomy":"product_brand","embeddable":true,"href":"https:\/\/www.huntersfriend.eu\/de\/wp-json\/wp\/v2\/product_brand?post=280061"},{"taxonomy":"product_cat","embeddable":true,"href":"https:\/\/www.huntersfriend.eu\/de\/wp-json\/wp\/v2\/product_cat?post=280061"},{"taxonomy":"product_tag","embeddable":true,"href":"https:\/\/www.huntersfriend.eu\/de\/wp-json\/wp\/v2\/product_tag?post=280061"}],"curies":[{"name":"wp","href":"https:\/\/api.w.org\/{rel}","templated":true}]}}