{"id":280059,"date":"2024-10-23T00:37:29","date_gmt":"2025-06-23T07:13:57","guid":{"rendered":"https:\/\/www.huntersfriend.eu\/product\/morakniv-file-155-filetiermesser\/"},"modified":"2026-03-26T13:45:42","modified_gmt":"2026-03-26T11:45:42","slug":"morakniv-file-155-filetiermesser","status":"publish","type":"product","link":"https:\/\/www.huntersfriend.eu\/de\/produkt\/morakniv-file-155-filetiermesser\/","title":{"rendered":"Morakniv fil\u00e8 155 Filetiermesser"},"content":{"rendered":"<h2><span data-text-bg=\"primary\" data-text-color=\"secondary\"><em><strong>Bitte beachten Sie, dass wir aufgrund lokaler Einfuhrbeschr\u00e4nkungen dieses Messer nicht in das Vereinigte K\u00f6nigreich versenden k\u00f6nnen. Informieren Sie sich vor der Bestellung \u00fcber die in Ihrem Land geltenden Messervorschriften. <\/strong><\/em><\/span><\/h2>\n<p><span class=\"jCAhz ChMk0b\"><span class=\"ryNqvb\">Das Morakniv Fil\u00e8 155 ist ein professionelles Filetiermesser mit einer schmalen, flexiblen Klinge aus rostfreiem Stahl. <\/span><\/span><span class=\"jCAhz ChMk0b\"><span class=\"ryNqvb\">Dieses Filetiermesser verf\u00fcgt \u00fcber einen rutschfesten Griff.<\/span><\/span> <span class=\"jCAhz ChMk0b\"><span class=\"ryNqvb\">Im Lieferumfang ist eine schwarze Polymerh\u00fclle mit G\u00fcrtelclip enthalten. <\/span><\/span><\/p>\n<p><span class=\"jCAhz\"><span class=\"ryNqvb\">Abmessungen:<br \/>\n<\/span><\/span><span class=\"jCAhz ChMk0b\"><span class=\"ryNqvb\">Klingenl\u00e4nge 15,5 cm.<br \/>\n<\/span><\/span><span class=\"jCAhz ChMk0b\"><span class=\"ryNqvb\">Gesamtl\u00e4nge 28 cm.<br \/>\n<\/span><\/span><span class=\"jCAhz\"><span class=\"ryNqvb\">Gewicht 64g.<\/span><\/span><\/p>\n","protected":false},"excerpt":{"rendered":"<p>Bitte beachten Sie, dass wir aufgrund lokaler Einfuhrbeschr\u00e4nkungen dieses Messer nicht in das Vereinigte K\u00f6nigreich versenden k\u00f6nnen. Informieren Sie sich vor der Bestellung \u00fcber die in Ihrem Land geltenden Messervorschriften. Das Morakniv Fil\u00e8 155 ist ein professionelles Filetiermesser mit einer schmalen, flexiblen Klinge aus rostfreiem Stahl. Dieses Filetiermesser verf\u00fcgt \u00fcber einen rutschfesten Griff. Im Lieferumfang [&#8230;]\n","protected":false},"featured_media":275023,"comment_status":"open","ping_status":"closed","template":"","meta":[],"product_brand":[],"product_cat":[2610,1134],"product_tag":[],"class_list":{"0":"post-280059","1":"product","2":"type-product","3":"status-publish","4":"has-post-thumbnail","6":"product_cat-knivar-yxor-och-slipar","7":"product_cat-messer-aexte-und-schaerfer","9":"first","10":"instock","11":"taxable","12":"shipping-taxable","13":"purchasable","14":"product-type-simple"},"composite_virtual":false,"composite_layout":"","composite_add_to_cart_form_location":"","composite_editable_in_cart":false,"composite_sold_individually_context":"","composite_shop_price_calc":"","composite_components":[],"composite_scenarios":[],"group_of_quantity":0,"min_quantity":0,"max_quantity":"","exclude_order_quantity_value_rules":"no","exclude_category_quantity_rules":"no","combine_variations":"no","exclude_global_add_ons":[],"addons":[],"_links":{"self":[{"href":"https:\/\/www.huntersfriend.eu\/de\/wp-json\/wp\/v2\/product\/280059","targetHints":{"allow":["GET"]}}],"collection":[{"href":"https:\/\/www.huntersfriend.eu\/de\/wp-json\/wp\/v2\/product"}],"about":[{"href":"https:\/\/www.huntersfriend.eu\/de\/wp-json\/wp\/v2\/types\/product"}],"replies":[{"embeddable":true,"href":"https:\/\/www.huntersfriend.eu\/de\/wp-json\/wp\/v2\/comments?post=280059"}],"wp:featuredmedia":[{"embeddable":true,"href":"https:\/\/www.huntersfriend.eu\/de\/wp-json\/wp\/v2\/media\/275023"}],"wp:attachment":[{"href":"https:\/\/www.huntersfriend.eu\/de\/wp-json\/wp\/v2\/media?parent=280059"}],"wp:term":[{"taxonomy":"product_brand","embeddable":true,"href":"https:\/\/www.huntersfriend.eu\/de\/wp-json\/wp\/v2\/product_brand?post=280059"},{"taxonomy":"product_cat","embeddable":true,"href":"https:\/\/www.huntersfriend.eu\/de\/wp-json\/wp\/v2\/product_cat?post=280059"},{"taxonomy":"product_tag","embeddable":true,"href":"https:\/\/www.huntersfriend.eu\/de\/wp-json\/wp\/v2\/product_tag?post=280059"}],"curies":[{"name":"wp","href":"https:\/\/api.w.org\/{rel}","templated":true}]}}