{"id":280058,"date":"2024-10-23T00:31:32","date_gmt":"2025-06-23T07:13:57","guid":{"rendered":"https:\/\/www.huntersfriend.eu\/product\/helle-viking-messer-puukko\/"},"modified":"2026-04-16T07:30:28","modified_gmt":"2026-04-16T05:30:28","slug":"helle-viking-messer-puukko","status":"publish","type":"product","link":"https:\/\/www.huntersfriend.eu\/de\/produkt\/helle-viking-messer-puukko\/","title":{"rendered":"Helle Viking-Messer &#8211; Puukko"},"content":{"rendered":"<h2><span data-text-color=\"alert\">Bitte beachten Sie, dass wir aufgrund lokaler Importbeschr\u00e4nkungen dieses Messer nicht in das Vereinigte K\u00f6nigreich versenden k\u00f6nnen. Bitte informieren Sie sich vor der Bestellung \u00fcber Ihre \u00f6rtlichen Bestimmungen. <\/span><\/h2>\n<p><strong>Der Viking ist die \u00dcberarbeitung eines Helle-Klassikers, der urspr\u00fcnglich als Teil einer Spendenaktion f\u00fcr eine Weltumsegelung in einem Wikingerlangschiff produziert wurde. <\/strong><\/p>\n<p>Der Griff ist tonnenf\u00f6rmig, aber verj\u00fcngt, um dem Messer einen charakteristischen Halt zu verleihen, auch wenn er nicht konturiert ist. Es bietet Sch\u00f6nheit in seiner Schlichtheit und ist zu einem modernen Klassiker geworden, obwohl das Design mehr als 1000 Jahre alt ist. <\/p>\n<p>Das Messer funktioniert sehr gut f\u00fcr alle Handgr\u00f6\u00dfen, sollte jedoch nur von erfahreneren Benutzern verwendet werden. Hier gibt es keinen Fingerschutz, daher ist Vorsicht bei der Verwendung geboten. <\/p>\n<p>Das Messer ist mit einer relativ dicken Klinge aus laminiertem Kohlenstoffstahl ausgestattet. Die Oberfl\u00e4che ist schwarz, direkt nach der W\u00e4rmebehandlung. Die schmale Erl reicht durch den gesamten Griff und ist im alten Stil mit einer rautenf\u00f6rmigen Unterlegscheibe vernietet.  <\/p>\n<p>Der Viking wird mit einer traditionellen, r\u00fcckseitig gen\u00e4hten Lederscheide geliefert, die mit ihrer Lederschlaufe am G\u00fcrtel getragen werden kann.<\/p>\n<p>Dieses Messer wird rosten, wenn es nicht gepflegt wird.<\/p>\n<p>*****<\/p>\n<div class=\"table-wrapper\">\n<table width=\"100%\">\n<tbody>\n<tr>\n<td><strong>Spezifikationen<\/strong><\/td>\n<td><b>Viking<\/b><\/td>\n<\/tr>\n<tr>\n<td>Gewicht inklusive Scheide <\/td>\n<td>150 g \/ 5,29 oz<\/td>\n<\/tr>\n<tr>\n<td>Klingenmaterial<\/td>\n<td>Dreifach laminierter Helle-Stahl, Kohlenstoff<\/td>\n<\/tr>\n<tr>\n<td>Klingenst\u00e4rke<\/td>\n<td>3,7 mm \/ 0,146 Zoll<\/td>\n<\/tr>\n<tr>\n<td>Klingenl\u00e4nge<\/td>\n<td>110 mm \/ 4,33 Zoll<\/td>\n<\/tr>\n<tr>\n<td>Klingenkonstruktion<\/td>\n<td>Stabangel<\/td>\n<\/tr>\n<tr>\n<td>Griffmaterial<\/td>\n<td>Maserbirke<\/td>\n<\/tr>\n<tr>\n<td>Griffl\u00e4nge<\/td>\n<td>105 mm \/ 4,13 Zoll<\/td>\n<\/tr>\n<tr>\n<td>Scheidenmaterial<\/td>\n<td>Echtes Leder<\/td>\n<\/tr>\n<tr>\n<td>Design von<\/td>\n<td>Helle-Design basierend auf authentischen historischen Messern<\/td>\n<\/tr>\n<tr>\n<td>Designjahr<\/td>\n<td>2009 \/ Wikingerzeitalter<\/td>\n<\/tr>\n<\/tbody>\n<\/table>\n<\/div>\n","protected":false},"excerpt":{"rendered":"<p>Bitte beachten Sie, dass wir aufgrund lokaler Importbeschr\u00e4nkungen dieses Messer nicht in das Vereinigte K\u00f6nigreich versenden k\u00f6nnen. Bitte informieren Sie sich vor der Bestellung \u00fcber Ihre \u00f6rtlichen Bestimmungen. Der Viking ist die \u00dcberarbeitung eines Helle-Klassikers, der urspr\u00fcnglich als Teil einer Spendenaktion f\u00fcr eine Weltumsegelung in einem Wikingerlangschiff produziert wurde. Der Griff ist tonnenf\u00f6rmig, aber verj\u00fcngt, [&#8230;]\n","protected":false},"featured_media":275305,"comment_status":"open","ping_status":"closed","template":"","meta":[],"product_brand":[],"product_cat":[2610],"product_tag":[],"class_list":{"0":"post-280058","1":"product","2":"type-product","3":"status-publish","4":"has-post-thumbnail","6":"product_cat-knivar-yxor-och-slipar","8":"first","9":"instock","10":"taxable","11":"shipping-taxable","12":"purchasable","13":"product-type-simple"},"composite_virtual":false,"composite_layout":"","composite_add_to_cart_form_location":"","composite_editable_in_cart":false,"composite_sold_individually_context":"","composite_shop_price_calc":"","composite_components":[],"composite_scenarios":[],"group_of_quantity":0,"min_quantity":0,"max_quantity":"","exclude_order_quantity_value_rules":"no","exclude_category_quantity_rules":"no","combine_variations":"no","exclude_global_add_ons":[],"addons":[],"_links":{"self":[{"href":"https:\/\/www.huntersfriend.eu\/de\/wp-json\/wp\/v2\/product\/280058","targetHints":{"allow":["GET"]}}],"collection":[{"href":"https:\/\/www.huntersfriend.eu\/de\/wp-json\/wp\/v2\/product"}],"about":[{"href":"https:\/\/www.huntersfriend.eu\/de\/wp-json\/wp\/v2\/types\/product"}],"replies":[{"embeddable":true,"href":"https:\/\/www.huntersfriend.eu\/de\/wp-json\/wp\/v2\/comments?post=280058"}],"wp:featuredmedia":[{"embeddable":true,"href":"https:\/\/www.huntersfriend.eu\/de\/wp-json\/wp\/v2\/media\/275305"}],"wp:attachment":[{"href":"https:\/\/www.huntersfriend.eu\/de\/wp-json\/wp\/v2\/media?parent=280058"}],"wp:term":[{"taxonomy":"product_brand","embeddable":true,"href":"https:\/\/www.huntersfriend.eu\/de\/wp-json\/wp\/v2\/product_brand?post=280058"},{"taxonomy":"product_cat","embeddable":true,"href":"https:\/\/www.huntersfriend.eu\/de\/wp-json\/wp\/v2\/product_cat?post=280058"},{"taxonomy":"product_tag","embeddable":true,"href":"https:\/\/www.huntersfriend.eu\/de\/wp-json\/wp\/v2\/product_tag?post=280058"}],"curies":[{"name":"wp","href":"https:\/\/api.w.org\/{rel}","templated":true}]}}