{"id":280057,"date":"2024-10-23T00:31:33","date_gmt":"2024-10-22T22:31:33","guid":{"rendered":"https:\/\/www.huntersfriend.eu\/product\/pilzmesser-klappbar\/"},"modified":"2025-08-20T11:46:44","modified_gmt":"2025-08-20T09:46:44","slug":"pilzmesser-klappbar","status":"publish","type":"product","link":"https:\/\/www.huntersfriend.eu\/de\/produkt\/pilzmesser-klappbar\/","title":{"rendered":"Pilzmesser &#8211; klappbar"},"content":{"rendered":"<h2><span data-text-bg=\"primary\" data-text-color=\"secondary\"><em><strong>Bitte beachten Sie, dass wir dieses Messer aufgrund lokaler Einfuhrbeschr\u00e4nkungen nicht in das Vereinigte K\u00f6nigreich versenden k\u00f6nnen. Informieren Sie sich vor der Bestellung \u00fcber die f\u00fcr Sie geltenden Messervorschriften. <\/strong><\/em><\/span><\/h2>\n<p><span class=\"jCAhz ChMk0b\"><span class=\"ryNqvb\">Dieses Pilzmesser ist ein Klappmesser mit einer speziell geformten Klinge.<\/span><\/span> <span class=\"jCAhz ChMk0b\"><span class=\"ryNqvb\">Die Klinge besteht aus 420er rostfreiem Stahl.<\/span><\/span> <span class=\"jCAhz ChMk0b\"><span class=\"ryNqvb\">Die gezahnte R\u00fcckenklinge und die B\u00fcrste unterst\u00fctzen bei der Reinigung der Pilze.<\/span><\/span> <span class=\"jCAhz\"><span class=\"ryNqvb\">Mit einem Karabiner versehen.<\/span><\/span> <span class=\"jCAhz ChMk0b\"><span class=\"ryNqvb\">Die L\u00e4nge des Griffes betr\u00e4gt 11 cm.<\/span><\/span><\/p>\n","protected":false},"excerpt":{"rendered":"<p>Bitte beachten Sie, dass wir dieses Messer aufgrund lokaler Einfuhrbeschr\u00e4nkungen nicht in das Vereinigte K\u00f6nigreich versenden k\u00f6nnen. Informieren Sie sich vor der Bestellung \u00fcber die f\u00fcr Sie geltenden Messervorschriften. Dieses Pilzmesser ist ein Klappmesser mit einer speziell geformten Klinge. Die Klinge besteht aus 420er rostfreiem Stahl. Die gezahnte R\u00fcckenklinge und die B\u00fcrste unterst\u00fctzen bei der [&#8230;]\n","protected":false},"featured_media":275088,"comment_status":"open","ping_status":"closed","template":"","meta":[],"product_brand":[],"product_cat":[1145],"product_tag":[],"class_list":{"0":"post-280057","1":"product","2":"type-product","3":"status-publish","4":"has-post-thumbnail","6":"product_cat-sonstiges","8":"first","9":"outofstock","10":"taxable","11":"shipping-taxable","12":"purchasable","13":"product-type-simple"},"composite_virtual":false,"composite_layout":"","composite_add_to_cart_form_location":"","composite_editable_in_cart":false,"composite_sold_individually_context":"","composite_shop_price_calc":"","composite_components":[],"composite_scenarios":[],"group_of_quantity":0,"min_quantity":0,"max_quantity":"","exclude_order_quantity_value_rules":"no","exclude_category_quantity_rules":"no","combine_variations":"no","exclude_global_add_ons":[],"addons":[],"_links":{"self":[{"href":"https:\/\/www.huntersfriend.eu\/de\/wp-json\/wp\/v2\/product\/280057","targetHints":{"allow":["GET"]}}],"collection":[{"href":"https:\/\/www.huntersfriend.eu\/de\/wp-json\/wp\/v2\/product"}],"about":[{"href":"https:\/\/www.huntersfriend.eu\/de\/wp-json\/wp\/v2\/types\/product"}],"replies":[{"embeddable":true,"href":"https:\/\/www.huntersfriend.eu\/de\/wp-json\/wp\/v2\/comments?post=280057"}],"wp:featuredmedia":[{"embeddable":true,"href":"https:\/\/www.huntersfriend.eu\/de\/wp-json\/wp\/v2\/media\/275088"}],"wp:attachment":[{"href":"https:\/\/www.huntersfriend.eu\/de\/wp-json\/wp\/v2\/media?parent=280057"}],"wp:term":[{"taxonomy":"product_brand","embeddable":true,"href":"https:\/\/www.huntersfriend.eu\/de\/wp-json\/wp\/v2\/product_brand?post=280057"},{"taxonomy":"product_cat","embeddable":true,"href":"https:\/\/www.huntersfriend.eu\/de\/wp-json\/wp\/v2\/product_cat?post=280057"},{"taxonomy":"product_tag","embeddable":true,"href":"https:\/\/www.huntersfriend.eu\/de\/wp-json\/wp\/v2\/product_tag?post=280057"}],"curies":[{"name":"wp","href":"https:\/\/api.w.org\/{rel}","templated":true}]}}