{"id":280056,"date":"2024-10-23T00:31:32","date_gmt":"2025-06-23T07:13:56","guid":{"rendered":"https:\/\/www.huntersfriend.eu\/product\/helle-hellefisk-messer\/"},"modified":"2026-04-16T07:30:28","modified_gmt":"2026-04-16T05:30:28","slug":"helle-hellefisk-messer","status":"publish","type":"product","link":"https:\/\/www.huntersfriend.eu\/de\/produkt\/helle-hellefisk-messer\/","title":{"rendered":"Helle Hellefisk-Messer"},"content":{"rendered":"<h2><span data-text-color=\"alert\">Bitte beachten Sie, dass wir aufgrund lokaler Importbeschr\u00e4nkungen dieses Messer nicht in das Vereinigte K\u00f6nigreich versenden k\u00f6nnen. Bitte informieren Sie sich vor der Bestellung \u00fcber Ihre \u00f6rtlichen Bestimmungen. <\/span><\/h2>\n<p><strong>Das Hellefisk wiegt lediglich 64 Gramm, was es zu einem Messer macht, das Sie auf jeder Reise mitnehmen k\u00f6nnen. Urspr\u00fcnglich als Fischmesser konzipiert, kann dieses Messer f\u00fcr eine Vielzahl von Aufgaben eingesetzt werden. Es wird h\u00e4ufig in der Outdoor-K\u00fcche verwendet.  <\/strong><\/p>\n<p>Unser leichtestes Messer ist mit einem fassf\u00f6rmigen Korkgriff ausgestattet. Der Kork sorgt daf\u00fcr, dass es sich auch bei sehr kaltem Wetter angenehm in der blo\u00dfen Hand anf\u00fchlt. Das Messer schwimmt sogar, sollten Sie es versehentlich ins Wasser fallen lassen (nicht empfohlen).  <\/p>\n<p>Das Hellefisk verf\u00fcgt \u00fcber eine Klinge aus 12C27-Stahl, die bereits ab Werk mit der bekannten Helle-Sch\u00e4rfe geschliffen ist.<\/p>\n<p>*****<\/p>\n<div class=\"table-wrapper\">\n<table width=\"100%\">\n<tbody>\n<tr>\n<td><strong>Spezifikationen<\/strong><\/td>\n<td><strong>Hellefisk<\/strong><\/td>\n<\/tr>\n<tr>\n<td>Gewicht inklusive Scheide <\/td>\n<td>104 g \/ 3,67 oz<\/td>\n<\/tr>\n<tr>\n<td>Klingenmaterial<\/td>\n<td>12C27 rostfreier Stahl<\/td>\n<\/tr>\n<tr>\n<td>Klingenst\u00e4rke<\/td>\n<td>1,3 mm \/ 0,051 Zoll<\/td>\n<\/tr>\n<tr>\n<td>Klingenl\u00e4nge<\/td>\n<td>123 mm \/ 4,84 Zoll<\/td>\n<\/tr>\n<tr>\n<td>Klingenkonstruktion<\/td>\n<td>Stabangel<\/td>\n<\/tr>\n<tr>\n<td>Griffmaterial<\/td>\n<td>Kork<\/td>\n<\/tr>\n<tr>\n<td>Griffl\u00e4nge<\/td>\n<td>130 mm \/ 5,12 Zoll<\/td>\n<\/tr>\n<tr>\n<td>Scheidenmaterial<\/td>\n<td>Echtes Leder<\/td>\n<\/tr>\n<tr>\n<td>Design von<\/td>\n<td>Tor Indergaard<\/td>\n<\/tr>\n<tr>\n<td>Entwurfsjahr<\/td>\n<td>1992<\/td>\n<\/tr>\n<\/tbody>\n<\/table>\n<\/div>\n","protected":false},"excerpt":{"rendered":"<p>Bitte beachten Sie, dass wir aufgrund lokaler Importbeschr\u00e4nkungen dieses Messer nicht in das Vereinigte K\u00f6nigreich versenden k\u00f6nnen. Bitte informieren Sie sich vor der Bestellung \u00fcber Ihre \u00f6rtlichen Bestimmungen. Das Hellefisk wiegt lediglich 64 Gramm, was es zu einem Messer macht, das Sie auf jeder Reise mitnehmen k\u00f6nnen. Urspr\u00fcnglich als Fischmesser konzipiert, kann dieses Messer f\u00fcr [&#8230;]\n","protected":false},"featured_media":275318,"comment_status":"open","ping_status":"closed","template":"","meta":[],"product_brand":[],"product_cat":[2610],"product_tag":[],"class_list":{"0":"post-280056","1":"product","2":"type-product","3":"status-publish","4":"has-post-thumbnail","6":"product_cat-knivar-yxor-och-slipar","8":"first","9":"instock","10":"taxable","11":"shipping-taxable","12":"purchasable","13":"product-type-simple"},"composite_virtual":false,"composite_layout":"","composite_add_to_cart_form_location":"","composite_editable_in_cart":false,"composite_sold_individually_context":"","composite_shop_price_calc":"","composite_components":[],"composite_scenarios":[],"group_of_quantity":0,"min_quantity":0,"max_quantity":"","exclude_order_quantity_value_rules":"no","exclude_category_quantity_rules":"no","combine_variations":"no","exclude_global_add_ons":[],"addons":[],"_links":{"self":[{"href":"https:\/\/www.huntersfriend.eu\/de\/wp-json\/wp\/v2\/product\/280056","targetHints":{"allow":["GET"]}}],"collection":[{"href":"https:\/\/www.huntersfriend.eu\/de\/wp-json\/wp\/v2\/product"}],"about":[{"href":"https:\/\/www.huntersfriend.eu\/de\/wp-json\/wp\/v2\/types\/product"}],"replies":[{"embeddable":true,"href":"https:\/\/www.huntersfriend.eu\/de\/wp-json\/wp\/v2\/comments?post=280056"}],"wp:featuredmedia":[{"embeddable":true,"href":"https:\/\/www.huntersfriend.eu\/de\/wp-json\/wp\/v2\/media\/275318"}],"wp:attachment":[{"href":"https:\/\/www.huntersfriend.eu\/de\/wp-json\/wp\/v2\/media?parent=280056"}],"wp:term":[{"taxonomy":"product_brand","embeddable":true,"href":"https:\/\/www.huntersfriend.eu\/de\/wp-json\/wp\/v2\/product_brand?post=280056"},{"taxonomy":"product_cat","embeddable":true,"href":"https:\/\/www.huntersfriend.eu\/de\/wp-json\/wp\/v2\/product_cat?post=280056"},{"taxonomy":"product_tag","embeddable":true,"href":"https:\/\/www.huntersfriend.eu\/de\/wp-json\/wp\/v2\/product_tag?post=280056"}],"curies":[{"name":"wp","href":"https:\/\/api.w.org\/{rel}","templated":true}]}}