{"id":280055,"date":"2024-10-23T00:31:33","date_gmt":"2024-10-22T22:31:33","guid":{"rendered":"https:\/\/www.huntersfriend.eu\/product\/albainox-pilzmesser-mit-aufdruck-faltbar\/"},"modified":"2025-08-10T04:34:27","modified_gmt":"2025-08-10T02:34:27","slug":"albainox-pilzmesser-mit-aufdruck-faltbar","status":"publish","type":"product","link":"https:\/\/www.huntersfriend.eu\/de\/produkt\/albainox-pilzmesser-mit-aufdruck-faltbar\/","title":{"rendered":"Albainox Pilzmesser mit Aufdruck &#8211; faltbar"},"content":{"rendered":"<h2><span data-text-bg=\"primary\" data-text-color=\"secondary\"><em><strong>Bitte beachten Sie, dass wir dieses Messer aufgrund lokaler Einfuhrbeschr\u00e4nkungen nicht in das Vereinigte K\u00f6nigreich versenden k\u00f6nnen. Informieren Sie sich vor der Bestellung \u00fcber die f\u00fcr Sie geltenden Messervorschriften. <\/strong><\/em><\/span><\/h2>\n<p><span class=\"jCAhz ChMk0b\"><span class=\"ryNqvb\">Das Albainox Print Pilzmesser ist ein praktisches Hilfsmittel f\u00fcr alle Pilzliebhaber.<\/span><\/span> <span class=\"jCAhz ChMk0b\"><span class=\"ryNqvb\">Zus\u00e4tzlich zur Klinge zum Schneiden von Pilzen verf\u00fcgt es auch \u00fcber eine B\u00fcrste zur Reinigung der Pilze.<\/span><\/span> <span class=\"jCAhz ChMk0b\"><span class=\"ryNqvb\">Der Griff des Messers ist aus Birkenholz gefertigt und mit einer Skala zur Bestimmung der Pilzgr\u00f6\u00dfe ausgestattet.<\/span><\/span> <span class=\"jCAhz\"><span class=\"ryNqvb\">Ebenfalls enthalten ist eine Pinzette.<\/span><\/span> <span class=\"jCAhz ChMk0b\"><span class=\"ryNqvb\">Im Lieferumfang ist eine G\u00fcrteltasche inbegriffen. <\/span><\/span><\/p>\n<p><span class=\"jCAhz ChMk0b\"><span class=\"ryNqvb\">Pilzmesser mit gebogener Klinge, Reinigungsb\u00fcrste und Pinzette.<br \/>\n<\/span><\/span><span class=\"jCAhz ChMk0b\"><span class=\"ryNqvb\">Die Klinge besteht aus rostfreiem Stahl 1.4116.<br \/>\n<\/span><\/span><span class=\"jCAhz ChMk0b\"><span class=\"ryNqvb\">Die Griffe sind aus Birkenholz gefertigt, eine Seite weist ein Pilzmuster auf, die andere Seite eine Messskala.<br \/>\n<\/span><\/span><span class=\"jCAhz ChMk0b\"><span class=\"ryNqvb\">Mit einem Schl\u00fcsselanh\u00e4nger versehen.<br \/>\n<\/span><\/span><span class=\"jCAhz ChMk0b\"><span class=\"ryNqvb\">Klingenl\u00e4nge 7,2 cm.<br \/>\n<\/span><\/span><span class=\"jCAhz ChMk0b\"><span class=\"ryNqvb\">Klingenst\u00e4rke 2,6 mm.<br \/>\n<\/span><\/span><span class=\"jCAhz ChMk0b\"><span class=\"ryNqvb\">Gesamtl\u00e4nge circa 20,5 cm.<br \/>\n<\/span><\/span><span class=\"jCAhz ChMk0b\"><span class=\"ryNqvb\">Gewicht etwa 100 g.<\/span><\/span><\/p>\n","protected":false},"excerpt":{"rendered":"<p>Bitte beachten Sie, dass wir dieses Messer aufgrund lokaler Einfuhrbeschr\u00e4nkungen nicht in das Vereinigte K\u00f6nigreich versenden k\u00f6nnen. Informieren Sie sich vor der Bestellung \u00fcber die f\u00fcr Sie geltenden Messervorschriften. Das Albainox Print Pilzmesser ist ein praktisches Hilfsmittel f\u00fcr alle Pilzliebhaber. Zus\u00e4tzlich zur Klinge zum Schneiden von Pilzen verf\u00fcgt es auch \u00fcber eine B\u00fcrste zur Reinigung [&#8230;]\n","protected":false},"featured_media":275092,"comment_status":"open","ping_status":"closed","template":"","meta":[],"product_brand":[],"product_cat":[1145],"product_tag":[],"class_list":{"0":"post-280055","1":"product","2":"type-product","3":"status-publish","4":"has-post-thumbnail","6":"product_cat-sonstiges","8":"first","9":"outofstock","10":"taxable","11":"shipping-taxable","12":"purchasable","13":"product-type-simple"},"composite_virtual":false,"composite_layout":"","composite_add_to_cart_form_location":"","composite_editable_in_cart":false,"composite_sold_individually_context":"","composite_shop_price_calc":"","composite_components":[],"composite_scenarios":[],"group_of_quantity":0,"min_quantity":0,"max_quantity":"","exclude_order_quantity_value_rules":"no","exclude_category_quantity_rules":"no","combine_variations":"no","exclude_global_add_ons":[],"addons":[],"_links":{"self":[{"href":"https:\/\/www.huntersfriend.eu\/de\/wp-json\/wp\/v2\/product\/280055","targetHints":{"allow":["GET"]}}],"collection":[{"href":"https:\/\/www.huntersfriend.eu\/de\/wp-json\/wp\/v2\/product"}],"about":[{"href":"https:\/\/www.huntersfriend.eu\/de\/wp-json\/wp\/v2\/types\/product"}],"replies":[{"embeddable":true,"href":"https:\/\/www.huntersfriend.eu\/de\/wp-json\/wp\/v2\/comments?post=280055"}],"wp:featuredmedia":[{"embeddable":true,"href":"https:\/\/www.huntersfriend.eu\/de\/wp-json\/wp\/v2\/media\/275092"}],"wp:attachment":[{"href":"https:\/\/www.huntersfriend.eu\/de\/wp-json\/wp\/v2\/media?parent=280055"}],"wp:term":[{"taxonomy":"product_brand","embeddable":true,"href":"https:\/\/www.huntersfriend.eu\/de\/wp-json\/wp\/v2\/product_brand?post=280055"},{"taxonomy":"product_cat","embeddable":true,"href":"https:\/\/www.huntersfriend.eu\/de\/wp-json\/wp\/v2\/product_cat?post=280055"},{"taxonomy":"product_tag","embeddable":true,"href":"https:\/\/www.huntersfriend.eu\/de\/wp-json\/wp\/v2\/product_tag?post=280055"}],"curies":[{"name":"wp","href":"https:\/\/api.w.org\/{rel}","templated":true}]}}