{"id":280054,"date":"2024-10-23T00:31:32","date_gmt":"2024-10-22T22:31:32","guid":{"rendered":"https:\/\/www.huntersfriend.eu\/product\/helle-speider-messer-puukko\/"},"modified":"2026-03-04T12:55:24","modified_gmt":"2026-03-04T10:55:24","slug":"helle-speider-messer-puukko","status":"publish","type":"product","link":"https:\/\/www.huntersfriend.eu\/de\/produkt\/helle-speider-messer-puukko\/","title":{"rendered":"Helle Speider Messer &#8211; Puukko"},"content":{"rendered":"<h2><span data-text-color=\"alert\">Bitte beachten Sie, dass wir aufgrund lokaler Importbeschr\u00e4nkungen dieses Messer nicht in das Vereinigte K\u00f6nigreich versenden k\u00f6nnen. Bitte informieren Sie sich vor der Bestellung \u00fcber Ihre \u00f6rtlichen Bestimmungen. <\/span><\/h2>\n<p><strong>Helle Speider ist ein hervorragendes Einstiegsmesser f\u00fcr diejenigen, die ein solides Messer mit gutem Schutz w\u00fcnschen.<\/strong><\/p>\n<p>Speider wurde urspr\u00fcnglich f\u00fcr \u00e4ltere Pfadfinder konzipiert, die \u00fcber ausreichend Erfahrung verf\u00fcgten, um zu einem gr\u00f6\u00dferen und leistungsf\u00e4higeren Messer \u00fcberzugehen. Der Griff aus dunkler, ge\u00f6lter Birke ist ergonomisch an einen guten Vier-Finger-Griff angepasst, und der solide Fingerschutz bietet guten Schutz bei der Arbeit mit dem Messer. Die Klinge besteht aus rostfreiem 12C27-Stahl mit einem d\u00fcnnen, skandinavischen Schliff und ist bei Entnahme aus der Scheide rasiermesserscharf.  <\/p>\n<p>Scout wird mit einer pfadfindergr\u00fcnen Lederscheide mit Druckknopf und G\u00fcrtelaufh\u00e4ngung geliefert.<\/p>\n<p><span lang=\"EN-US\">*****<\/span><\/p>\n<div class=\"table-wrapper\">\n<table width=\"100%\">\n<tbody>\n<tr>\n<td><strong>Spezifikationen<\/strong><\/td>\n<td><strong>Speider<\/strong><\/td>\n<\/tr>\n<tr>\n<td>Gewicht inklusive Scheide <\/td>\n<td>98 g \/ 3,46 oz<\/td>\n<\/tr>\n<tr>\n<td>Klingenmaterial<\/td>\n<td>Sandvik 12C27 rostfreier Stahl<\/td>\n<\/tr>\n<tr>\n<td>Klingenst\u00e4rke<\/td>\n<td>2,6 mm \/ 0,102 Zoll<\/td>\n<\/tr>\n<tr>\n<td>Klingenl\u00e4nge<\/td>\n<td>90 mm \/ 3,54 Zoll<\/td>\n<\/tr>\n<tr>\n<td>Klingenkonstruktion<\/td>\n<td>Stabangel<\/td>\n<\/tr>\n<tr>\n<td>Griffmaterial<\/td>\n<td>Dunkle Birke<\/td>\n<\/tr>\n<tr>\n<td>Griffl\u00e4nge<\/td>\n<td>100 mm \/ 3,94 Zoll<\/td>\n<\/tr>\n<tr>\n<td>Scheidenmaterial<\/td>\n<td>Echtes Leder<\/td>\n<\/tr>\n<tr>\n<td>Design von<\/td>\n<td>Tor Indergaard<\/td>\n<\/tr>\n<tr>\n<td>Entwurfsjahr<\/td>\n<td>1989<\/td>\n<\/tr>\n<\/tbody>\n<\/table>\n<\/div>\n","protected":false},"excerpt":{"rendered":"<p>Bitte beachten Sie, dass wir aufgrund lokaler Importbeschr\u00e4nkungen dieses Messer nicht in das Vereinigte K\u00f6nigreich versenden k\u00f6nnen. Bitte informieren Sie sich vor der Bestellung \u00fcber Ihre \u00f6rtlichen Bestimmungen. Helle Speider ist ein hervorragendes Einstiegsmesser f\u00fcr diejenigen, die ein solides Messer mit gutem Schutz w\u00fcnschen. Speider wurde urspr\u00fcnglich f\u00fcr \u00e4ltere Pfadfinder konzipiert, die \u00fcber ausreichend Erfahrung [&#8230;]\n","protected":false},"featured_media":275330,"comment_status":"open","ping_status":"closed","template":"","meta":[],"product_brand":[],"product_cat":[1145],"product_tag":[],"class_list":{"0":"post-280054","1":"product","2":"type-product","3":"status-publish","4":"has-post-thumbnail","6":"product_cat-sonstiges","8":"first","9":"outofstock","10":"taxable","11":"shipping-taxable","12":"purchasable","13":"product-type-simple"},"composite_virtual":false,"composite_layout":"","composite_add_to_cart_form_location":"","composite_editable_in_cart":false,"composite_sold_individually_context":"","composite_shop_price_calc":"","composite_components":[],"composite_scenarios":[],"group_of_quantity":0,"min_quantity":0,"max_quantity":"","exclude_order_quantity_value_rules":"no","exclude_category_quantity_rules":"no","combine_variations":"no","exclude_global_add_ons":[],"addons":[],"_links":{"self":[{"href":"https:\/\/www.huntersfriend.eu\/de\/wp-json\/wp\/v2\/product\/280054","targetHints":{"allow":["GET"]}}],"collection":[{"href":"https:\/\/www.huntersfriend.eu\/de\/wp-json\/wp\/v2\/product"}],"about":[{"href":"https:\/\/www.huntersfriend.eu\/de\/wp-json\/wp\/v2\/types\/product"}],"replies":[{"embeddable":true,"href":"https:\/\/www.huntersfriend.eu\/de\/wp-json\/wp\/v2\/comments?post=280054"}],"wp:featuredmedia":[{"embeddable":true,"href":"https:\/\/www.huntersfriend.eu\/de\/wp-json\/wp\/v2\/media\/275330"}],"wp:attachment":[{"href":"https:\/\/www.huntersfriend.eu\/de\/wp-json\/wp\/v2\/media?parent=280054"}],"wp:term":[{"taxonomy":"product_brand","embeddable":true,"href":"https:\/\/www.huntersfriend.eu\/de\/wp-json\/wp\/v2\/product_brand?post=280054"},{"taxonomy":"product_cat","embeddable":true,"href":"https:\/\/www.huntersfriend.eu\/de\/wp-json\/wp\/v2\/product_cat?post=280054"},{"taxonomy":"product_tag","embeddable":true,"href":"https:\/\/www.huntersfriend.eu\/de\/wp-json\/wp\/v2\/product_tag?post=280054"}],"curies":[{"name":"wp","href":"https:\/\/api.w.org\/{rel}","templated":true}]}}