{"id":280053,"date":"2024-10-23T00:31:32","date_gmt":"2024-10-22T22:31:32","guid":{"rendered":"https:\/\/www.huntersfriend.eu\/product\/helle-gaupe-12c27-messer-puukko\/"},"modified":"2025-06-23T09:13:54","modified_gmt":"2025-06-23T07:13:54","slug":"helle-gaupe-12c27-messer-puukko","status":"publish","type":"product","link":"https:\/\/www.huntersfriend.eu\/de\/produkt\/helle-gaupe-12c27-messer-puukko\/","title":{"rendered":"Helle Gaupe 12C27 Messer &#8211; Puukko"},"content":{"rendered":"<h2><span data-text-color=\"alert\">Bitte beachten Sie, dass wir aufgrund lokaler Importbeschr\u00e4nkungen dieses Messer nicht in das Vereinigte K\u00f6nigreich versenden k\u00f6nnen. Bitte informieren Sie sich vor der Bestellung \u00fcber Ihre \u00f6rtlichen Bestimmungen. <\/span><\/h2>\n<p class=\"p1\"><strong><span class=\"s1\">Im Jahre 2022 haben wir eine neue Version des klassischen Gaupe-Messers eingef\u00fchrt. Ebenso \u00e4sthetisch ansprechend und ausgewogen wie sein Vorg\u00e4nger, nun jedoch mit einer Klinge aus 12C27-Stahl. <\/span><\/strong><\/p>\n<p class=\"p3\"><span class=\"s1\">Benannt nach der norwegischen Bezeichnung f\u00fcr den Luchs, weist dieses Messer \u00e4hnliche Charakteristika auf. Es ist \u00fcberaus ansprechend f\u00fcr das Auge und beeindruckend in seiner Leistungsf\u00e4higkeit. Das Gaupe zeichnet sich durch eine klassische skandinavische Form mit einem kleinen Fingerschutz aus, und der Griff wurde sorgf\u00e4ltig von Hand geformt, um einen sicheren Halt zu gew\u00e4hrleisten.  <\/span><\/p>\n<p class=\"p3\"><span class=\"s1\">Die Entscheidung zwischen 12C27 und H3LS (laminiert) h\u00e4ngt letztendlich davon ab, wie Sie Ihr Messer zu verwenden gedenken.<\/span><\/p>\n<p>  *****<\/p>\n<div class=\"table-wrapper\">\n<table width=\"100%\">\n<tbody>\n<tr>\n<td><strong>Spezifikationen<\/strong><\/td>\n<td><strong>Gaupe 12C27<\/strong><\/td>\n<\/tr>\n<tr>\n<td>Gewicht inklusive Scheide <\/td>\n<td>162 g \/ 5,71 oz<\/td>\n<\/tr>\n<tr>\n<td>Klingenmaterial<\/td>\n<td>12C27 rostfreier Stahl<\/td>\n<\/tr>\n<tr>\n<td>Klingenst\u00e4rke<\/td>\n<td>2,9 mm \/ 0,114 Zoll<\/td>\n<\/tr>\n<tr>\n<td>Klingenl\u00e4nge<\/td>\n<td>107 mm \/ 4,21 Zoll<\/td>\n<\/tr>\n<tr>\n<td>Klingenkonstruktion<\/td>\n<td>Stabangel<\/td>\n<\/tr>\n<tr>\n<td>Griffmaterial<\/td>\n<td>Maserbirke<\/td>\n<\/tr>\n<tr>\n<td>Griffl\u00e4nge<\/td>\n<td>115 mm \/ 4,53 Zoll<\/td>\n<\/tr>\n<tr>\n<td>Scheidenmaterial<\/td>\n<td>Echtes Leder<\/td>\n<\/tr>\n<tr>\n<td>Design von<\/td>\n<td>Helle Design<\/td>\n<\/tr>\n<tr>\n<td>Designjahr<\/td>\n<td>2011<\/td>\n<\/tr>\n<\/tbody>\n<\/table>\n<\/div>\n","protected":false},"excerpt":{"rendered":"<p>Bitte beachten Sie, dass wir aufgrund lokaler Importbeschr\u00e4nkungen dieses Messer nicht in das Vereinigte K\u00f6nigreich versenden k\u00f6nnen. Bitte informieren Sie sich vor der Bestellung \u00fcber Ihre \u00f6rtlichen Bestimmungen. Im Jahre 2022 haben wir eine neue Version des klassischen Gaupe-Messers eingef\u00fchrt. Ebenso \u00e4sthetisch ansprechend und ausgewogen wie sein Vorg\u00e4nger, nun jedoch mit einer Klinge aus 12C27-Stahl. [&#8230;]\n","protected":false},"featured_media":275283,"comment_status":"open","ping_status":"closed","template":"","meta":[],"product_brand":[],"product_cat":[1145],"product_tag":[],"class_list":{"0":"post-280053","1":"product","2":"type-product","3":"status-publish","4":"has-post-thumbnail","6":"product_cat-sonstiges","8":"first","9":"outofstock","10":"taxable","11":"shipping-taxable","12":"purchasable","13":"product-type-simple"},"composite_virtual":false,"composite_layout":"","composite_add_to_cart_form_location":"","composite_editable_in_cart":false,"composite_sold_individually_context":"","composite_shop_price_calc":"","composite_components":[],"composite_scenarios":[],"group_of_quantity":0,"min_quantity":0,"max_quantity":"","exclude_order_quantity_value_rules":"no","exclude_category_quantity_rules":"no","combine_variations":"no","exclude_global_add_ons":[],"addons":[],"_links":{"self":[{"href":"https:\/\/www.huntersfriend.eu\/de\/wp-json\/wp\/v2\/product\/280053","targetHints":{"allow":["GET"]}}],"collection":[{"href":"https:\/\/www.huntersfriend.eu\/de\/wp-json\/wp\/v2\/product"}],"about":[{"href":"https:\/\/www.huntersfriend.eu\/de\/wp-json\/wp\/v2\/types\/product"}],"replies":[{"embeddable":true,"href":"https:\/\/www.huntersfriend.eu\/de\/wp-json\/wp\/v2\/comments?post=280053"}],"wp:featuredmedia":[{"embeddable":true,"href":"https:\/\/www.huntersfriend.eu\/de\/wp-json\/wp\/v2\/media\/275283"}],"wp:attachment":[{"href":"https:\/\/www.huntersfriend.eu\/de\/wp-json\/wp\/v2\/media?parent=280053"}],"wp:term":[{"taxonomy":"product_brand","embeddable":true,"href":"https:\/\/www.huntersfriend.eu\/de\/wp-json\/wp\/v2\/product_brand?post=280053"},{"taxonomy":"product_cat","embeddable":true,"href":"https:\/\/www.huntersfriend.eu\/de\/wp-json\/wp\/v2\/product_cat?post=280053"},{"taxonomy":"product_tag","embeddable":true,"href":"https:\/\/www.huntersfriend.eu\/de\/wp-json\/wp\/v2\/product_tag?post=280053"}],"curies":[{"name":"wp","href":"https:\/\/api.w.org\/{rel}","templated":true}]}}