{"id":280051,"date":"2024-10-23T00:31:32","date_gmt":"2025-06-23T07:13:53","guid":{"rendered":"https:\/\/www.huntersfriend.eu\/product\/helle-steinbit-fischermesser\/"},"modified":"2026-04-16T07:30:27","modified_gmt":"2026-04-16T05:30:27","slug":"helle-steinbit-fischermesser","status":"publish","type":"product","link":"https:\/\/www.huntersfriend.eu\/de\/produkt\/helle-steinbit-fischermesser\/","title":{"rendered":"Helle Steinbit Fischermesser"},"content":{"rendered":"<h2><span data-text-color=\"alert\">Bitte beachten Sie, dass wir aufgrund lokaler Importbeschr\u00e4nkungen dieses Messer nicht in das Vereinigte K\u00f6nigreich versenden k\u00f6nnen. Bitte informieren Sie sich vor der Bestellung \u00fcber Ihre \u00f6rtlichen Bestimmungen. <\/span><\/h2>\n<p><strong>Steinbit ist ein fantastisches Werkzeug f\u00fcr jede Angelreise. Es ist ebenso sch\u00f6n wie funktional und eine wahre Empfehlung, wenn Sie nach einem Geschenk f\u00fcr einen Fischer oder eine Fischerin suchen, der oder die bereits alles hat. <\/strong><\/p>\n<p>Da wir an der K\u00fcste leben und die Nordsee vor unserer Haust\u00fcr haben, kennen wir uns mit der Fischerei aus. Das Steinbit ist eines der Produkte, das zu einem unserer Klassiker geworden ist und seit \u00fcber 30 Jahren in Produktion ist. Es wurde entwickelt, um den Anforderungen als funktionales Messer f\u00fcr jede Angelexpedition gerecht zu werden, sei es am Fluss, auf dem Fjord oder weit drau\u00dfen auf dem gro\u00dfen Meer.  <\/p>\n<p>Wohin auch immer Sie auf Ihrer Angelreise aufbrechen, wir werden Ihnen niemals Gl\u00fcck w\u00fcnschen. Das w\u00fcrde f\u00fcr jeden Fischer in Norwegen Ungl\u00fcck bedeuten. <\/p>\n<p>Der Griff aus Maserbirke wurde von Hand zu einem seidenmatten Finish geschliffen, um die Maserung des Holzes hervorzuheben. Die Klinge ist lang und d\u00fcnn &#8211; direkt aus der Verpackung gesch\u00e4rft und auf eine rasiermesserscharfe Schneide poliert. <\/p>\n<p>*****<\/p>\n<div class=\"table-wrapper\">\n<table width=\"100%\">\n<tbody>\n<tr>\n<td><strong>Spezifikationen<\/strong><\/td>\n<td><b>Steinbit<\/b><\/td>\n<\/tr>\n<tr>\n<td>Gewicht inklusive Scheide <\/td>\n<td>132 g \/ 4,66 oz<\/td>\n<\/tr>\n<tr>\n<td>Klingenmaterial<\/td>\n<td>12C27 rostfreier Stahl<\/td>\n<\/tr>\n<tr>\n<td>Klingenst\u00e4rke<\/td>\n<td>1,6 mm \/ 0,063 Zoll<\/td>\n<\/tr>\n<tr>\n<td>Klingenl\u00e4nge<\/td>\n<td>153 mm \/ 6,02 Zoll<\/td>\n<\/tr>\n<tr>\n<td>Klingenkonstruktion<\/td>\n<td>Stabangel<\/td>\n<\/tr>\n<tr>\n<td>Griffmaterial<\/td>\n<td>Maserbirke<\/td>\n<\/tr>\n<tr>\n<td>Griffl\u00e4nge<\/td>\n<td>120 mm \/ 4,72 Zoll<\/td>\n<\/tr>\n<tr>\n<td>Scheidenmaterial<\/td>\n<td>Echtes Leder<\/td>\n<\/tr>\n<tr>\n<td>Design von<\/td>\n<td>Espen Thorup<\/td>\n<\/tr>\n<tr>\n<td>Designjahr<\/td>\n<td>1990<\/td>\n<\/tr>\n<\/tbody>\n<\/table>\n<\/div>\n","protected":false},"excerpt":{"rendered":"<p>Bitte beachten Sie, dass wir aufgrund lokaler Importbeschr\u00e4nkungen dieses Messer nicht in das Vereinigte K\u00f6nigreich versenden k\u00f6nnen. Bitte informieren Sie sich vor der Bestellung \u00fcber Ihre \u00f6rtlichen Bestimmungen. Steinbit ist ein fantastisches Werkzeug f\u00fcr jede Angelreise. Es ist ebenso sch\u00f6n wie funktional und eine wahre Empfehlung, wenn Sie nach einem Geschenk f\u00fcr einen Fischer oder [&#8230;]\n","protected":false},"featured_media":275295,"comment_status":"open","ping_status":"closed","template":"","meta":[],"product_brand":[],"product_cat":[2610],"product_tag":[],"class_list":{"0":"post-280051","1":"product","2":"type-product","3":"status-publish","4":"has-post-thumbnail","6":"product_cat-knivar-yxor-och-slipar","8":"first","9":"instock","10":"taxable","11":"shipping-taxable","12":"purchasable","13":"product-type-simple"},"composite_virtual":false,"composite_layout":"","composite_add_to_cart_form_location":"","composite_editable_in_cart":false,"composite_sold_individually_context":"","composite_shop_price_calc":"","composite_components":[],"composite_scenarios":[],"group_of_quantity":0,"min_quantity":0,"max_quantity":"","exclude_order_quantity_value_rules":"no","exclude_category_quantity_rules":"no","combine_variations":"no","exclude_global_add_ons":[],"addons":[],"_links":{"self":[{"href":"https:\/\/www.huntersfriend.eu\/de\/wp-json\/wp\/v2\/product\/280051","targetHints":{"allow":["GET"]}}],"collection":[{"href":"https:\/\/www.huntersfriend.eu\/de\/wp-json\/wp\/v2\/product"}],"about":[{"href":"https:\/\/www.huntersfriend.eu\/de\/wp-json\/wp\/v2\/types\/product"}],"replies":[{"embeddable":true,"href":"https:\/\/www.huntersfriend.eu\/de\/wp-json\/wp\/v2\/comments?post=280051"}],"wp:featuredmedia":[{"embeddable":true,"href":"https:\/\/www.huntersfriend.eu\/de\/wp-json\/wp\/v2\/media\/275295"}],"wp:attachment":[{"href":"https:\/\/www.huntersfriend.eu\/de\/wp-json\/wp\/v2\/media?parent=280051"}],"wp:term":[{"taxonomy":"product_brand","embeddable":true,"href":"https:\/\/www.huntersfriend.eu\/de\/wp-json\/wp\/v2\/product_brand?post=280051"},{"taxonomy":"product_cat","embeddable":true,"href":"https:\/\/www.huntersfriend.eu\/de\/wp-json\/wp\/v2\/product_cat?post=280051"},{"taxonomy":"product_tag","embeddable":true,"href":"https:\/\/www.huntersfriend.eu\/de\/wp-json\/wp\/v2\/product_tag?post=280051"}],"curies":[{"name":"wp","href":"https:\/\/api.w.org\/{rel}","templated":true}]}}