{"id":280050,"date":"2024-10-23T00:31:32","date_gmt":"2025-06-23T07:13:53","guid":{"rendered":"https:\/\/www.huntersfriend.eu\/product\/opinel-pilzmesser\/"},"modified":"2026-02-25T10:37:33","modified_gmt":"2026-02-25T08:37:33","slug":"opinel-pilzmesser","status":"publish","type":"product","link":"https:\/\/www.huntersfriend.eu\/de\/produkt\/opinel-pilzmesser\/","title":{"rendered":"Opinel Pilzmesser"},"content":{"rendered":"<h2><span data-text-bg=\"primary\" data-text-color=\"secondary\"><em><strong>Bitte beachten Sie, dass wir dieses Messer aufgrund lokaler Einfuhrbeschr\u00e4nkungen nicht in das Vereinigte K\u00f6nigreich versenden k\u00f6nnen. Informieren Sie sich vor der Bestellung \u00fcber die f\u00fcr Sie geltenden Messervorschriften. <\/strong><\/em><\/span><\/h2>\n<p><span class=\"jCAhz\"><span class=\"ryNqvb\">Das Opinel Pilzmesser ist ein ausgezeichnetes Klappmesser f\u00fcr Pilzsammler und -h\u00e4ndler.<\/span><\/span> <span class=\"jCAhz\"><span class=\"ryNqvb\">Ein hervorragendes Geschenk f\u00fcr Pilzliebhaber!<\/span><\/span> <span class=\"jCAhz\"><span class=\"ryNqvb\">Eine feine, gebogene Klinge aus rostfreiem Sandvik-Stahl mit gezahntem R\u00fccken erleichtert die Arbeit mit Pilzen.<\/span><\/span> <span class=\"jCAhz ChMk0b\"><span class=\"ryNqvb\">Am Ende des Griffteils, der aus naturfarbenem, lackiertem Buchenholz gefertigt ist, befindet sich eine B\u00fcrste aus Wildschweinborsten, mit der sich Erde und Schmutz m\u00fchelos von den Pilzen entfernen lassen.<\/span><\/span><\/p>\n<p><span class=\"jCAhz ChMk0b\"><span class=\"ryNqvb\">Klappmesser<br \/>\n<\/span><\/span><span class=\"jCAhz ChMk0b\"><span class=\"ryNqvb\">Die L\u00e4nge des Griffs betr\u00e4gt 11 cm.<br \/>\n<\/span><\/span><span class=\"jCAhz ChMk0b\"><span class=\"ryNqvb\">Klingenl\u00e4nge 7 cm.<br \/>\n<\/span><\/span><span class=\"jCAhz ChMk0b\"><span class=\"ryNqvb\">L\u00e4nge im ge\u00f6ffneten Zustand 20 cm.<br \/>\n<\/span><\/span><span class=\"jCAhz\"><span class=\"ryNqvb\">Gewicht 47g.<\/span><\/span><\/p>\n","protected":false},"excerpt":{"rendered":"<p>Bitte beachten Sie, dass wir dieses Messer aufgrund lokaler Einfuhrbeschr\u00e4nkungen nicht in das Vereinigte K\u00f6nigreich versenden k\u00f6nnen. Informieren Sie sich vor der Bestellung \u00fcber die f\u00fcr Sie geltenden Messervorschriften. Das Opinel Pilzmesser ist ein ausgezeichnetes Klappmesser f\u00fcr Pilzsammler und -h\u00e4ndler. Ein hervorragendes Geschenk f\u00fcr Pilzliebhaber! Eine feine, gebogene Klinge aus rostfreiem Sandvik-Stahl mit gezahntem R\u00fccken [&#8230;]\n","protected":false},"featured_media":275107,"comment_status":"open","ping_status":"closed","template":"","meta":[],"product_brand":[],"product_cat":[2610],"product_tag":[],"class_list":{"0":"post-280050","1":"product","2":"type-product","3":"status-publish","4":"has-post-thumbnail","6":"product_cat-knivar-yxor-och-slipar","8":"first","9":"instock","10":"taxable","11":"shipping-taxable","12":"purchasable","13":"product-type-simple"},"composite_virtual":false,"composite_layout":"","composite_add_to_cart_form_location":"","composite_editable_in_cart":false,"composite_sold_individually_context":"","composite_shop_price_calc":"","composite_components":[],"composite_scenarios":[],"group_of_quantity":0,"min_quantity":0,"max_quantity":"","exclude_order_quantity_value_rules":"no","exclude_category_quantity_rules":"no","combine_variations":"no","exclude_global_add_ons":[],"addons":[],"_links":{"self":[{"href":"https:\/\/www.huntersfriend.eu\/de\/wp-json\/wp\/v2\/product\/280050","targetHints":{"allow":["GET"]}}],"collection":[{"href":"https:\/\/www.huntersfriend.eu\/de\/wp-json\/wp\/v2\/product"}],"about":[{"href":"https:\/\/www.huntersfriend.eu\/de\/wp-json\/wp\/v2\/types\/product"}],"replies":[{"embeddable":true,"href":"https:\/\/www.huntersfriend.eu\/de\/wp-json\/wp\/v2\/comments?post=280050"}],"wp:featuredmedia":[{"embeddable":true,"href":"https:\/\/www.huntersfriend.eu\/de\/wp-json\/wp\/v2\/media\/275107"}],"wp:attachment":[{"href":"https:\/\/www.huntersfriend.eu\/de\/wp-json\/wp\/v2\/media?parent=280050"}],"wp:term":[{"taxonomy":"product_brand","embeddable":true,"href":"https:\/\/www.huntersfriend.eu\/de\/wp-json\/wp\/v2\/product_brand?post=280050"},{"taxonomy":"product_cat","embeddable":true,"href":"https:\/\/www.huntersfriend.eu\/de\/wp-json\/wp\/v2\/product_cat?post=280050"},{"taxonomy":"product_tag","embeddable":true,"href":"https:\/\/www.huntersfriend.eu\/de\/wp-json\/wp\/v2\/product_tag?post=280050"}],"curies":[{"name":"wp","href":"https:\/\/api.w.org\/{rel}","templated":true}]}}