{"id":280048,"date":"2024-10-23T00:31:31","date_gmt":"2025-06-23T07:13:51","guid":{"rendered":"https:\/\/www.huntersfriend.eu\/product\/helle-mandra-messer-puukko\/"},"modified":"2026-04-16T07:30:26","modified_gmt":"2026-04-16T05:30:26","slug":"helle-mandra-messer-puukko","status":"publish","type":"product","link":"https:\/\/www.huntersfriend.eu\/de\/produkt\/helle-mandra-messer-puukko\/","title":{"rendered":"Helle Mandra Messer &#8211; Puukko"},"content":{"rendered":"<h2><span data-text-color=\"alert\">Bitte beachten Sie, dass wir aufgrund lokaler Importbeschr\u00e4nkungen dieses Messer nicht in das Vereinigte K\u00f6nigreich versenden k\u00f6nnen. Bitte informieren Sie sich vor der Bestellung \u00fcber Ihre \u00f6rtlichen Bestimmungen. <\/span><\/h2>\n<p><strong>Als Helle beschloss, ein Messer mit vollem Flachschliff herzustellen, war das Mandra die offensichtliche Wahl. Es ist klein, gut proportioniert und hat eine Klingenform, die zum Schneiden einl\u00e4dt. Es passt in Ihre Tasche, an Ihren G\u00fcrtel oder um Ihren Hals und ist stets bereit und verf\u00fcgbar, wenn Sie ernten, schneiden, in Scheiben schneiden, w\u00fcrfeln oder kochen m\u00fcssen &#8211; das neue Mandra FG ist die ultimative Allzweckklinge f\u00fcr den Wanderer, der die Essenspausen genauso genie\u00dft wie die Wanderung selbst.  <\/strong><\/p>\n<p>W\u00e4hrend der skandinavische Schliff des Standard-Mandra f\u00fcr die meisten Aufgaben gut geeignet ist, zeichnet sich das Mandra FG beim Schneiden besonders aus. Ob Sie Pilze ernten oder sie auf Ihrem Schneidebrett in Scheiben schneiden, die neue 12C27-Klinge des Mandra FG sorgt f\u00fcr saubere und pr\u00e4zise Schnitte. Obwohl es die gleiche Form hat, verf\u00fcgt es \u00fcber einen etwas dickeren Griff als das Standard-Mandra, da die wei\u00dfen Zwischenlagen dicker sind. Dies erzeugt eine sehr ausgewogene Klinge, mit der Sie \u00fcber einen l\u00e4ngeren Zeitraum arbeiten k\u00f6nnen.   <\/p>\n<p>Das Mandra FG wird mit einer hellbraunen Lederscheide mit Druckknopf f\u00fcr eine sichere Befestigung geliefert. Die wei\u00dfe Naht passt zur Farbe der Zwischenlage des Messers. <\/p>\n<p>Das urspr\u00fcngliche Mandra war das dritte Messer, das in Zusammenarbeit mit \u201eSurvivorman\u201c Les Stroud entwickelt wurde. Der Name M\u00e2ndra bedeutet auf Rum\u00e4nisch \u201eStolz\u201c. <\/p>\n<p>*****<\/p>\n<div class=\"table-wrapper\">\n<table width=\"100%\">\n<tbody>\n<tr>\n<td><strong>Spezifikationen<\/strong><\/td>\n<td><strong>m\u00e2ndra<\/strong><\/td>\n<\/tr>\n<tr>\n<td>Gewicht inklusive Scheide <\/td>\n<td>104 g \/ 3,88 oz<\/td>\n<\/tr>\n<tr>\n<td>Klingenmaterial<\/td>\n<td>12C27, rostfrei<\/td>\n<\/tr>\n<tr>\n<td>Klingenst\u00e4rke<\/td>\n<td>2,5 mm \/ 0,102 Zoll<\/td>\n<\/tr>\n<tr>\n<td>Klingenl\u00e4nge<\/td>\n<td>69 mm \/ 2,72 Zoll<\/td>\n<\/tr>\n<tr>\n<td>Klingenkonstruktion<\/td>\n<td>Durchgehende Erl<\/td>\n<\/tr>\n<tr>\n<td>Griffmaterial<\/td>\n<td>Maserbirke und vulkanisierte Faser<\/td>\n<\/tr>\n<tr>\n<td>Griffl\u00e4nge<\/td>\n<td>80 mm \/ 3,15 Zoll<\/td>\n<\/tr>\n<tr>\n<td>Scheidenmaterial<\/td>\n<td>Echtes Leder<\/td>\n<\/tr>\n<tr>\n<td>Design von<\/td>\n<td>Les Stroud \/ Helle<\/td>\n<\/tr>\n<tr>\n<td>Designjahr<\/td>\n<td>2015 \/ 2023<\/td>\n<\/tr>\n<\/tbody>\n<\/table>\n<\/div>\n","protected":false},"excerpt":{"rendered":"<p>Bitte beachten Sie, dass wir aufgrund lokaler Importbeschr\u00e4nkungen dieses Messer nicht in das Vereinigte K\u00f6nigreich versenden k\u00f6nnen. Bitte informieren Sie sich vor der Bestellung \u00fcber Ihre \u00f6rtlichen Bestimmungen. Als Helle beschloss, ein Messer mit vollem Flachschliff herzustellen, war das Mandra die offensichtliche Wahl. Es ist klein, gut proportioniert und hat eine Klingenform, die zum Schneiden [&#8230;]\n","protected":false},"featured_media":275245,"comment_status":"open","ping_status":"closed","template":"","meta":[],"product_brand":[],"product_cat":[2610],"product_tag":[],"class_list":{"0":"post-280048","1":"product","2":"type-product","3":"status-publish","4":"has-post-thumbnail","6":"product_cat-knivar-yxor-och-slipar","8":"first","9":"instock","10":"taxable","11":"shipping-taxable","12":"purchasable","13":"product-type-simple"},"composite_virtual":false,"composite_layout":"","composite_add_to_cart_form_location":"","composite_editable_in_cart":false,"composite_sold_individually_context":"","composite_shop_price_calc":"","composite_components":[],"composite_scenarios":[],"group_of_quantity":0,"min_quantity":0,"max_quantity":"","exclude_order_quantity_value_rules":"no","exclude_category_quantity_rules":"no","combine_variations":"no","exclude_global_add_ons":[],"addons":[],"_links":{"self":[{"href":"https:\/\/www.huntersfriend.eu\/de\/wp-json\/wp\/v2\/product\/280048","targetHints":{"allow":["GET"]}}],"collection":[{"href":"https:\/\/www.huntersfriend.eu\/de\/wp-json\/wp\/v2\/product"}],"about":[{"href":"https:\/\/www.huntersfriend.eu\/de\/wp-json\/wp\/v2\/types\/product"}],"replies":[{"embeddable":true,"href":"https:\/\/www.huntersfriend.eu\/de\/wp-json\/wp\/v2\/comments?post=280048"}],"wp:featuredmedia":[{"embeddable":true,"href":"https:\/\/www.huntersfriend.eu\/de\/wp-json\/wp\/v2\/media\/275245"}],"wp:attachment":[{"href":"https:\/\/www.huntersfriend.eu\/de\/wp-json\/wp\/v2\/media?parent=280048"}],"wp:term":[{"taxonomy":"product_brand","embeddable":true,"href":"https:\/\/www.huntersfriend.eu\/de\/wp-json\/wp\/v2\/product_brand?post=280048"},{"taxonomy":"product_cat","embeddable":true,"href":"https:\/\/www.huntersfriend.eu\/de\/wp-json\/wp\/v2\/product_cat?post=280048"},{"taxonomy":"product_tag","embeddable":true,"href":"https:\/\/www.huntersfriend.eu\/de\/wp-json\/wp\/v2\/product_tag?post=280048"}],"curies":[{"name":"wp","href":"https:\/\/api.w.org\/{rel}","templated":true}]}}