{"id":280046,"date":"2024-10-23T00:31:31","date_gmt":"2025-06-23T07:13:50","guid":{"rendered":"https:\/\/www.huntersfriend.eu\/product\/helle-gt-h3ls-messer-puukko\/"},"modified":"2026-04-16T07:30:26","modified_gmt":"2026-04-16T05:30:26","slug":"helle-gt-h3ls-messer-puukko","status":"publish","type":"product","link":"https:\/\/www.huntersfriend.eu\/de\/produkt\/helle-gt-h3ls-messer-puukko\/","title":{"rendered":"Helle GT H3LS Messer &#8211; Puukko"},"content":{"rendered":"<h2><span data-text-color=\"alert\">Bitte beachten Sie, dass wir aufgrund lokaler Importbeschr\u00e4nkungen dieses Messer nicht in das Vereinigte K\u00f6nigreich versenden k\u00f6nnen. Bitte informieren Sie sich vor der Bestellung \u00fcber Ihre \u00f6rtlichen Bestimmungen. <\/span><\/h2>\n<p><strong>Das Helle GT ist ein langj\u00e4hriger Favorit und befindet sich seit 1997 im Sortiment von Helle. Es erfreut sich in vielen Teilen der Welt einer gro\u00dfen Fangemeinde aufgrund seines charakteristischen Aussehens, das mit traditionellem skandinavischem Messerdesign kombiniert wird. <\/strong><\/p>\n<p>Das GT verf\u00fcgt \u00fcber einen fassf\u00f6rmigen Griff, der f\u00fcr die meisten Handgr\u00f6\u00dfen geeignet ist und lang genug f\u00fcr gro\u00dfe H\u00e4nde ist. Der Fingerschutz aus Aluminium bietet einen sicheren Schutz vor der dreifach laminierten Klinge aus rostfreiem Stahl. Die Klinge hat einen klassischen Scandischliff, der von Hand poliert wurde, um eine sofortige, haarspaltende Sch\u00e4rfe zu bieten.  <\/p>\n<p>Das Messer wird mit einer hochwertigen Lederscheide mit Druckknopfverschluss geliefert.<\/p>\n<p>Der Name GT ist die Abk\u00fcrzung f\u00fcr das deutsche Unternehmen Globetrotter, das w\u00e4hrend eines Besuchs in der Fabrik zum Design beitrug, indem es einige Anpassungen an einem fr\u00fcheren Entwurf von Gunnar Lothe vornahm.<\/p>\n<p>*****<\/p>\n<div class=\"table-wrapper\">\n<table width=\"100%\">\n<tbody>\n<tr>\n<td><strong>Spezifikationen<\/strong><\/td>\n<td><strong>Helle GT<\/strong><\/td>\n<\/tr>\n<tr>\n<td>Gewicht inklusive Scheide <\/td>\n<td>210 g \/ 7,41 oz<\/td>\n<\/tr>\n<tr>\n<td>Klingenmaterial<\/td>\n<td>Dreifach laminierter Helle-Stahl, rostfrei<\/td>\n<\/tr>\n<tr>\n<td>Klingenst\u00e4rke<\/td>\n<td>3,2 mm \/ 0,126 Zoll<\/td>\n<\/tr>\n<tr>\n<td>Klingenl\u00e4nge<\/td>\n<td>123 mm \/ 4,84 Zoll<\/td>\n<\/tr>\n<tr>\n<td>Klingenkonstruktion<\/td>\n<td>Stabangel<\/td>\n<\/tr>\n<tr>\n<td>Griffmaterial<\/td>\n<td>Maserbirke, Leder und Aluminiumschutz<\/td>\n<\/tr>\n<tr>\n<td>Griffl\u00e4nge<\/td>\n<td>124 mm \/ 4,88 Zoll<\/td>\n<\/tr>\n<tr>\n<td>Scheidenmaterial<\/td>\n<td>Echtes Leder<\/td>\n<\/tr>\n<tr>\n<td>Design von<\/td>\n<td>Gunnar Lothe (urspr\u00fcngliches Design)<\/td>\n<\/tr>\n<tr>\n<td>Designjahr<\/td>\n<td>1997<\/td>\n<\/tr>\n<\/tbody>\n<\/table>\n<\/div>\n","protected":false},"excerpt":{"rendered":"<p>L\u00e4nge 24,7 cm, Gewicht 202 g<\/p>\n","protected":false},"featured_media":275268,"comment_status":"open","ping_status":"closed","template":"","meta":[],"product_brand":[],"product_cat":[2610],"product_tag":[],"class_list":{"0":"post-280046","1":"product","2":"type-product","3":"status-publish","4":"has-post-thumbnail","6":"product_cat-knivar-yxor-och-slipar","8":"first","9":"instock","10":"taxable","11":"shipping-taxable","12":"purchasable","13":"product-type-simple"},"composite_virtual":false,"composite_layout":"","composite_add_to_cart_form_location":"","composite_editable_in_cart":false,"composite_sold_individually_context":"","composite_shop_price_calc":"","composite_components":[],"composite_scenarios":[],"group_of_quantity":0,"min_quantity":0,"max_quantity":"","exclude_order_quantity_value_rules":"no","exclude_category_quantity_rules":"no","combine_variations":"no","exclude_global_add_ons":[],"addons":[],"_links":{"self":[{"href":"https:\/\/www.huntersfriend.eu\/de\/wp-json\/wp\/v2\/product\/280046","targetHints":{"allow":["GET"]}}],"collection":[{"href":"https:\/\/www.huntersfriend.eu\/de\/wp-json\/wp\/v2\/product"}],"about":[{"href":"https:\/\/www.huntersfriend.eu\/de\/wp-json\/wp\/v2\/types\/product"}],"replies":[{"embeddable":true,"href":"https:\/\/www.huntersfriend.eu\/de\/wp-json\/wp\/v2\/comments?post=280046"}],"wp:featuredmedia":[{"embeddable":true,"href":"https:\/\/www.huntersfriend.eu\/de\/wp-json\/wp\/v2\/media\/275268"}],"wp:attachment":[{"href":"https:\/\/www.huntersfriend.eu\/de\/wp-json\/wp\/v2\/media?parent=280046"}],"wp:term":[{"taxonomy":"product_brand","embeddable":true,"href":"https:\/\/www.huntersfriend.eu\/de\/wp-json\/wp\/v2\/product_brand?post=280046"},{"taxonomy":"product_cat","embeddable":true,"href":"https:\/\/www.huntersfriend.eu\/de\/wp-json\/wp\/v2\/product_cat?post=280046"},{"taxonomy":"product_tag","embeddable":true,"href":"https:\/\/www.huntersfriend.eu\/de\/wp-json\/wp\/v2\/product_tag?post=280046"}],"curies":[{"name":"wp","href":"https:\/\/api.w.org\/{rel}","templated":true}]}}